{"id":2363,"date":"2024-05-24T16:40:24","date_gmt":"2024-05-24T14:40:24","guid":{"rendered":"https:\/\/www.ovive.fr\/loesungen\/"},"modified":"2026-02-18T16:18:41","modified_gmt":"2026-02-18T15:18:41","slug":"loesungen","status":"publish","type":"page","link":"https:\/\/www.ovive.fr\/de\/loesungen\/","title":{"rendered":"L\u00f6sungen"},"content":{"rendered":"\n<div style=\"height:100px\" aria-hidden=\"true\" class=\"wp-block-spacer\"><\/div>\n\n\n<div class=\"wp-block-wpseopress-breadcrumbs\"><nav  aria-label=\"Brotkrumen\"><ol class=\"breadcrumb\"><li class=\"breadcrumb-item active\" aria-current=\"page\"><span>Home<\/span><\/li><\/ol><\/nav><\/div>\n\n\n<div class=\"wp-block-columns is-layout-flex wp-container-core-columns-is-layout-28f84493 wp-block-columns-is-layout-flex\">\n<div class=\"wp-block-column is-layout-flow wp-block-column-is-layout-flow\" style=\"flex-basis:655px\">\n<h1 class=\"wp-block-heading has-bleu-nuit-color has-text-color has-link-color has-x-large-font-size wp-elements-59634815cecf5ef5b15e53b36f8ec0de\">Unsere L\u00f6sungen f\u00fcr die industrielle Wasseraufbereitung<\/h1>\n\n\n\n<p>Ovive bietet L\u00f6sungen, die auf Ihre spezifischen Bed\u00fcrfnisse zugeschnitten sind.Unser breites Spektrum an Berufen und Produkten passt sich an alle Situationen an und unterst\u00fctzt Sie bei der Erreichung Ihrer Ziele.<\/p>\n<\/div>\n\n\n\n<div class=\"wp-block-column is-layout-flow wp-block-column-is-layout-flow\"><\/div>\n<\/div>\n\n\n\n<div class=\"wp-block-media-text has-media-on-the-right is-stacked-on-mobile is-vertically-aligned-bottom\" style=\"grid-template-columns:auto 55%\"><div class=\"wp-block-media-text__content\">\n<h2 class=\"wp-block-heading has-bleu-nuit-color has-text-color has-link-color wp-elements-801c33810c44c895381679ec5aece309\" style=\"margin-top:0px;margin-bottom:0px\">Ihre Bed\u00fcrfnisse<\/h2>\n\n\n\n<p>Wir stehen Ihnen zur Seite, um die L\u00f6sung<br>zu finden, die Ihren Bed\u00fcrfnissen entspricht.<\/p>\n<\/div><figure class=\"wp-block-media-text__media\"><img loading=\"lazy\" decoding=\"async\" width=\"1024\" height=\"767\" src=\"https:\/\/www.ovive.fr\/wp-content\/uploads\/2024\/05\/DJI_0419-copie-1024x767.webp\" alt=\"\" class=\"wp-image-349 size-full\" srcset=\"https:\/\/www.ovive.fr\/wp-content\/uploads\/2024\/05\/DJI_0419-copie-1024x767.webp 1024w, https:\/\/www.ovive.fr\/wp-content\/uploads\/2024\/05\/DJI_0419-copie-300x225.webp 300w, https:\/\/www.ovive.fr\/wp-content\/uploads\/2024\/05\/DJI_0419-copie-768x575.webp 768w, https:\/\/www.ovive.fr\/wp-content\/uploads\/2024\/05\/DJI_0419-copie.webp 1200w\" sizes=\"auto, (max-width: 1024px) 100vw, 1024px\" \/><\/figure><\/div>\n\n\n\n<div style=\"height:30px\" aria-hidden=\"true\" class=\"wp-block-spacer qce-global__row-space-30\"><\/div>\n\n\n\n<div class=\"wp-block-query is-layout-flow wp-block-query-is-layout-flow\"><ul class=\"columns-1 qce-liste__sous-pages wp-block-post-template is-layout-grid wp-container-core-post-template-is-layout-1c0d5eec wp-block-post-template-is-layout-grid\"><li class=\"wp-block-post post-2466 solutions type-solutions status-publish has-post-thumbnail hentry\">\n<p style=\"margin-top:10px;margin-bottom:10px; text-transform:uppercase;\" class=\"has-link-color has-text-color has-bleu-nuit-color wp-block-post-title has-large-font-size\">\n    <a href=\"https:\/\/www.ovive.fr\/de\/bedurfnisse\/behandlung-von-industriewasser\/\" target=\"_self\">Behandlung von Industriewasser<\/a>\n<\/p>\n<\/li><li class=\"wp-block-post post-2416 solutions type-solutions status-publish has-post-thumbnail hentry\">\n<p style=\"margin-top:10px;margin-bottom:10px; text-transform:uppercase;\" class=\"has-link-color has-text-color has-bleu-nuit-color wp-block-post-title has-large-font-size\">\n    <a href=\"https:\/\/www.ovive.fr\/de\/bedurfnisse\/wiederverwendung-von-industriewasser\/\" target=\"_self\">Wiederverwendung von Industriewasser<\/a>\n<\/p>\n<\/li><li class=\"wp-block-post post-2437 solutions type-solutions status-publish has-post-thumbnail hentry\">\n<p style=\"margin-top:10px;margin-bottom:10px; text-transform:uppercase;\" class=\"has-link-color has-text-color has-bleu-nuit-color wp-block-post-title has-large-font-size\">\n    <a href=\"https:\/\/www.ovive.fr\/de\/bedurfnisse\/verwaltung-von-nebenprodukten\/\" target=\"_self\">Verwertung von Nebenprodukten<\/a>\n<\/p>\n<\/li><li class=\"wp-block-post post-2430 solutions type-solutions status-publish has-post-thumbnail hentry\">\n<p style=\"margin-top:10px;margin-bottom:10px; text-transform:uppercase;\" class=\"has-link-color has-text-color has-bleu-nuit-color wp-block-post-title has-large-font-size\">\n    <a href=\"https:\/\/www.ovive.fr\/de\/bedurfnisse\/behandlung-von-sickerwasser\/\" target=\"_self\">Behandlung von Sickerwasser<\/a>\n<\/p>\n<\/li><\/ul><\/div>\n\n\n\n<div class=\"wp-block-buttons is-layout-flex wp-block-buttons-is-layout-flex\" style=\"margin-top:30px\">\n<div class=\"wp-block-button is-style-outline is-style-outline--1\"><a class=\"wp-block-button__link wp-element-button\" href=\"\/de\/bedurfnisse\/procedes\/\">Alle unsere Verfahren<\/a><\/div>\n<\/div>\n\n\n\n<div style=\"height:80px\" aria-hidden=\"true\" class=\"wp-block-spacer qce-global__row-space-80\"><\/div>\n\n\n\n<div class=\"wp-block-media-text is-stacked-on-mobile is-vertically-aligned-bottom\" style=\"padding-top:0px;padding-right:0px;padding-bottom:0px;padding-left:0px;grid-template-columns:55% auto\"><figure class=\"wp-block-media-text__media\"><img loading=\"lazy\" decoding=\"async\" width=\"1024\" height=\"768\" src=\"https:\/\/www.ovive.fr\/wp-content\/uploads\/2024\/05\/container-exterieur1-copie-1024x768.webp\" alt=\"\" class=\"wp-image-351 size-full\" srcset=\"https:\/\/www.ovive.fr\/wp-content\/uploads\/2024\/05\/container-exterieur1-copie-1024x768.webp 1024w, https:\/\/www.ovive.fr\/wp-content\/uploads\/2024\/05\/container-exterieur1-copie-300x225.webp 300w, https:\/\/www.ovive.fr\/wp-content\/uploads\/2024\/05\/container-exterieur1-copie-768x576.webp 768w, https:\/\/www.ovive.fr\/wp-content\/uploads\/2024\/05\/container-exterieur1-copie.webp 1500w\" sizes=\"auto, (max-width: 1024px) 100vw, 1024px\" \/><\/figure><div class=\"wp-block-media-text__content\">\n<h2 class=\"wp-block-heading has-bleu-nuit-color has-text-color has-link-color wp-elements-f108c2a95a5bc0e19d133b2869d8bd91\">Unsere Berufe<\/h2>\n\n\n\n<p>Wir begleiten Sie in allen Phasen Ihres Projekts, von der Planung bis zum t\u00e4glichen Betrieb.<\/p>\n<\/div><\/div>\n\n\n\n<div style=\"height:30px\" aria-hidden=\"true\" class=\"wp-block-spacer qce-global__row-space-30\"><\/div>\n\n\n\n<div class=\"wp-block-query is-layout-flow wp-block-query-is-layout-flow\"><ul class=\"qce-liste__sous-pages wp-block-post-template is-layout-flow wp-container-core-post-template-is-layout-99abc081 wp-block-post-template-is-layout-flow\"><li class=\"wp-block-post post-2383 metiers type-metiers status-publish hentry\">\n<p style=\"margin-top:10px;margin-bottom:10px; text-transform:uppercase;\" class=\"has-link-color has-text-color has-bleu-nuit-color wp-block-post-title has-large-font-size\">\n    <a href=\"https:\/\/www.ovive.fr\/de\/berufe\/umfassende-dienstleistung-water-as-a-service\/\" target=\"_self\">Umfassende Dienstleistung (Water as a Service)<\/a>\n<\/p>\n<\/li><li class=\"wp-block-post post-2393 metiers type-metiers status-publish hentry\">\n<p style=\"margin-top:10px;margin-bottom:10px; text-transform:uppercase;\" class=\"has-link-color has-text-color has-bleu-nuit-color wp-block-post-title has-large-font-size\">\n    <a href=\"https:\/\/www.ovive.fr\/de\/berufe\/studien-und-pilotversuche\/\" target=\"_self\">Studien und Pilotversuche<\/a>\n<\/p>\n<\/li><li class=\"wp-block-post post-2389 metiers type-metiers status-publish hentry\">\n<p style=\"margin-top:10px;margin-bottom:10px; text-transform:uppercase;\" class=\"has-link-color has-text-color has-bleu-nuit-color wp-block-post-title has-large-font-size\">\n    <a href=\"https:\/\/www.ovive.fr\/de\/berufe\/entwurf-und-bau\/\" target=\"_self\">Planung und Bau<\/a>\n<\/p>\n<\/li><li class=\"wp-block-post post-2387 metiers type-metiers status-publish hentry\">\n<p style=\"margin-top:10px;margin-bottom:10px; text-transform:uppercase;\" class=\"has-link-color has-text-color has-bleu-nuit-color wp-block-post-title has-large-font-size\">\n    <a href=\"https:\/\/www.ovive.fr\/de\/berufe\/betrieb-und-wartung\/\" target=\"_self\">Betrieb und Wartung<\/a>\n<\/p>\n<\/li><li class=\"wp-block-post post-2384 metiers type-metiers status-publish hentry\">\n<p style=\"margin-top:10px;margin-bottom:10px; text-transform:uppercase;\" class=\"has-link-color has-text-color has-bleu-nuit-color wp-block-post-title has-large-font-size\">\n    <a href=\"https:\/\/www.ovive.fr\/de\/berufe\/miete-einer-mobilen-behandlungseinheit\/\" target=\"_self\">Miete einer mobilen Behandlungseinheit<\/a>\n<\/p>\n<\/li><\/ul><\/div>\n\n\n\n<div style=\"height:80px\" aria-hidden=\"true\" class=\"wp-block-spacer qce-global__row-space-80\"><\/div>\n\n\n\n<div class=\"wp-block-media-text has-media-on-the-right is-stacked-on-mobile is-vertically-aligned-bottom\" style=\"padding-top:0px;padding-right:0px;padding-bottom:0px;padding-left:0px;grid-template-columns:auto 55%\"><div class=\"wp-block-media-text__content\">\n<h2 class=\"wp-block-heading has-bleu-nuit-color has-text-color has-link-color wp-elements-b1fe1bb62b51fce15048839bf5bc1476\">Unsere Produkte<\/h2>\n\n\n\n<p>Bei Ovive bieten wir Ihnen eine vollst\u00e4ndige Palette<br>von Produkten, um den reibungslosen Betrieb<br>Ihrer Anlagen zu gew\u00e4hrleisten.<\/p>\n<\/div><figure class=\"wp-block-media-text__media\"><img loading=\"lazy\" decoding=\"async\" width=\"1024\" height=\"768\" src=\"https:\/\/www.ovive.fr\/wp-content\/uploads\/2024\/05\/20231019_114154-copie-1024x768.webp\" alt=\"\" class=\"wp-image-352 size-full\" srcset=\"https:\/\/www.ovive.fr\/wp-content\/uploads\/2024\/05\/20231019_114154-copie-1024x768.webp 1024w, https:\/\/www.ovive.fr\/wp-content\/uploads\/2024\/05\/20231019_114154-copie-300x225.webp 300w, https:\/\/www.ovive.fr\/wp-content\/uploads\/2024\/05\/20231019_114154-copie-768x576.webp 768w, https:\/\/www.ovive.fr\/wp-content\/uploads\/2024\/05\/20231019_114154-copie.webp 1200w\" sizes=\"auto, (max-width: 1024px) 100vw, 1024px\" \/><\/figure><\/div>\n\n\n\n<div style=\"height:30px\" aria-hidden=\"true\" class=\"wp-block-spacer qce-global__row-space-30\"><\/div>\n\n\n    <ul class=\"qce-liste__sous-pages wp-block-post-template is-layout-flow wp-container-core-post-template-is-layout-2 wp-block-post-template-is-layout-flow\">\n        \n\n            <li class=\"wp-block-post types-de-produits\" style=\"translate: none; rotate: none; scale: none; transform: translate(0px, 0px); opacity: 1;\">\n                <p style=\"margin-top:10px;margin-bottom:10px; text-transform:uppercase;\" class=\"has-link-color has-text-color has-bleu-nuit-color wp-block-post-title has-large-font-size\">\n                    <a href=\"https:\/\/www.ovive.fr\/de\/produkte\/biologische-zusatzstoffe\/\" target=\"_self\">Biologische Zusatzstoffe<\/a>\n                <\/p>\n            <\/li>\n\n\n\n        \n\n            <li class=\"wp-block-post types-de-produits\" style=\"translate: none; rotate: none; scale: none; transform: translate(0px, 0px); opacity: 1;\">\n                <p style=\"margin-top:10px;margin-bottom:10px; text-transform:uppercase;\" class=\"has-link-color has-text-color has-bleu-nuit-color wp-block-post-title has-large-font-size\">\n                    <a href=\"https:\/\/www.ovive.fr\/de\/produkte\/chemische-produkte\/\" target=\"_self\">Chemische Produkte<\/a>\n                <\/p>\n            <\/li>\n\n\n\n        \n\n            <li class=\"wp-block-post types-de-produits\" style=\"translate: none; rotate: none; scale: none; transform: translate(0px, 0px); opacity: 1;\">\n                <p style=\"margin-top:10px;margin-bottom:10px; text-transform:uppercase;\" class=\"has-link-color has-text-color has-bleu-nuit-color wp-block-post-title has-large-font-size\">\n                    <a href=\"https:\/\/www.ovive.fr\/de\/produkte\/filtermedien\/\" target=\"_self\">Filtermedien<\/a>\n                <\/p>\n            <\/li>\n\n\n\n        \n\n            <li class=\"wp-block-post types-de-produits\" style=\"translate: none; rotate: none; scale: none; transform: translate(0px, 0px); opacity: 1;\">\n                <p style=\"margin-top:10px;margin-bottom:10px; text-transform:uppercase;\" class=\"has-link-color has-text-color has-bleu-nuit-color wp-block-post-title has-large-font-size\">\n                    <a href=\"https:\/\/www.ovive.fr\/de\/produkte\/patronen-und-membranen\/\" target=\"_self\">Patronen und Membranen<\/a>\n                <\/p>\n            <\/li>\n\n\n\n            <\/ul>\n\n\n\n<div style=\"height:80px\" aria-hidden=\"true\" class=\"wp-block-spacer qce-global__row-space-80\"><\/div>\n\n\n\n<div class=\"wp-block-media-text is-stacked-on-mobile is-vertically-aligned-bottom is-image-fill\" style=\"padding-top:0px;padding-right:0px;padding-bottom:0px;padding-left:0px;grid-template-columns:55% auto\"><figure class=\"wp-block-media-text__media\" style=\"background-image:url(https:\/\/www.ovive.fr\/wp-content\/uploads\/2024\/05\/MARIE-ET-AMAURY-copie-1024x576.webp);background-position:50% 50%\"><img loading=\"lazy\" decoding=\"async\" width=\"1024\" height=\"576\" src=\"https:\/\/www.ovive.fr\/wp-content\/uploads\/2024\/05\/MARIE-ET-AMAURY-copie-1024x576.webp\" alt=\"\" class=\"wp-image-347 size-full\" srcset=\"https:\/\/www.ovive.fr\/wp-content\/uploads\/2024\/05\/MARIE-ET-AMAURY-copie-1024x576.webp 1024w, https:\/\/www.ovive.fr\/wp-content\/uploads\/2024\/05\/MARIE-ET-AMAURY-copie-300x169.webp 300w, https:\/\/www.ovive.fr\/wp-content\/uploads\/2024\/05\/MARIE-ET-AMAURY-copie-768x432.webp 768w, https:\/\/www.ovive.fr\/wp-content\/uploads\/2024\/05\/MARIE-ET-AMAURY-copie.webp 1200w\" sizes=\"auto, (max-width: 1024px) 100vw, 1024px\" \/><\/figure><div class=\"wp-block-media-text__content\">\n<p class=\"has-bleu-nuit-color has-text-color has-link-color has-x-large-font-size wp-elements-68d075258a9469824cf66bd0916bd348\" style=\"text-transform:uppercase\">ovive, <br\/>eine <br\/>Familiengeschichte<\/p>\n\n\n\n<p>Die Geschichte von Ovive ist ein industrielles und menschliches Abenteuer, gepr\u00e4gt von unternehmerischer Leidenschaft und Innovationen, die es dem Unternehmen erm\u00f6glichen, die Herausforderungen der Erhaltung unserer Ressourcen heute mit Ehrgeiz und Dynamik anzugehen.<br\/>Entdecken Sie die Innovationen und wichtigen Ereignisse, die die Identit\u00e4t von Ovive geformt haben.<\/p>\n\n\n\n<div class=\"wp-block-buttons is-horizontal is-nowrap is-layout-flex wp-container-core-buttons-is-layout-2487dcaa wp-block-buttons-is-layout-flex\">\n<div class=\"wp-block-button is-style-outline is-style-outline--2\"><a class=\"wp-block-button__link wp-element-button\" href=\"https:\/\/www.ovive.fr\/de\/ovive\/wer-sind-wir\/\">Wer sind wir?<\/a><\/div>\n\n\n\n<div class=\"wp-block-button is-style-fill\"><a class=\"wp-block-button__link wp-element-button\" href=\"https:\/\/www.ovive.fr\/de\/ovive\/unsere-agenturen\/\">Unsere Agenturen<\/a><\/div>\n<\/div>\n<\/div><\/div>\n","protected":false},"excerpt":{"rendered":"<p>Unsere L\u00f6sungen f\u00fcr die industrielle Wasseraufbereitung Ovive bietet L\u00f6sungen, die auf Ihre spezifischen Bed\u00fcrfnisse zugeschnitten sind.Unser breites Spektrum an Berufen und Produkten passt sich an alle Situationen an und unterst\u00fctzt Sie bei der Erreichung Ihrer Ziele. Ihre Bed\u00fcrfnisse Wir stehen Ihnen zur Seite, um die L\u00f6sungzu finden, die Ihren Bed\u00fcrfnissen entspricht. Unsere Berufe Wir begleiten [&hellip;]<\/p>\n","protected":false},"author":1,"featured_media":0,"parent":0,"menu_order":0,"comment_status":"closed","ping_status":"closed","template":"","meta":{"_acf_changed":false,"_seopress_robots_primary_cat":"","_seopress_titles_title":"L\u00f6sungen f\u00fcr die industrielle Wasseraufbereitung | Ovive GMBH","_seopress_titles_desc":"Ovive bietet L\u00f6sungen, die auf Ihre spezifischen Anforderungen und Ziele im Bereich der industriellen Abwasserbehandlung zugeschnitten sind.","_seopress_robots_index":"","footnotes":""},"class_list":["post-2363","page","type-page","status-publish","hentry"],"acf":[],"_links":{"self":[{"href":"https:\/\/www.ovive.fr\/de\/wp-json\/wp\/v2\/pages\/2363","targetHints":{"allow":["GET"]}}],"collection":[{"href":"https:\/\/www.ovive.fr\/de\/wp-json\/wp\/v2\/pages"}],"about":[{"href":"https:\/\/www.ovive.fr\/de\/wp-json\/wp\/v2\/types\/page"}],"author":[{"embeddable":true,"href":"https:\/\/www.ovive.fr\/de\/wp-json\/wp\/v2\/users\/1"}],"replies":[{"embeddable":true,"href":"https:\/\/www.ovive.fr\/de\/wp-json\/wp\/v2\/comments?post=2363"}],"version-history":[{"count":3,"href":"https:\/\/www.ovive.fr\/de\/wp-json\/wp\/v2\/pages\/2363\/revisions"}],"predecessor-version":[{"id":5041,"href":"https:\/\/www.ovive.fr\/de\/wp-json\/wp\/v2\/pages\/2363\/revisions\/5041"}],"wp:attachment":[{"href":"https:\/\/www.ovive.fr\/de\/wp-json\/wp\/v2\/media?parent=2363"}],"curies":[{"name":"wp","href":"https:\/\/api.w.org\/{rel}","templated":true}]}}