{"id":2365,"date":"2024-06-05T18:51:11","date_gmt":"2024-06-05T16:51:11","guid":{"rendered":"https:\/\/www.ovive.fr\/geschichte\/"},"modified":"2026-02-18T16:55:47","modified_gmt":"2026-02-18T15:55:47","slug":"geschichte","status":"publish","type":"page","link":"https:\/\/www.ovive.fr\/de\/ovive\/geschichte\/","title":{"rendered":"Geschichte"},"content":{"rendered":"\n<div class=\"wp-block-cover alignfull has-custom-content-position is-position-bottom-center qce-banner-full-width\" style=\"min-height:95vh;aspect-ratio:unset;\"><span aria-hidden=\"true\" class=\"wp-block-cover__background has-background-dim wp-block-cover__gradient-background has-background-gradient has-custom-gradient-1-gradient-background\"><\/span><img loading=\"lazy\" decoding=\"async\" width=\"1500\" height=\"970\" class=\"wp-block-cover__image-background wp-image-378\" alt=\"\" src=\"https:\/\/www.ovive.fr\/wp-content\/uploads\/2024\/06\/SMITOP-station-lagune-NB.webp\" data-object-fit=\"cover\" srcset=\"https:\/\/www.ovive.fr\/wp-content\/uploads\/2024\/06\/SMITOP-station-lagune-NB.webp 1500w, https:\/\/www.ovive.fr\/wp-content\/uploads\/2024\/06\/SMITOP-station-lagune-NB-300x194.webp 300w, https:\/\/www.ovive.fr\/wp-content\/uploads\/2024\/06\/SMITOP-station-lagune-NB-1024x662.webp 1024w, https:\/\/www.ovive.fr\/wp-content\/uploads\/2024\/06\/SMITOP-station-lagune-NB-768x497.webp 768w\" sizes=\"auto, (max-width: 1500px) 100vw, 1500px\" \/><div class=\"wp-block-cover__inner-container has-global-padding is-layout-constrained wp-block-cover-is-layout-constrained\">\n<h1 class=\"wp-block-heading has-text-align-left has-white-color has-text-color has-link-color has-x-large-font-size wp-elements-724c9c3f92b017462567f5408b5d0c90\">Entdecken Sie <br\/>unsere Geschichte<\/h1>\n\n\n<div class=\"wp-block-wpseopress-breadcrumbs\"><nav  aria-label=\"Brotkrumen\"><ol class=\"breadcrumb\"><li class=\"breadcrumb-item active\" aria-current=\"page\"><span>Home<\/span><\/li><\/ol><\/nav><\/div>\n\n\n<div class=\"wp-block-group has-global-padding is-content-justification-left is-layout-constrained wp-container-core-group-is-layout-748456b0 wp-block-group-is-layout-constrained\">\n<p>Die Geschichte von Ovive ist ein industrielles und menschliches Abenteuer, das von unternehmerischer Leidenschaft und Innovation gepr\u00e4gt ist.<br\/>Reisen Sie mit uns zur\u00fcck und entdecken Sie die Entwicklung von Ovive seit 1999.<\/p>\n<\/div>\n\n\n\n<div class=\"wp-block-buttons is-layout-flex wp-block-buttons-is-layout-flex\">\n<div class=\"wp-block-button is-style-outline is-style-outline--1\"><a class=\"wp-block-button__link wp-element-button\" href=\"#timeline-1999\">Geschichte durchsuchen<\/a><\/div>\n<\/div>\n<\/div><\/div>\n\n<div style=\"height:30px\" aria-hidden=\"true\" class=\"wp-block-spacer qce-global__row-space-30\"><\/div>\n\n<div class=\"wp-block-group alignfull qce-timeline is-nowrap is-layout-flex wp-container-core-group-is-layout-25f8314d wp-block-group-is-layout-flex\" style=\"padding-left:var(--wp--preset--spacing--50)\">\n<div class=\"wp-block-group qce-timeline__navigation has-global-padding is-layout-constrained wp-block-group-is-layout-constrained wp-container-2 is-position-sticky\">\n<div class=\"wp-block-buttons is-vertical is-content-justification-center is-layout-flex wp-container-core-buttons-is-layout-b6c1f246 wp-block-buttons-is-layout-flex\">\n<div class=\"wp-block-button\"><a class=\"wp-block-button__link wp-element-button\" href=\"#timeline-1999\" style=\"border-style:none;border-width:0px\">1999<\/a><\/div>\n\n\n\n<div class=\"wp-block-button\"><a class=\"wp-block-button__link wp-element-button\" href=\"#timeline-2001\" style=\"border-style:none;border-width:0px\">2001<\/a><\/div>\n\n\n\n<div class=\"wp-block-button\"><a class=\"wp-block-button__link wp-element-button\" href=\"#timeline-2016\" style=\"border-style:none;border-width:0px\">2016<\/a><\/div>\n\n\n\n<div class=\"wp-block-button\"><a class=\"wp-block-button__link wp-element-button\" href=\"#timeline-2017\" style=\"border-style:none;border-width:0px\">2017<\/a><\/div>\n\n\n\n<div class=\"wp-block-button\"><a class=\"wp-block-button__link wp-element-button\" href=\"#timeline-demain\" style=\"border-style:none;border-width:0px\">Morgen<\/a><\/div>\n<\/div>\n<\/div>\n\n\n\n<div class=\"wp-block-group qce-timeline__wrapper wp-container-content-9cfa9a5a is-layout-flow wp-block-group-is-layout-flow\" style=\"padding-top:0;padding-right:0;padding-bottom:0;padding-left:0\">\n<div class=\"wp-block-group qce-timeline__container wp-container-content-9cfa9a5a is-layout-flow wp-block-group-is-layout-flow\">\n<div class=\"wp-block-columns is-layout-flex wp-container-core-columns-is-layout-7fc3d43a wp-block-columns-is-layout-flex\" id=\"timeline-1999\">\n<div class=\"wp-block-column is-layout-flow wp-block-column-is-layout-flow\">\n<div class=\"wp-block-cover has-custom-content-position is-position-bottom-left\"><span aria-hidden=\"true\" class=\"wp-block-cover__background has-background-dim-0 has-background-dim\" style=\"background-color:#ba7c63\"><\/span><img loading=\"lazy\" decoding=\"async\" width=\"614\" height=\"745\" class=\"wp-block-cover__image-background wp-image-1194\" alt=\"\" src=\"https:\/\/www.ovive.fr\/wp-content\/uploads\/2024\/07\/Rectangle-63-4.webp\" data-object-fit=\"cover\" srcset=\"https:\/\/www.ovive.fr\/wp-content\/uploads\/2024\/07\/Rectangle-63-4.webp 614w, https:\/\/www.ovive.fr\/wp-content\/uploads\/2024\/07\/Rectangle-63-4-247x300.webp 247w\" sizes=\"auto, (max-width: 614px) 100vw, 614px\" \/><div class=\"wp-block-cover__inner-container has-global-padding is-layout-constrained wp-block-cover-is-layout-constrained\">\n<p class=\"has-text-align-left has-white-color has-text-color has-link-color has-x-large-font-size wp-elements-85f0d7660fc293b23bdf0718397d395e\" style=\"text-transform:uppercase\">Die Gr\u00fcndung<br\/>von ovive<\/p>\n\n\n\n<p class=\"has-white-color has-text-color has-link-color wp-elements-d00c7fbcfebae19fdd8b025e7de7f4b7\">Ovive wurde 1999 von Amaury BIERENT gegr\u00fcndet. Die erste Niederlassung wurde in Nordfrankreich er\u00f6ffnet, um den Betrieb der ersten Anlagen und die Verarbeitung der ersten Kubikmeter zu begleiten.<\/p>\n<\/div><\/div>\n<\/div>\n\n\n\n<div class=\"wp-block-column is-layout-flow wp-block-column-is-layout-flow\">\n<div class=\"wp-block-cover has-custom-content-position is-position-bottom-left\"><span aria-hidden=\"true\" class=\"wp-block-cover__background has-background-dim-0 has-background-dim\" style=\"background-color:#ba7c63\"><\/span><img loading=\"lazy\" decoding=\"async\" width=\"614\" height=\"745\" class=\"wp-block-cover__image-background wp-image-1193\" alt=\"\" src=\"https:\/\/www.ovive.fr\/wp-content\/uploads\/2024\/07\/Rectangle-63-1-1.webp\" data-object-fit=\"cover\" srcset=\"https:\/\/www.ovive.fr\/wp-content\/uploads\/2024\/07\/Rectangle-63-1-1.webp 614w, https:\/\/www.ovive.fr\/wp-content\/uploads\/2024\/07\/Rectangle-63-1-1-247x300.webp 247w\" sizes=\"auto, (max-width: 614px) 100vw, 614px\" \/><div class=\"wp-block-cover__inner-container has-global-padding is-layout-constrained wp-block-cover-is-layout-constrained\">\n<p class=\"has-text-align-left has-white-color has-text-color has-link-color has-x-large-font-size wp-elements-940d9276dd84fc917536890e58c1db58\" style=\"text-transform:uppercase\">ovive<br\/>aujourd\u2019hui<\/p>\n\n\n\n<p class=\"has-white-color has-text-color has-link-color wp-elements-72351b9fd8d573ee81c0e8dd86f61707\">Ovive betreibt heute mehr als 150 Anlagen und verwertet j\u00e4hrlich mehr als 2 Millionen Kubikmeter behandeltes Wasser oder f\u00fchrt es in die nat\u00fcrliche Umgebung zur\u00fcck.<\/p>\n<\/div><\/div>\n<\/div>\n<\/div>\n\n\n\n<div class=\"wp-block-columns is-layout-flex wp-container-core-columns-is-layout-7fc3d43a wp-block-columns-is-layout-flex\" id=\"timeline-2001\">\n<div class=\"wp-block-column is-layout-flow wp-block-column-is-layout-flow\">\n<div class=\"wp-block-cover is-light has-custom-content-position is-position-bottom-left\"><span aria-hidden=\"true\" class=\"wp-block-cover__background has-background-dim-0 has-background-dim\" style=\"background-color:#ba7c63\"><\/span><img loading=\"lazy\" decoding=\"async\" width=\"614\" height=\"745\" class=\"wp-block-cover__image-background wp-image-1196\" alt=\"\" src=\"https:\/\/www.ovive.fr\/wp-content\/uploads\/2024\/07\/HISTOIRE3.webp\" data-object-fit=\"cover\" srcset=\"https:\/\/www.ovive.fr\/wp-content\/uploads\/2024\/07\/HISTOIRE3.webp 614w, https:\/\/www.ovive.fr\/wp-content\/uploads\/2024\/07\/HISTOIRE3-247x300.webp 247w\" sizes=\"auto, (max-width: 614px) 100vw, 614px\" \/><div class=\"wp-block-cover__inner-container has-global-padding is-layout-constrained wp-block-cover-is-layout-constrained\">\n<p class=\"has-text-align-left has-white-color has-text-color has-link-color has-x-large-font-size wp-elements-9c566bb26d2e68ccd16282d8f38510a6\" style=\"text-transform:uppercase\">Die erste Herstellung<br\/>der Installation<\/p>\n\n\n\n<p class=\"has-white-color has-text-color has-link-color wp-elements-ea014d9dd20e2ad5120ac8f09dafd0fd\">Im Jahr 2000 f\u00fcgte Ovive seinem Bogen ein weiteres Seil<br\/>hinzu, indem er<br\/>seine erste Anlage &#8222;made in Ovive&#8220; entwarf und baute.<\/p>\n<\/div><\/div>\n<\/div>\n\n\n\n<div class=\"wp-block-column is-layout-flow wp-block-column-is-layout-flow\">\n<div class=\"wp-block-cover has-custom-content-position is-position-bottom-left\"><span aria-hidden=\"true\" class=\"wp-block-cover__background has-background-dim-0 has-background-dim\" style=\"background-color:#ba7c63\"><\/span><img loading=\"lazy\" decoding=\"async\" width=\"614\" height=\"745\" class=\"wp-block-cover__image-background wp-image-1195\" alt=\"\" src=\"https:\/\/www.ovive.fr\/wp-content\/uploads\/2024\/07\/histoire-4.webp\" data-object-fit=\"cover\" srcset=\"https:\/\/www.ovive.fr\/wp-content\/uploads\/2024\/07\/histoire-4.webp 614w, https:\/\/www.ovive.fr\/wp-content\/uploads\/2024\/07\/histoire-4-247x300.webp 247w\" sizes=\"auto, (max-width: 614px) 100vw, 614px\" \/><div class=\"wp-block-cover__inner-container has-global-padding is-layout-constrained wp-block-cover-is-layout-constrained\">\n<p class=\"has-text-align-left has-white-color has-text-color has-link-color has-x-large-font-size wp-elements-bacde3d765c67f8d653786c950c2b6be\" style=\"text-transform:uppercase\">Unsere Einrichtungen<br\/>von heute<\/p>\n\n\n\n<p class=\"has-white-color has-text-color has-link-color wp-elements-e00020a1304dacebb95391e70b181ee1\">Wir arbeiten weiterhin daran, unsere Anlagen immer leistungsf\u00e4higer, zuverl\u00e4ssiger und sicherer zu machen.Und immer mit unserer Vision und Mission als Betreiber!<\/p>\n<\/div><\/div>\n<\/div>\n<\/div>\n\n\n\n<div class=\"wp-block-columns is-layout-flex wp-container-core-columns-is-layout-7fc3d43a wp-block-columns-is-layout-flex\" id=\"timeline-2016\">\n<div class=\"wp-block-column is-layout-flow wp-block-column-is-layout-flow\">\n<div class=\"wp-block-cover has-custom-content-position is-position-bottom-left\"><span aria-hidden=\"true\" class=\"wp-block-cover__background has-background-dim-0 has-background-dim\" style=\"background-color:#ba7c63\"><\/span><img loading=\"lazy\" decoding=\"async\" width=\"614\" height=\"745\" class=\"wp-block-cover__image-background wp-image-1203\" alt=\"\" src=\"https:\/\/www.ovive.fr\/wp-content\/uploads\/2024\/07\/HISTOIRE-5.webp\" data-object-fit=\"cover\" srcset=\"https:\/\/www.ovive.fr\/wp-content\/uploads\/2024\/07\/HISTOIRE-5.webp 614w, https:\/\/www.ovive.fr\/wp-content\/uploads\/2024\/07\/HISTOIRE-5-247x300.webp 247w\" sizes=\"auto, (max-width: 614px) 100vw, 614px\" \/><div class=\"wp-block-cover__inner-container has-global-padding is-layout-constrained wp-block-cover-is-layout-constrained\">\n<p class=\"has-text-align-left has-white-color has-text-color has-link-color has-x-large-font-size wp-elements-5ef51c34b4349ba20cbe9e188e39b7d9\" style=\"text-transform:uppercase\">Verbreitung in ganz<br\/>Frankreich<\/p>\n\n\n\n<p class=\"has-white-color has-text-color has-link-color wp-elements-954004d559b89bb41ea989b77ed86a4c\">10 Jahre nach seiner Gr\u00fcndung ist Ovive in ganz Frankreich mit 11 Niederlassungen vertreten, die in unmittelbarer N\u00e4he zu den Kunden liegen.<\/p>\n<\/div><\/div>\n<\/div>\n\n\n\n<div class=\"wp-block-column is-layout-flow wp-block-column-is-layout-flow\">\n<div class=\"wp-block-cover has-custom-content-position is-position-bottom-left\"><span aria-hidden=\"true\" class=\"wp-block-cover__background has-background-dim-0 has-background-dim\" style=\"background-color:#ba7c63\"><\/span><img loading=\"lazy\" decoding=\"async\" width=\"614\" height=\"745\" class=\"wp-block-cover__image-background wp-image-1206\" alt=\"\" src=\"https:\/\/www.ovive.fr\/wp-content\/uploads\/2024\/07\/histoire-9.webp\" data-object-fit=\"cover\" srcset=\"https:\/\/www.ovive.fr\/wp-content\/uploads\/2024\/07\/histoire-9.webp 614w, https:\/\/www.ovive.fr\/wp-content\/uploads\/2024\/07\/histoire-9-247x300.webp 247w\" sizes=\"auto, (max-width: 614px) 100vw, 614px\" \/><div class=\"wp-block-cover__inner-container has-global-padding is-layout-constrained wp-block-cover-is-layout-constrained\">\n<p class=\"has-text-align-left has-white-color has-text-color has-link-color has-x-large-font-size wp-elements-a18925535c4c61bc191d19bd7535d5da\" style=\"text-transform:uppercase\">Ausstrahlung auf<br\/>international<\/p>\n\n\n\n<p class=\"has-white-color has-text-color has-link-color wp-elements-78bcfd04c4ffa51d0dafca5cd3940162\">Heute expandiert Ovive \u00fcber unsere Grenzen hinaus mit Niederlassungen in: Marokko, Togo, Serbien, Oman, den USA&#8230;<\/p>\n<\/div><\/div>\n<\/div>\n<\/div>\n\n\n\n<div class=\"wp-block-columns is-layout-flex wp-container-core-columns-is-layout-7fc3d43a wp-block-columns-is-layout-flex\" id=\"timeline-2017\">\n<div class=\"wp-block-column is-layout-flow wp-block-column-is-layout-flow\">\n<div class=\"wp-block-cover has-custom-content-position is-position-bottom-left\"><span aria-hidden=\"true\" class=\"wp-block-cover__background has-background-dim-0 has-background-dim\" style=\"background-color:#ba7c63\"><\/span><img loading=\"lazy\" decoding=\"async\" width=\"614\" height=\"745\" class=\"wp-block-cover__image-background wp-image-1202\" alt=\"\" src=\"https:\/\/www.ovive.fr\/wp-content\/uploads\/2024\/07\/HISTOIRE-8.webp\" data-object-fit=\"cover\" srcset=\"https:\/\/www.ovive.fr\/wp-content\/uploads\/2024\/07\/HISTOIRE-8.webp 614w, https:\/\/www.ovive.fr\/wp-content\/uploads\/2024\/07\/HISTOIRE-8-247x300.webp 247w\" sizes=\"auto, (max-width: 614px) 100vw, 614px\" \/><div class=\"wp-block-cover__inner-container has-global-padding is-layout-constrained wp-block-cover-is-layout-constrained\">\n<p class=\"has-text-align-left has-white-color has-text-color has-link-color has-x-large-font-size wp-elements-21d839eb047c8372ae36e04eed5314f6\" style=\"text-transform:uppercase\">Die ersten<br\/>Schritte in die Kreislaufwirtschaft<\/p>\n\n\n\n<p class=\"has-white-color has-text-color has-link-color wp-elements-f0c5eb31d464226ba72d3b55b96503d6\">Im Jahr 2016 wurde das erste Ovive-Projekt zur Wiederverwendung von aufbereitetem Industrieabwasser ins Leben gerufen, das aus dem Wunsch eines engagierten Kunden und dem Pioniergeist von Ovive entstand.<\/p>\n<\/div><\/div>\n<\/div>\n\n\n\n<div class=\"wp-block-column is-layout-flow wp-block-column-is-layout-flow\">\n<div class=\"wp-block-cover has-custom-content-position is-position-bottom-left\"><span aria-hidden=\"true\" class=\"wp-block-cover__background has-background-dim-0 has-background-dim\" style=\"background-color:#ba7c63\"><\/span><img loading=\"lazy\" decoding=\"async\" width=\"614\" height=\"745\" class=\"wp-block-cover__image-background wp-image-1205\" alt=\"\" src=\"https:\/\/www.ovive.fr\/wp-content\/uploads\/2024\/07\/histoire-7.webp\" data-object-fit=\"cover\" srcset=\"https:\/\/www.ovive.fr\/wp-content\/uploads\/2024\/07\/histoire-7.webp 614w, https:\/\/www.ovive.fr\/wp-content\/uploads\/2024\/07\/histoire-7-247x300.webp 247w\" sizes=\"auto, (max-width: 614px) 100vw, 614px\" \/><div class=\"wp-block-cover__inner-container has-global-padding is-layout-constrained wp-block-cover-is-layout-constrained\">\n<p class=\"has-text-align-left has-white-color has-text-color has-link-color has-x-large-font-size wp-elements-e4640348e3818894bf0ed9bf3df89d0c\" style=\"text-transform:uppercase\">Die gro\u00dfen Herausforderungen<br\/><br\/> Industrie<\/p>\n\n\n\n<p class=\"has-white-color has-text-color has-link-color wp-elements-3d0f61de08d035d613fb199e2c7c43c1\">Um den neuen Herausforderungen der Verf\u00fcgbarkeit von Wasserressourcen gerecht zu werden, stellt Ovive sein Fachwissen in der Wasseraufbereitung in den Dienst der Industrie und unterst\u00fctzt sie bei allen Projekten zur Wiederverwendung von aufbereitetem Abwasser.<\/p>\n<\/div><\/div>\n<\/div>\n<\/div>\n\n\n\n<div class=\"wp-block-columns is-layout-flex wp-container-core-columns-is-layout-7fc3d43a wp-block-columns-is-layout-flex\" id=\"timeline-demain\">\n<div class=\"wp-block-column is-layout-flow wp-block-column-is-layout-flow\">\n<div class=\"wp-block-cover has-custom-content-position is-position-bottom-left\"><span aria-hidden=\"true\" class=\"wp-block-cover__background has-background-dim-0 has-background-dim has-background-gradient has-custom-gradient-2-gradient-background\"><\/span><img loading=\"lazy\" decoding=\"async\" width=\"614\" height=\"745\" class=\"wp-block-cover__image-background wp-image-1201\" alt=\"\" src=\"https:\/\/www.ovive.fr\/wp-content\/uploads\/2024\/07\/HISTOIRE.webp\" style=\"object-position:48% 49%\" data-object-fit=\"cover\" data-object-position=\"48% 49%\" srcset=\"https:\/\/www.ovive.fr\/wp-content\/uploads\/2024\/07\/HISTOIRE.webp 614w, https:\/\/www.ovive.fr\/wp-content\/uploads\/2024\/07\/HISTOIRE-247x300.webp 247w\" sizes=\"auto, (max-width: 614px) 100vw, 614px\" \/><div class=\"wp-block-cover__inner-container has-global-padding is-layout-constrained wp-block-cover-is-layout-constrained\">\n<p class=\"has-text-align-left has-white-color has-text-color has-link-color has-x-large-font-size wp-elements-503cd4e69cfef61298c912834cb61d52\" style=\"text-transform:uppercase\">Die neue Generation<\/p>\n\n\n\n<p class=\"has-white-color has-text-color has-link-color wp-elements-1986646d73fabfaeaae490e47f89e493\">Im Jahr 2021 hat Marie BIERENT die Leitung des Familienunternehmens \u00fcbernommen, um den Fortbestand des Unternehmens zu sichern.\nDie beiden Generationen bringen ihre Energie und ihre Liebe zur Umwelt ein. <\/p>\n<\/div><\/div>\n<\/div>\n\n\n\n<div class=\"wp-block-column is-layout-flow wp-block-column-is-layout-flow\">\n<div class=\"wp-block-cover has-custom-content-position is-position-bottom-left\"><span aria-hidden=\"true\" class=\"wp-block-cover__background has-background-dim-0 has-background-dim\" style=\"background-color:#ba7c63\"><\/span><img loading=\"lazy\" decoding=\"async\" width=\"614\" height=\"745\" class=\"wp-block-cover__image-background wp-image-1204\" alt=\"\" src=\"https:\/\/www.ovive.fr\/wp-content\/uploads\/2024\/07\/HISTOIRE-6.webp\" data-object-fit=\"cover\" srcset=\"https:\/\/www.ovive.fr\/wp-content\/uploads\/2024\/07\/HISTOIRE-6.webp 614w, https:\/\/www.ovive.fr\/wp-content\/uploads\/2024\/07\/HISTOIRE-6-247x300.webp 247w\" sizes=\"auto, (max-width: 614px) 100vw, 614px\" \/><div class=\"wp-block-cover__inner-container has-global-padding is-layout-constrained wp-block-cover-is-layout-constrained\">\n<p class=\"has-text-align-left has-white-color has-text-color has-link-color has-x-large-font-size wp-elements-0442118d04ef1a9319f97db11258b5a6\" style=\"text-transform:uppercase\">morgen<\/p>\n\n\n\n<p class=\"has-white-color has-text-color has-link-color wp-elements-b234f89fffcab2b855109720d9948496\">Das st\u00e4ndige Streben nach Innovation und ein starker CSR-Ansatz stehen im Mittelpunkt unseres Gesch\u00e4fts und unserer Entwicklungen.<br\/>Unsere Ovive-Teams bauen jeden Tag das Ovive von morgen, werden Sie Teil des Abenteuers!<\/p>\n<\/div><\/div>\n<\/div>\n<\/div>\n<\/div>\n<\/div>\n<\/div>\n","protected":false},"excerpt":{"rendered":"","protected":false},"author":1,"featured_media":0,"parent":2367,"menu_order":0,"comment_status":"closed","ping_status":"closed","template":"","meta":{"_acf_changed":false,"_seopress_robots_primary_cat":"","_seopress_titles_title":"Entdecken Sie unsere Geschichte |\u00a0Ovive GMBH","_seopress_titles_desc":"Tauchen Sie ein in die Geschichte von Ovive und verfolgen Sie unsere Entwicklung zu einem f\u00fchrenden Unternehmen in der Behandlung industrieller Abw\u00e4sser.","_seopress_robots_index":"","footnotes":""},"class_list":["post-2365","page","type-page","status-publish","hentry"],"acf":[],"_links":{"self":[{"href":"https:\/\/www.ovive.fr\/de\/wp-json\/wp\/v2\/pages\/2365","targetHints":{"allow":["GET"]}}],"collection":[{"href":"https:\/\/www.ovive.fr\/de\/wp-json\/wp\/v2\/pages"}],"about":[{"href":"https:\/\/www.ovive.fr\/de\/wp-json\/wp\/v2\/types\/page"}],"author":[{"embeddable":true,"href":"https:\/\/www.ovive.fr\/de\/wp-json\/wp\/v2\/users\/1"}],"replies":[{"embeddable":true,"href":"https:\/\/www.ovive.fr\/de\/wp-json\/wp\/v2\/comments?post=2365"}],"version-history":[{"count":2,"href":"https:\/\/www.ovive.fr\/de\/wp-json\/wp\/v2\/pages\/2365\/revisions"}],"predecessor-version":[{"id":5046,"href":"https:\/\/www.ovive.fr\/de\/wp-json\/wp\/v2\/pages\/2365\/revisions\/5046"}],"up":[{"embeddable":true,"href":"https:\/\/www.ovive.fr\/de\/wp-json\/wp\/v2\/pages\/2367"}],"wp:attachment":[{"href":"https:\/\/www.ovive.fr\/de\/wp-json\/wp\/v2\/media?parent=2365"}],"curies":[{"name":"wp","href":"https:\/\/api.w.org\/{rel}","templated":true}]}}