{"id":2376,"date":"2024-05-28T17:21:06","date_gmt":"2024-05-28T15:21:06","guid":{"rendered":"https:\/\/www.ovive.fr\/ovive\/unsere-verpflichtungen\/"},"modified":"2026-02-18T16:54:47","modified_gmt":"2026-02-18T15:54:47","slug":"unsere-verpflichtungen","status":"publish","type":"page","link":"https:\/\/www.ovive.fr\/de\/ovive\/unsere-verpflichtungen\/","title":{"rendered":"Unsere Verpflichtungen"},"content":{"rendered":"\n<div style=\"height:100px\" aria-hidden=\"true\" class=\"wp-block-spacer\"><\/div>\n<div class=\"wp-block-wpseopress-breadcrumbs\"><nav  aria-label=\"Brotkrumen\"><ol class=\"breadcrumb\"><li class=\"breadcrumb-item active\" aria-current=\"page\"><span>Home<\/span><\/li><\/ol><\/nav><\/div>\n<h1 class=\"wp-block-heading has-bleu-nuit-color has-text-color has-link-color has-xx-large-font-size wp-elements-233424c11db58896fc2f8e4ee07ee200\">Unsere Verpflichtungen<\/h1>\n\n<h2 class=\"wp-block-heading has-bleu-nuit-color has-text-color has-link-color wp-elements-b0e8fe77d08f8cdb8b4fd1581cfc56ba\">Eine Welt zu schaffen, in der <mark style=\"background-color:rgba(0, 0, 0, 0)\" class=\"has-inline-color has-jaune-color\">die Technologie<\/mark> <mark style=\"background-color:rgba(0, 0, 0, 0)\" class=\"has-inline-color has-jaune-color\">dem Menschen dient<\/mark>, <mark style=\"background-color:rgba(0, 0, 0, 0)\" class=\"has-inline-color has-jaune-color\">seine Sicherheit<\/mark> gew\u00e4hrleistet und <mark style=\"background-color:rgba(0, 0, 0, 0)\" class=\"has-inline-color has-jaune-color\">die Umwelt respektiert<\/mark>.<\/h2>\n\n<div style=\"height:30px\" aria-hidden=\"true\" class=\"wp-block-spacer qce-global__row-space-30\"><\/div>\n\n<div class=\"wp-block-cover alignfull has-custom-content-position is-position-bottom-center qce-banner-full-width\" style=\"min-height:650px;aspect-ratio:unset;\"><span aria-hidden=\"true\" class=\"wp-block-cover__background has-background-dim wp-block-cover__gradient-background has-background-gradient has-custom-gradient-3-gradient-background\"><\/span><img loading=\"lazy\" decoding=\"async\" width=\"1200\" height=\"800\" class=\"wp-block-cover__image-background wp-image-375\" alt=\"\" src=\"https:\/\/www.ovive.fr\/wp-content\/uploads\/2024\/06\/2024-03-Ovive-034.webp\" data-object-fit=\"cover\" srcset=\"https:\/\/www.ovive.fr\/wp-content\/uploads\/2024\/06\/2024-03-Ovive-034.webp 1200w, https:\/\/www.ovive.fr\/wp-content\/uploads\/2024\/06\/2024-03-Ovive-034-300x200.webp 300w, https:\/\/www.ovive.fr\/wp-content\/uploads\/2024\/06\/2024-03-Ovive-034-1024x683.webp 1024w, https:\/\/www.ovive.fr\/wp-content\/uploads\/2024\/06\/2024-03-Ovive-034-768x512.webp 768w\" sizes=\"auto, (max-width: 1200px) 100vw, 1200px\" \/><div class=\"wp-block-cover__inner-container has-global-padding is-layout-constrained wp-block-cover-is-layout-constrained\">\n<h2 class=\"wp-block-heading has-white-color has-text-color has-link-color wp-elements-2f0bebb2ab0ab5609c5737b888e26947\">Die Sicherheit aller, <br\/>unsere Priorit\u00e4t<\/h2>\n\n\n\n<div class=\"wp-block-group has-global-padding is-content-justification-left is-layout-constrained wp-container-core-group-is-layout-404eed5b wp-block-group-is-layout-constrained\">\n<p class=\"has-white-color has-text-color has-link-color wp-elements-e11fb3cd23a7bf5702d89db848523126\">Unsere wichtigste Verpflichtung ist es, unseren Mitarbeitern, Subunternehmern<br\/>und Kunden t\u00e4glich ein H\u00f6chstma\u00df an Sicherheit zu bieten.\nWir verpflichten uns, bei unseren Sicherheitszielen ehrgeizig zu sein und die Mittel, Ma\u00dfnahmen und das Engagement bereitzustellen, die f\u00fcr die Umsetzung unserer Sicherheitspolitik erforderlich sind.<br\/>Bei der Umsetzung unserer Ambitionen sind unsere Mitarbeiter unsere wertvollste Ressource.<br\/>Die Sicherheit aller ist unsere Priorit\u00e4t.   <\/p>\n<\/div>\n<\/div><\/div>\n\n<div style=\"height:30px\" aria-hidden=\"true\" class=\"wp-block-spacer qce-global__row-space-30\"><\/div>\n\n<div class=\"wp-block-cover alignfull has-custom-content-position is-position-bottom-center qce-banner-full-width\" style=\"min-height:650px;aspect-ratio:unset;\"><span aria-hidden=\"true\" class=\"wp-block-cover__background has-background-dim wp-block-cover__gradient-background has-background-gradient has-custom-gradient-3-gradient-background\"><\/span><img loading=\"lazy\" decoding=\"async\" width=\"1900\" height=\"1069\" class=\"wp-block-cover__image-background wp-image-1081\" alt=\"\" src=\"https:\/\/www.ovive.fr\/wp-content\/uploads\/2024\/07\/Rectangle-68_1.webp\" data-object-fit=\"cover\" srcset=\"https:\/\/www.ovive.fr\/wp-content\/uploads\/2024\/07\/Rectangle-68_1.webp 1900w, https:\/\/www.ovive.fr\/wp-content\/uploads\/2024\/07\/Rectangle-68_1-300x169.webp 300w, https:\/\/www.ovive.fr\/wp-content\/uploads\/2024\/07\/Rectangle-68_1-1024x576.webp 1024w, https:\/\/www.ovive.fr\/wp-content\/uploads\/2024\/07\/Rectangle-68_1-768x432.webp 768w, https:\/\/www.ovive.fr\/wp-content\/uploads\/2024\/07\/Rectangle-68_1-1536x864.webp 1536w\" sizes=\"auto, (max-width: 1900px) 100vw, 1900px\" \/><div class=\"wp-block-cover__inner-container has-global-padding is-layout-constrained wp-block-cover-is-layout-constrained\">\n<h2 class=\"wp-block-heading has-white-color has-text-color has-link-color wp-elements-5ba1f8a1e88ebddbf2cf1c184328fd5f\">Die Umwelt, <br\/>unsere Existenzberechtigung<\/h2>\n\n\n\n<div class=\"wp-block-group has-global-padding is-content-justification-left is-layout-constrained wp-container-core-group-is-layout-404eed5b wp-block-group-is-layout-constrained\">\n<p class=\"has-white-color has-text-color has-link-color wp-elements-7735291ec7091e7c54adb22cbbd84d9d\">Ovive setzt sich seit mehr als 25 Jahren f\u00fcr die Erhaltung der Umwelt ein, indem wir ihr<br\/>ihre eigenen Ressourcen zur\u00fcckgeben.\nUnsere Mission ist die Erhaltung der Wasserressourcen.<br\/>Angesichts der \u00f6kologischen und gesellschaftlichen Herausforderungen m\u00fcssen unsere Gewohnheiten neu erfunden werden.<br\/>Aus diesem Grund engagiert sich Ovive f\u00fcr die Minimierung des CO2-Aussto\u00dfes.\nDa dies eine gro\u00dfe Aufgabe ist,<br\/>ist es uns ein Anliegen, Projekte und Unternehmen zu unterst\u00fctzen, die einen Einfluss auf die Umwelt haben<br\/>im Umweltsektor.  <\/p>\n<\/div>\n<\/div><\/div>\n\n<div style=\"height:30px\" aria-hidden=\"true\" class=\"wp-block-spacer qce-global__row-space-30\"><\/div>\n\n<div class=\"wp-block-cover alignfull has-custom-content-position is-position-bottom-center qce-banner-full-width\" style=\"min-height:650px;aspect-ratio:unset;\"><span aria-hidden=\"true\" class=\"wp-block-cover__background has-background-dim wp-block-cover__gradient-background has-background-gradient has-custom-gradient-3-gradient-background\"><\/span><img loading=\"lazy\" decoding=\"async\" width=\"1200\" height=\"800\" class=\"wp-block-cover__image-background wp-image-377\" alt=\"\" src=\"https:\/\/www.ovive.fr\/wp-content\/uploads\/2024\/06\/2024-03-Ovive-032.webp\" data-object-fit=\"cover\" srcset=\"https:\/\/www.ovive.fr\/wp-content\/uploads\/2024\/06\/2024-03-Ovive-032.webp 1200w, https:\/\/www.ovive.fr\/wp-content\/uploads\/2024\/06\/2024-03-Ovive-032-300x200.webp 300w, https:\/\/www.ovive.fr\/wp-content\/uploads\/2024\/06\/2024-03-Ovive-032-1024x683.webp 1024w, https:\/\/www.ovive.fr\/wp-content\/uploads\/2024\/06\/2024-03-Ovive-032-768x512.webp 768w\" sizes=\"auto, (max-width: 1200px) 100vw, 1200px\" \/><div class=\"wp-block-cover__inner-container has-global-padding is-layout-constrained wp-block-cover-is-layout-constrained\">\n<h2 class=\"wp-block-heading has-white-color has-text-color has-link-color wp-elements-926909eb03db5ae9f3291e44e5715cff\">Qualit\u00e4t, <br\/>unser Fahrplan<\/h2>\n\n\n\n<div class=\"wp-block-group has-global-padding is-content-justification-left is-layout-constrained wp-container-core-group-is-layout-404eed5b wp-block-group-is-layout-constrained\">\n<p class=\"has-white-color has-text-color has-link-color wp-elements-ab0cb3f7eed72b2cd6006a3dece952c0\">Wir sind von der Qualit\u00e4t unserer Anlagen \u00fcberzeugt, dank unserer Werkzeuge, unserer Teams<br\/>und unserer Anforderungen.\nJeden Tag setzen wir die besten Methoden ein, um sicherzustellen, dass<br\/>eine Anlage auf h\u00f6chstem Niveau durch kontinuierliche Kontrolle und Fern\u00fcberwachung betreibt.<br\/>Unsere internen Labors erm\u00f6glichen es uns, die Qualit\u00e4t unseres Abwassers st\u00e4ndig zu gew\u00e4hrleisten.<br\/>Wir k\u00f6nnen heute auf unseren industriellen Erfolg aufbauen, um unser Qualit\u00e4tsniveau immer weiter zu steigern<br\/>. <\/p>\n<\/div>\n<\/div><\/div>\n\n<div style=\"height:30px\" aria-hidden=\"true\" class=\"wp-block-spacer qce-global__row-space-30\"><\/div>\n\n<div class=\"wp-block-cover alignfull has-custom-content-position is-position-bottom-center qce-banner-full-width\" style=\"min-height:650px;aspect-ratio:unset;\"><span aria-hidden=\"true\" class=\"wp-block-cover__background has-background-dim wp-block-cover__gradient-background has-background-gradient has-custom-gradient-1-gradient-background\"><\/span><img loading=\"lazy\" decoding=\"async\" width=\"1500\" height=\"970\" class=\"wp-block-cover__image-background wp-image-378\" alt=\"\" src=\"https:\/\/www.ovive.fr\/wp-content\/uploads\/2024\/06\/SMITOP-station-lagune-NB.webp\" data-object-fit=\"cover\" srcset=\"https:\/\/www.ovive.fr\/wp-content\/uploads\/2024\/06\/SMITOP-station-lagune-NB.webp 1500w, https:\/\/www.ovive.fr\/wp-content\/uploads\/2024\/06\/SMITOP-station-lagune-NB-300x194.webp 300w, https:\/\/www.ovive.fr\/wp-content\/uploads\/2024\/06\/SMITOP-station-lagune-NB-1024x662.webp 1024w, https:\/\/www.ovive.fr\/wp-content\/uploads\/2024\/06\/SMITOP-station-lagune-NB-768x497.webp 768w\" sizes=\"auto, (max-width: 1500px) 100vw, 1500px\" \/><div class=\"wp-block-cover__inner-container has-global-padding is-layout-constrained wp-block-cover-is-layout-constrained\">\n<h2 class=\"wp-block-heading has-text-align-left has-white-color has-text-color has-link-color has-x-large-font-size wp-elements-b623c08985f205eb7043f6c0a6ac4370\">an Ihrer Seite <br\/>seit 1999<\/h2>\n\n\n\n<p class=\"has-white-color has-text-color has-link-color wp-elements-50cb6547ede34cfd5b0fbb7f8f21e70d\">Wir sind seit \u00fcber 25 Jahren ein wichtiger Akteur in der Behandlung von Industriewasser und Sickerwasser, <br\/>, und reagieren auf Umweltprobleme.<\/p>\n\n\n\n<div class=\"wp-block-buttons is-layout-flex wp-block-buttons-is-layout-flex\">\n<div class=\"wp-block-button is-style-outline is-style-outline--1\"><a class=\"wp-block-button__link wp-element-button\" href=\"https:\/\/www.ovive.fr\/de\/ovive\/wer-sind-wir\/\">Entdecken Sie Ovive<\/a><\/div>\n<\/div>\n<\/div><\/div>\n\n<div style=\"height:80px\" aria-hidden=\"true\" class=\"wp-block-spacer qce-global__row-space-80\"><\/div>\n\n<p class=\"has-bleu-nuit-color has-text-color has-link-color has-x-large-font-size wp-elements-167c10fd903fd9d14993367641d1c23f\" style=\"text-transform:uppercase\">Wir erf\u00fcllen die operativen Anforderungen Ihres Unternehmens <br\/><\/p>\n\n<p>Wir stehen Ihnen zur Seite, um die richtige L\u00f6sung f\u00fcr Ihre Bed\u00fcrfnisse zu finden.<\/p>\n\n<div class=\"wp-block-buttons is-layout-flex wp-block-buttons-is-layout-flex\">\n<div class=\"wp-block-button open-popup bouton_contact\"><a class=\"wp-block-button__link wp-element-button\">Tauschen Sie sich mit uns aus<\/a><\/div>\n<\/div>\n\n<div style=\"height:30px\" aria-hidden=\"true\" class=\"wp-block-spacer qce-global__row-space-30\"><\/div>\n\n<div class=\"wp-block-query is-layout-flow wp-block-query-is-layout-flow\"><ul class=\"qce-liste__sous-pages wp-block-post-template is-layout-flow wp-container-core-post-template-is-layout-99abc081 wp-block-post-template-is-layout-flow\"><li class=\"wp-block-post post-2383 metiers type-metiers status-publish hentry\">\n<p style=\"margin-top:10px;margin-bottom:10px; text-transform:uppercase;\" class=\"has-link-color has-text-color has-bleu-nuit-color wp-block-post-title has-large-font-size\">\n    <a href=\"https:\/\/www.ovive.fr\/de\/berufe\/umfassende-dienstleistung-water-as-a-service\/\" target=\"_self\">Umfassende Dienstleistung (Water as a Service)<\/a>\n<\/p>\n<\/li><li class=\"wp-block-post post-2393 metiers type-metiers status-publish hentry\">\n<p style=\"margin-top:10px;margin-bottom:10px; text-transform:uppercase;\" class=\"has-link-color has-text-color has-bleu-nuit-color wp-block-post-title has-large-font-size\">\n    <a href=\"https:\/\/www.ovive.fr\/de\/berufe\/studien-und-pilotversuche\/\" target=\"_self\">Studien und Pilotversuche<\/a>\n<\/p>\n<\/li><li class=\"wp-block-post post-2389 metiers type-metiers status-publish hentry\">\n<p style=\"margin-top:10px;margin-bottom:10px; text-transform:uppercase;\" class=\"has-link-color has-text-color has-bleu-nuit-color wp-block-post-title has-large-font-size\">\n    <a href=\"https:\/\/www.ovive.fr\/de\/berufe\/entwurf-und-bau\/\" target=\"_self\">Planung und Bau<\/a>\n<\/p>\n<\/li><li class=\"wp-block-post post-2387 metiers type-metiers status-publish hentry\">\n<p style=\"margin-top:10px;margin-bottom:10px; text-transform:uppercase;\" class=\"has-link-color has-text-color has-bleu-nuit-color wp-block-post-title has-large-font-size\">\n    <a href=\"https:\/\/www.ovive.fr\/de\/berufe\/betrieb-und-wartung\/\" target=\"_self\">Betrieb und Wartung<\/a>\n<\/p>\n<\/li><li class=\"wp-block-post post-2384 metiers type-metiers status-publish hentry\">\n<p style=\"margin-top:10px;margin-bottom:10px; text-transform:uppercase;\" class=\"has-link-color has-text-color has-bleu-nuit-color wp-block-post-title has-large-font-size\">\n    <a href=\"https:\/\/www.ovive.fr\/de\/berufe\/miete-einer-mobilen-behandlungseinheit\/\" target=\"_self\">Miete einer mobilen Behandlungseinheit<\/a>\n<\/p>\n<\/li><\/ul><\/div>\n","protected":false},"excerpt":{"rendered":"<p>Unsere Verpflichtungen Eine Welt zu schaffen, in der die Technologie dem Menschen dient, seine Sicherheit gew\u00e4hrleistet und die Umwelt respektiert. Wir erf\u00fcllen die operativen Anforderungen Ihres Unternehmens Wir stehen Ihnen zur Seite, um die richtige L\u00f6sung f\u00fcr Ihre Bed\u00fcrfnisse zu finden.<\/p>\n","protected":false},"author":1,"featured_media":0,"parent":2367,"menu_order":0,"comment_status":"closed","ping_status":"closed","template":"","meta":{"_acf_changed":false,"_seopress_robots_primary_cat":"","_seopress_titles_title":"Unsere Verpflichtungen |\u00a0Ovive GMBH","_seopress_titles_desc":"Ovive hat sich verpflichtet, sichere und umweltfreundliche L\u00f6sungen f\u00fcr die Behandlung von Industrieabw\u00e4ssern anzubieten. Erfahren Sie mehr \u00fcber unsere Verpflichtungen.","_seopress_robots_index":"","footnotes":""},"class_list":["post-2376","page","type-page","status-publish","hentry"],"acf":[],"_links":{"self":[{"href":"https:\/\/www.ovive.fr\/de\/wp-json\/wp\/v2\/pages\/2376","targetHints":{"allow":["GET"]}}],"collection":[{"href":"https:\/\/www.ovive.fr\/de\/wp-json\/wp\/v2\/pages"}],"about":[{"href":"https:\/\/www.ovive.fr\/de\/wp-json\/wp\/v2\/types\/page"}],"author":[{"embeddable":true,"href":"https:\/\/www.ovive.fr\/de\/wp-json\/wp\/v2\/users\/1"}],"replies":[{"embeddable":true,"href":"https:\/\/www.ovive.fr\/de\/wp-json\/wp\/v2\/comments?post=2376"}],"version-history":[{"count":3,"href":"https:\/\/www.ovive.fr\/de\/wp-json\/wp\/v2\/pages\/2376\/revisions"}],"predecessor-version":[{"id":5044,"href":"https:\/\/www.ovive.fr\/de\/wp-json\/wp\/v2\/pages\/2376\/revisions\/5044"}],"up":[{"embeddable":true,"href":"https:\/\/www.ovive.fr\/de\/wp-json\/wp\/v2\/pages\/2367"}],"wp:attachment":[{"href":"https:\/\/www.ovive.fr\/de\/wp-json\/wp\/v2\/media?parent=2376"}],"curies":[{"name":"wp","href":"https:\/\/api.w.org\/{rel}","templated":true}]}}