{"id":3257,"date":"2024-05-21T10:42:45","date_gmt":"2024-05-21T08:42:45","guid":{"rendered":"https:\/\/www.ovive.fr\/datenschutzrichtlinie\/"},"modified":"2024-11-07T16:23:46","modified_gmt":"2024-11-07T15:23:46","slug":"datenschutzrichtlinie","status":"publish","type":"page","link":"https:\/\/www.ovive.fr\/de\/datenschutzrichtlinie\/","title":{"rendered":"Datenschutzrichtlinie"},"content":{"rendered":"\n<div class=\"wp-block-group has-global-padding is-layout-constrained wp-container-core-group-is-layout-57888d4d wp-block-group-is-layout-constrained\" style=\"padding-top:var(--wp--preset--spacing--80);padding-right:1em;padding-bottom:var(--wp--preset--spacing--80);padding-left:1em\">\n<h1 class=\"wp-block-heading\">Datenschutzrichtlinie<\/h1>\n\n\n\n<p class=\"has-marron-color has-text-color has-link-color wp-elements-b9b473755dc11667abbf8a8fe0e80fd6\">Die Privatsph\u00e4re der Besucher unserer Website ist uns sehr wichtig und wir verpflichten uns, diese zu sch\u00fctzen. Diese Richtlinie beschreibt im Einzelnen, was wir mit Ihren pers\u00f6nlichen Daten tun.<br\/>Unser DPO ist Louis Boulagnon, der per E-Mail unter bonjour@la-quincaillerie.fr erreichbar ist. <\/p>\n\n\n\n<h2 class=\"wp-block-heading\">Definitionen<\/h2>\n\n\n\n<ul class=\"wp-block-list\">\n<li>Der Herausgeber: <mark>OVIVE<\/mark>, mit der SIREN-Nummer: SECLIN.<strong><mark> <\/mark><\/strong><mark>423999085,<\/mark> und der Firmensitz ist 10 RUE DE LORIVAL 59113 SECLIN .<\/li>\n\n\n\n<li>Die URL der Website ist https:\/\/www.ovive.fr\/<\/li>\n\n\n\n<li>Die Website: Die Gesamtheit der Websites, Internetseiten und Online-Dienste, die vom Herausgeber angeboten werden.<\/li>\n\n\n\n<li>Benutzer: Die Person, die die Website und die Dienstleistungen nutzt.<\/li>\n<\/ul>\n\n\n\n<h2 class=\"wp-block-heading\">Art der gesammelten Daten<\/h2>\n\n\n\n<p><strong>Im Rahmen der Nutzung der Webseiten kann der Herausgeber die folgenden Kategorien von Daten \u00fcber seine Nutzer sammeln:<\/strong><\/p>\n\n\n\n<ul class=\"wp-block-list\">\n<li>Personenstands-, Identit\u00e4ts-, Identifikationsdaten&#8230;<\/li>\n\n\n\n<li>Pers\u00f6nliche Daten (Lebensgewohnheiten, Familienstand, &#8230;, au\u00dfer sensible oder gef\u00e4hrliche Daten)<\/li>\n\n\n\n<li>Daten \u00fcber das Berufsleben (Lebenslauf, Schulbildung, Berufsausbildung, Auszeichnungen&#8230;)<\/li>\n\n\n\n<li>Wirtschaftliche und finanzielle Informationen (Einkommen, finanzielle Situation, steuerliche Situation&#8230;)<\/li>\n\n\n\n<li>Verbindungsdaten (IP-Adressen, Ereignisprotokolle, verwendeter Browser&#8230;)<\/li>\n\n\n\n<li>Standortdaten (Reise-, GPS-, GSM-Daten&#8230;)<\/li>\n\n\n\n<li>Daten aus der Verwendung von Cookies, denen Sie zugestimmt haben. Weitere Informationen finden Sie in unserer Cookie-Richtlinie (&#8222;Link zur Cookie-Richtlinie einf\u00fcgen&#8220;).<\/li>\n<\/ul>\n\n\n\n<h2 class=\"wp-block-heading\">Nutzung<\/h2>\n\n\n\n<p>Pers\u00f6nliche Informationen, die uns \u00fcber unsere Website zur Verf\u00fcgung gestellt werden, werden f\u00fcr die Zwecke verwendet, die in dieser Richtlinie oder auf den entsprechenden Seiten der Website beschrieben sind.<br\/>Wir k\u00f6nnen Ihre pers\u00f6nlichen Informationen verwenden, um :<\/p>\n\n\n\n<ul class=\"wp-block-list\">\n<li>Verwaltung unserer Website und unseres Unternehmens ;<\/li>\n\n\n\n<li>Unsere Website f\u00fcr Sie zu personalisieren ;<\/li>\n\n\n\n<li>Ihre Nutzung der auf unserer Website angebotenen Dienste zu erm\u00f6glichen;<\/li>\n\n\n\n<li>Lieferung und Bereitstellung von Produkten oder Dienstleistungen, die Sie auf unserer Website gekauft haben;<\/li>\n\n\n\n<li>Ihnen Kontoausz\u00fcge, Rechnungen und Zahlungserinnerungen senden und Ihre Zahlungen einziehen;<\/li>\n\n\n\n<li>Ihnen nicht-marketingbezogene kommerzielle Kommunikation zu senden;<\/li>\n\n\n\n<li>Ihnen E-Mail-Benachrichtigungen zu senden, die Sie ausdr\u00fccklich angefordert haben;<\/li>\n\n\n\n<li>Ihnen unseren Newsletter per E-Mail zu senden, wenn Sie dies gew\u00fcnscht haben (Sie k\u00f6nnen uns jederzeit mitteilen, dass Sie unseren Newsletter nicht mehr erhalten m\u00f6chten);<\/li>\n\n\n\n<li>Ihnen Marketingmitteilungen \u00fcber unser Unternehmen oder sorgf\u00e4ltig ausgew\u00e4hlte Drittunternehmen, von denen wir glauben, dass sie f\u00fcr Sie von Interesse sein k\u00f6nnten, in Form einer Ver\u00f6ffentlichung oder, wenn Sie ausdr\u00fccklich zugestimmt haben, per E-Mail oder \u00e4hnlicher Technologie zu senden (Sie k\u00f6nnen uns jederzeit mitteilen, dass Sie keine Marketingmitteilungen mehr erhalten m\u00f6chten);<\/li>\n\n\n\n<li>Bereitstellung von statistischen Informationen \u00fcber unsere Nutzer an Dritte (ohne dass diese Dritten anhand dieser Informationen einzelne Nutzer identifizieren k\u00f6nnen);<\/li>\n\n\n\n<li>Bearbeitung von Anfragen und\/oder Beschwerden \u00fcber Ihre Website, die von Ihnen gestellt wurden oder Sie betreffen;<\/li>\n\n\n\n<li>Die Sicherheit unserer Website aufrechtzuerhalten und Betrug zu verhindern;<\/li>\n<\/ul>\n\n\n\n<p>Wenn Sie pers\u00f6nliche Informationen auf unserer Website zum Zweck der Ver\u00f6ffentlichung einreichen, werden wir diese Informationen ver\u00f6ffentlichen und k\u00f6nnen sie in \u00dcbereinstimmung mit den von Ihnen erteilten Genehmigungen verwenden.<\/p>\n\n\n\n<p>Ihre Datenschutzeinstellungen k\u00f6nnen verwendet werden, um die Ver\u00f6ffentlichung Ihrer Informationen auf unserer Website einzuschr\u00e4nken und k\u00f6nnen in Ihren Datenschutzeinstellungen auf der Website angepasst werden.<\/p>\n\n\n\n<h2 class=\"wp-block-heading\">Weitergabe von pers\u00f6nlichen Daten an Dritte<\/h2>\n\n\n\n<h3 class=\"wp-block-heading\">Weitergabe an Dritte zur kommerziellen Werbung f\u00fcr gleichwertige Produkte und Dienstleistungen<\/h3>\n\n\n\n<p>Ohne Ihre ausdr\u00fcckliche und spezifische Zustimmung werden wir Ihre pers\u00f6nlichen Daten nicht an Dritte f\u00fcr deren Marketing oder das Marketing anderer Dritter weitergeben.<\/p>\n\n\n\n<h3 class=\"wp-block-heading\">Kommunikation mit dritten Partnern<\/h3>\n\n\n\n<p>Wir k\u00f6nnen bestimmte personenbezogene Daten strategischen Partnern zur Verf\u00fcgung stellen, die mit uns zusammenarbeiten, um Produkte und Dienstleistungen bereitzustellen oder uns dabei zu helfen, unsere Produkte an Kunden zu vermarkten.<\/p>\n\n\n\n<p>Sie k\u00f6nnen die Liste unserer Subunternehmer, Partner und\/oder Auftragnehmer einsehen, indem Sie diese Liste unter folgender Adresse anfordern: <br\/>bonjour@la-quincaillerie.fr<\/p>\n\n\n\n<h3 class=\"wp-block-heading\">Weitergabe an Dritte in aggregierter und anonymisierter Form<\/h3>\n\n\n\n<p>Ihre pers\u00f6nlichen Daten k\u00f6nnen verwendet werden, um unsere Datenbanken zu erweitern. Sie k\u00f6nnen nach Anonymisierung und ausschlie\u00dflich zu statistischen Zwecken an Dritte weitergegeben werden. <\/p>\n\n\n\n<h3 class=\"wp-block-heading\">Mitteilung an Beh\u00f6rden auf der Grundlage gesetzlicher Verpflichtungen<\/h3>\n\n\n\n<p>Auf der Grundlage gesetzlicher Verpflichtungen k\u00f6nnen Ihre pers\u00f6nlichen Daten in Anwendung eines Gesetzes, einer Verordnung oder aufgrund einer Entscheidung einer zust\u00e4ndigen Regulierungsbeh\u00f6rde oder eines Gerichts offengelegt werden. Im Allgemeinen verpflichten wir uns, alle gesetzlichen Vorschriften einzuhalten, die die Verbreitung von Informationen oder Daten verhindern, einschr\u00e4nken oder regeln k\u00f6nnen, und insbesondere das Gesetz Nr. 78-17 vom 6. Januar 1978 \u00fcber Informatik, Dateien und Freiheiten einzuhalten. <\/p>\n\n\n\n<h3 class=\"wp-block-heading\">Aggregation von nicht-pers\u00f6nlichen Daten<\/h3>\n\n\n\n<p>Wir k\u00f6nnen aggregierte Informationen (Informationen \u00fcber alle unsere Nutzer oder bestimmte Gruppen oder Kategorien von Nutzern, die wir so kombinieren, dass ein einzelner Nutzer nicht mehr identifiziert oder erw\u00e4hnt werden kann) und nicht-personenbezogene Informationen ver\u00f6ffentlichen, offenlegen und f\u00fcr Branchen- und Marktanalysen, demografische Profilerstellung, Werbe- und Promotionszwecke und andere kommerzielle Zwecke verwenden.<br\/><\/p>\n\n\n\n<h3 class=\"wp-block-heading\">Verpflichtung zur Viralit\u00e4t der Bedingungen<\/h3>\n\n\n\n<p>Wenn Ihre pers\u00f6nlichen Daten an einen Dritten weitergegeben werden, ist dieser verpflichtet, die gleichen Datenschutzbedingungen wie die Website anzuwenden.<\/p>\n\n\n\n<h2 class=\"wp-block-heading\"><strong>Vorabinformation \u00fcber die Weitergabe von pers\u00f6nlichen Daten an Dritte im Falle einer Fusion \/ \u00dcbernahme<\/strong><\/h2>\n\n\n\n<p>Falls wir an einer Fusion, einer \u00dcbernahme oder einer anderen Form der Ver\u00e4u\u00dferung von Verm\u00f6genswerten beteiligt sind, verpflichten wir uns, die Vertraulichkeit Ihrer pers\u00f6nlichen Daten zu gew\u00e4hrleisten und Sie zu informieren, bevor diese \u00fcbertragen werden oder neuen Datenschutzbestimmungen unterliegen.<\/p>\n\n\n\n<h2 class=\"wp-block-heading\">Internationale Daten\u00fcbermittlung<\/h2>\n\n\n\n<p>Die von uns gesammelten Informationen k\u00f6nnen in allen L\u00e4ndern, in denen wir t\u00e4tig sind, gespeichert, verarbeitet und \u00fcbertragen werden, um uns zu erm\u00f6glichen, die Informationen in \u00dcbereinstimmung mit dieser Richtlinie zu verwenden.<\/p>\n\n\n\n<p>Die von uns gesammelten Informationen k\u00f6nnen in die folgenden L\u00e4nder \u00fcbertragen werden, die keine Datenschutzgesetze haben, die denen des Europ\u00e4ischen Wirtschaftsraums gleichwertig sind: die Vereinigten Staaten von Amerika, Russland, Japan, China und Indien.<\/p>\n\n\n\n<p>Die pers\u00f6nlichen Informationen, die Sie auf unserer Website ver\u00f6ffentlichen oder zur Ver\u00f6ffentlichung einreichen, k\u00f6nnen \u00fcber das Internet weltweit verf\u00fcgbar sein. Wir k\u00f6nnen die gute oder schlechte Nutzung dieser Informationen durch Dritte nicht verhindern. <\/p>\n\n\n\n<p>Sie erkl\u00e4ren sich ausdr\u00fccklich mit der in diesem Abschnitt beschriebenen \u00dcbertragung pers\u00f6nlicher Informationen einverstanden.<\/p>\n\n\n\n<h2 class=\"wp-block-heading\">Geolokalisierung<\/h2>\n\n\n\n<p>Wir sammeln und verarbeiten Ihre Geolokalisierungsdaten, um Ihnen unsere Dienstleistungen anbieten zu k\u00f6nnen. Es kann sein, dass wir personenbezogene Daten verwenden, um Ihre geografische Position in Echtzeit zu bestimmen. In \u00dcbereinstimmung mit Ihrem Widerspruchsrecht gem\u00e4\u00df dem Gesetz Nr. 78-17 vom 6. Januar 1978 \u00fcber Informatik, Dateien und Freiheiten haben Sie jederzeit die M\u00f6glichkeit, die Funktionen zur Geolokalisierung zu deaktivieren.  <\/p>\n\n\n\n<h2 class=\"wp-block-heading\">Sammlung von Daten aus dem Terminal<\/h2>\n\n\n\n<p><strong>Sammlung von Profildaten und technischen Daten zum Zweck der Bereitstellung der Dienste<\/strong> Einige der technischen Daten Ihres Ger\u00e4ts werden von der Website automatisch gesammelt. Zu diesen Daten geh\u00f6ren unter anderem Ihre IP-Adresse, Internet Service Provider, Hardwarekonfiguration, Softwarekonfiguration, Browsertyp und -sprache.   <br\/>Die technischen Daten Ihres Ger\u00e4ts werden von der Website automatisch zu <strong>Werbe-, Handels- und statistischen<\/strong> Zwecken gesammelt und gespeichert. Diese Informationen helfen uns, Ihre Erfahrung auf unserer Website zu personalisieren und kontinuierlich zu verbessern. Wir sammeln und speichern keine personenbezogenen Daten (Name, Vorname, Adresse&#8230;), die mit technischen Daten verkn\u00fcpft sind.  <\/p>\n\n\n\n<h2 class=\"wp-block-heading\">Aufbewahrungsfrist f\u00fcr pers\u00f6nliche Daten, Anonymisierung und L\u00f6schung<\/h2>\n\n\n\n<h3 class=\"wp-block-heading\">Aufbewahrung von Daten w\u00e4hrend der Dauer des Vertragsverh\u00e4ltnisses<\/h3>\n\n\n\n<p>Personenbezogene Daten, die wir zu irgendeinem Zweck verarbeiten, werden nicht l\u00e4nger aufbewahrt, als f\u00fcr diesen Zweck oder diese Zwecke erforderlich ist. Gem\u00e4\u00df Artikel 6-5\u00b0 des Gesetzes Nr. 78-17 vom 6. Januar 1978 \u00fcber Informatik, Dateien und Freiheiten werden personenbezogene Daten, die Gegenstand einer Verarbeitung sind, nicht l\u00e4nger aufbewahrt, als es f\u00fcr die Erf\u00fcllung der bei Vertragsabschluss festgelegten Verpflichtungen oder f\u00fcr die vorab festgelegte Dauer des Vertragsverh\u00e4ltnisses erforderlich ist. <\/p>\n\n\n\n<h3 class=\"wp-block-heading\">Aufbewahrung anonymisierter Daten \u00fcber das Vertragsverh\u00e4ltnis hinaus<\/h3>\n\n\n\n<p>Wir speichern pers\u00f6nliche Daten nur so lange, wie es f\u00fcr die Zwecke, die in diesen Datenschutzrichtlinien beschrieben sind, unbedingt erforderlich ist (die maximale Dauer betr\u00e4gt 36 Monate).<strong><mark style=\"background-color:rgba(0, 0, 0, 0);color:#ff0000\" class=\"has-inline-color\">  <\/mark><\/strong>). Au-del\u00e0 de cette dur\u00e9e, elles seront anonymis\u00e9es et conserv\u00e9es \u00e0 des fins exclusivement statistiques et ne donneront lieu \u00e0 aucune exploitation, de quelque nature que ce soit. <\/p>\n\n\n\n<ul class=\"wp-block-list\">\n<li>Recht auf Zugang und Berichtigung Ihrer Daten :  <\/li>\n<\/ul>\n\n\n\n<p>Sie haben das Recht, von dem f\u00fcr die Verarbeitung Verantwortlichen eine Best\u00e4tigung dar\u00fcber zu erhalten, ob Sie betreffende Pers\u00f6nliche Daten verarbeitet werden oder nicht, und, wenn sie verarbeitet werden, das Recht, auf diese Daten zuzugreifen und\/oder sie berichtigen zu lassen. (Siehe Artikel 15 und 16 der DSGVO). <\/p>\n\n\n\n<ul class=\"wp-block-list\">\n<li>Recht auf L\u00f6schung Ihrer Daten.  <\/li>\n<\/ul>\n\n\n\n<p>Gem\u00e4\u00df Artikel 17 der DSGVO haben Sie das Recht, von uns zu verlangen, dass Ihre Pers\u00f6nlichen Daten so schnell wie m\u00f6glich gel\u00f6scht werden; aus bestimmten Gr\u00fcnden\/unter bestimmten Bedingungen, die Sie im genannten Artikel nachlesen k\u00f6nnen\/in den F\u00e4llen, die im Artikel vorgesehen sind.  <\/p>\n\n\n\n<ul class=\"wp-block-list\">\n<li>Recht auf Einschr\u00e4nkung der Datenverarbeitung.  <\/li>\n<\/ul>\n\n\n\n<p>Sie haben das Recht, von uns die Einschr\u00e4nkung der Verarbeitung Ihrer Pers\u00f6nlichen Daten in den F\u00e4llen zu verlangen, die in Artikel 18 der DSGVO vorgesehen sind.<\/p>\n\n\n\n<ul class=\"wp-block-list\">\n<li>Recht, sich der Datenverarbeitung zu widersetzen.  <\/li>\n<\/ul>\n\n\n\n<p>Gem\u00e4\u00df Art. 21 DSGVO haben Sie das Recht, gegen die Verarbeitung Sie betreffender personenbezogener Daten Widerspruch einzulegen, wenn die Verarbeitung f\u00fcr die Zwecke der berechtigten Interessen des f\u00fcr die Verarbeitung Verantwortlichen oder eines Dritten erforderlich ist, es sei denn, die Interessen oder Grundrechte und Grundfreiheiten der betroffenen Person, die den Schutz personenbezogener Daten erfordern, \u00fcberwiegen, insbesondere wenn es sich bei der betroffenen Person um ein Kind handelt.<\/p>\n\n\n\n<ul class=\"wp-block-list\">\n<li>Recht auf \u00dcbertragbarkeit Ihrer Daten.  <\/li>\n<\/ul>\n\n\n\n<p>Sie haben das Recht auf \u00dcbertragbarkeit Ihrer Pers\u00f6nlichen Daten, das Ihnen die M\u00f6glichkeit gibt, die Pers\u00f6nlichen Daten, die Sie uns zur Verf\u00fcgung gestellt haben, in einem strukturierten, g\u00e4ngigen und maschinenlesbaren Format zu erhalten, sowie die M\u00f6glichkeit, diese Daten an einen anderen f\u00fcr die Verarbeitung Verantwortlichen weiterzugeben. Die Aus\u00fcbung dieses Rechts unterliegt den in Artikel 20 der DSGVO festgelegten Bedingungen. <\/p>\n\n\n\n<ul class=\"wp-block-list\">\n<li>Recht, Ihre Zustimmung zu widerrufen.  <\/li>\n<\/ul>\n\n\n\n<p>Gem\u00e4\u00df Artikel 7 der DSGVO haben Sie in F\u00e4llen, in denen die Verarbeitung auf einer Einwilligung beruht, das Recht, Ihre Einwilligung jederzeit zu widerrufen. Damit wird die Verarbeitung Ihrer Daten beendet. <\/p>\n\n\n\n<ul class=\"wp-block-list\">\n<li>Recht auf postmortale Richtlinien.  <\/li>\n<\/ul>\n\n\n\n<p>Sie haben die M\u00f6glichkeit, Richtlinien f\u00fcr die Aufbewahrung, L\u00f6schung und Offenlegung Ihrer Pers\u00f6nlichen Daten nach Ihrem Tod festzulegen, und zwar bei einer vertrauensw\u00fcrdigen, zertifizierten Drittpartei, die damit beauftragt ist, den Willen des Verstorbenen gem\u00e4\u00df den Anforderungen des anwendbaren Rechtsrahmens durchzusetzen (Artikel 85 des Gesetzes Nr. 78-17 vom 6. Januar 1978 \u00fcber Informatik, Dateien und Freiheiten).<br\/><br\/><strong>Sie k\u00f6nnen Ihre Rechte wie folgt aus\u00fcben: <\/strong>Indem Sie Ihre Anfrage an die folgende E-Mail-Adresse senden: bonjour@la-quincaillerie.fr, per Post mit einer Kopie eines Identit\u00e4tsdokuments an Ovive, 10 RUE DE LORIVAL 59113 SECLIN, oder indem Sie das unten stehende Formular ausf\u00fcllen (falls zutreffend).<br\/><br\/>Sie k\u00f6nnen auch eine Beschwerde bei der CNIL einreichen.<\/p>\n\n\n\n<h4 class=\"wp-block-heading\">Extraktion und L\u00f6schung von Daten  <\/h4>\n\n\n<div class=\"gdpr-data-request-block\">\t\t<form action=\"https:\/\/www.ovive.fr\/wp-admin\/admin-ajax.php\" method=\"post\" id=\"gdrf-form\">\n\t\t\t<input type=\"hidden\" name=\"action\" value=\"gdrf_data_request\" \/>\n\t\t\t<input type=\"hidden\" name=\"gdrf_data_human_key\" id=\"gdrf_data_human_key\" value=\"20007\" \/>\n\t\t\t<input type=\"hidden\" name=\"gdrf_data_nonce\" id=\"gdrf_data_nonce\" value=\"2578d1286b\" \/>\n\n\t\t\t\t\t<div class=\"gdrf-field gdrf-field-action\" role=\"radiogroup\" aria-labelledby=\"gdrf-radio-label\">\n\t\t\t\t<p id=\"gdrf-radio-label\">\n\t\t\t\t\tW\u00e4hle eine Anfrage aus:\t\t\t\t<\/p>\n\n\t\t\t\t<input id=\"gdrf-data-type-export\" class=\"gdrf-data-type-input\" type=\"radio\" name=\"gdrf_data_type\" value=\"export_personal_data\" \/>\n\t\t\t\t<label for=\"gdrf-data-type-export\" class=\"gdrf-data-type-label\">\n\t\t\t\t\tPersonenbezogene Daten exportieren\t\t\t\t<\/label>\n\t\t\t\t<br \/>\n\t\t\t\t<input id=\"gdrf-data-type-remove\" class=\"gdrf-data-type-input\" type=\"radio\" name=\"gdrf_data_type\" value=\"remove_personal_data\" \/>\n\t\t\t\t<label for=\"gdrf-data-type-remove\" class=\"gdrf-data-type-label\">\n\t\t\t\t\tPersonenbezogene Daten l\u00f6schen\t\t\t\t<\/label>\n\t\t\t<\/div>\n\t\t\n\t\t\t<p class=\"gdrf-field gdrf-field-email\">\n\t\t\t\t<label for=\"gdrf_data_email\">\n\t\t\t\t\tDeine E-Mail-Adresse (erforderlich)\t\t\t\t<\/label>\n\t\t\t\t<input type=\"email\" id=\"gdrf_data_email\" name=\"gdrf_data_email\" required \/>\n\t\t\t<\/p>\n\n\t\t\t<p class=\"gdrf-field gdrf-field-human\">\n\t\t\t\t<label for=\"gdrf_data_human\">\n\t\t\t\t\tHuman verification (required):\t\t\t\t\t2\u00a0+\u00a07\u00a0=\u00a0?\t\t\t\t<\/label>\n\t\t\t\t<input type=\"text\" id=\"gdrf_data_human\" name=\"gdrf_data_human\" required \/>\n\t\t\t<\/p>\n\n\t\t\t<p class=\"gdrf-field gdrf-field-submit\">\n\t\t\t\t<input id=\"gdrf-submit-button\" type=\"submit\" class=\"wp-element-button\" value=\"Send Request\" \/>\n\t\t\t<\/p>\n\t\t<\/form>\n\t\t<\/div>\n\n\n<h2 class=\"wp-block-heading\">Sicherheit<\/h2>\n\n\n\n<h3 class=\"wp-block-heading\">Information des Nutzers im Falle eines Sicherheitsversto\u00dfes<\/h3>\n\n\n\n<p>Wir verpflichten uns, alle geeigneten technischen und organisatorischen Ma\u00dfnahmen zu ergreifen, um ein angemessenes Sicherheitsniveau in Bezug auf die Risiken eines zuf\u00e4lligen, nicht autorisierten oder illegalen Zugriffs, einer Offenlegung, \u00c4nderung, eines Verlusts oder einer Zerst\u00f6rung Ihrer pers\u00f6nlichen Daten zu gew\u00e4hrleisten. Falls wir Kenntnis von einem illegalen Zugriff auf Ihre personenbezogenen Daten, die auf unseren Servern oder denen unserer Dienstleister gespeichert sind, oder von einem nicht autorisierten Zugriff erhalten, der zur Verwirklichung der oben genannten Risiken f\u00fchrt, verpflichten wir uns zu Folgendem <\/p>\n\n\n\n<ul class=\"wp-block-list\">\n<li>Sie so schnell wie m\u00f6glich \u00fcber den Vorfall zu informieren;<\/li>\n\n\n\n<li>die Ursachen des Vorfalls zu untersuchen und Sie dar\u00fcber zu informieren ;<\/li>\n\n\n\n<li>die notwendigen und angemessenen Ma\u00dfnahmen ergreifen, um die negativen Auswirkungen und Sch\u00e4den, die sich aus dem Vorfall ergeben k\u00f6nnen, zu minimieren.<\/li>\n<\/ul>\n\n\n\n<h3 class=\"wp-block-heading\">Beschr\u00e4nkung der Haftung<\/h3>\n\n\n\n<p>Die im obigen Abschnitt beschriebenen Verpflichtungen zur Meldung von Sicherheitsverletzungen d\u00fcrfen keinesfalls als Anerkennung eines Fehlers oder einer Verantwortung f\u00fcr das Auftreten eines solchen Vorfalls angesehen werden.<br\/>Dar\u00fcber hinaus enth\u00e4lt unsere Website Hyperlinks zu Websites Dritter und Informationen \u00fcber diese Websites. Wir haben keine Kontrolle \u00fcber diese Websites und sind nicht verantwortlich f\u00fcr deren Datenschutzrichtlinien oder Praktiken. <\/p>\n\n\n\n<h2 class=\"wp-block-heading\">\u00c4nderung der Datenschutzpolitik<\/h2>\n\n\n\n<p>Wir verpflichten uns, Sie \u00fcber wesentliche \u00c4nderungen dieser Datenschutzrichtlinie zu informieren und den Grad der Vertraulichkeit Ihrer Daten nicht wesentlich zu senken, ohne Sie dar\u00fcber zu informieren und Ihre Zustimmung einzuholen.<\/p>\n\n\n\n<p>Wir k\u00f6nnen diese Richtlinie gelegentlich aktualisieren, indem wir eine neue Version auf unserer Website ver\u00f6ffentlichen. Wir verpflichten uns, Sie \u00fcber wesentliche \u00c4nderungen dieser Datenschutzrichtlinie zu informieren und das Niveau der Vertraulichkeit Ihrer Daten nicht wesentlich zu senken, ohne Sie dar\u00fcber zu informieren und Ihre Zustimmung einzuholen. <\/p>\n\n\n\n<p>Sie sollten diese Seite regelm\u00e4\u00dfig \u00fcberpr\u00fcfen, um sicherzustellen, dass Sie \u00fcber alle \u00c4nderungen an dieser Richtlinie informiert sind.<\/p>\n\n\n\n<h2 class=\"wp-block-heading\">Anwendbares Recht und Rechtsmittel<\/h2>\n\n\n\n<p>Diese Datenschutzrichtlinie und Ihre Nutzung der Website unterliegen den Gesetzen Frankreichs, insbesondere dem Gesetz Nr. 78-17 vom 6. Januar 1978 \u00fcber Informatik, Dateien und Freiheiten, und werden entsprechend ausgelegt. Die Wahl des anwendbaren Rechts ber\u00fchrt nicht Ihre Rechte als Verbraucher gem\u00e4\u00df dem anwendbaren Recht Ihres Wohnortes. Wenn Sie ein Verbraucher sind, stimmen Sie und wir der nicht ausschlie\u00dflichen Zust\u00e4ndigkeit der franz\u00f6sischen Gerichte zu, was bedeutet, dass Sie eine Klage in Bezug auf diese Datenschutzrichtlinie in Frankreich oder in dem EU-Land, in dem Sie leben, einreichen k\u00f6nnen. Wenn Sie ein Gewerbetreibender sind, m\u00fcssen alle Klagen gegen uns vor einem Gericht in Frankreich erhoben werden.   <\/p>\n\n\n\n<p>Im Falle eines Rechtsstreits werden die Parteien vor der Einleitung gerichtlicher Schritte eine g\u00fctliche Einigung anstreben. Falls dies nicht gelingt, m\u00fcssen alle Streitigkeiten \u00fcber die G\u00fcltigkeit, Auslegung und\/oder Durchsetzung der Datenschutzrichtlinie vor den franz\u00f6sischen Gerichten ausgetragen werden, selbst wenn mehrere Beklagte anwesend sind oder eine Garantieleistung in Anspruch genommen wird. <\/p>\n<\/div>\n","protected":false},"excerpt":{"rendered":"<p>Datenschutzrichtlinie Die Privatsph\u00e4re der Besucher unserer Website ist uns sehr wichtig und wir verpflichten uns, diese zu sch\u00fctzen. Diese Richtlinie beschreibt im Einzelnen, was wir mit Ihren pers\u00f6nlichen Daten tun.Unser DPO ist Louis Boulagnon, der per E-Mail unter bonjour@la-quincaillerie.fr erreichbar ist. Definitionen Art der gesammelten Daten Im Rahmen der Nutzung der Webseiten kann der Herausgeber [&hellip;]<\/p>\n","protected":false},"author":1,"featured_media":0,"parent":0,"menu_order":0,"comment_status":"closed","ping_status":"closed","template":"","meta":{"_acf_changed":false,"_seopress_robots_primary_cat":"","_seopress_titles_title":"","_seopress_titles_desc":"","_seopress_robots_index":"yes","footnotes":""},"class_list":["post-3257","page","type-page","status-publish","hentry"],"acf":[],"_links":{"self":[{"href":"https:\/\/www.ovive.fr\/de\/wp-json\/wp\/v2\/pages\/3257","targetHints":{"allow":["GET"]}}],"collection":[{"href":"https:\/\/www.ovive.fr\/de\/wp-json\/wp\/v2\/pages"}],"about":[{"href":"https:\/\/www.ovive.fr\/de\/wp-json\/wp\/v2\/types\/page"}],"author":[{"embeddable":true,"href":"https:\/\/www.ovive.fr\/de\/wp-json\/wp\/v2\/users\/1"}],"replies":[{"embeddable":true,"href":"https:\/\/www.ovive.fr\/de\/wp-json\/wp\/v2\/comments?post=3257"}],"version-history":[{"count":1,"href":"https:\/\/www.ovive.fr\/de\/wp-json\/wp\/v2\/pages\/3257\/revisions"}],"predecessor-version":[{"id":3259,"href":"https:\/\/www.ovive.fr\/de\/wp-json\/wp\/v2\/pages\/3257\/revisions\/3259"}],"wp:attachment":[{"href":"https:\/\/www.ovive.fr\/de\/wp-json\/wp\/v2\/media?parent=3257"}],"curies":[{"name":"wp","href":"https:\/\/api.w.org\/{rel}","templated":true}]}}