{"id":3267,"date":"2024-06-24T11:22:04","date_gmt":"2024-06-24T09:22:04","guid":{"rendered":"https:\/\/www.ovive.fr\/rechtliche-hinweise\/"},"modified":"2026-04-02T17:33:57","modified_gmt":"2026-04-02T15:33:57","slug":"rechtliche-hinweise","status":"publish","type":"page","link":"https:\/\/www.ovive.fr\/de\/rechtliche-hinweise\/","title":{"rendered":"Rechtliche Hinweise"},"content":{"rendered":"\n<div style=\"height:100px\" aria-hidden=\"true\" class=\"wp-block-spacer\"><\/div>\n\n\n\n<div class=\"wp-block-group has-global-padding is-layout-constrained wp-container-core-group-is-layout-346627ba wp-block-group-is-layout-constrained\">\n<h1 class=\"wp-block-heading\">Rechtliche Hinweise<\/h1>\n\n\n<div class=\"wp-block-wpseopress-breadcrumbs\"><nav  aria-label=\"Brotkrumen\"><ol class=\"breadcrumb\"><li class=\"breadcrumb-item active\" aria-current=\"page\"><span>Home<\/span><\/li><\/ol><\/nav><\/div>\n\n\n<p>Bitte lesen Sie die verschiedenen Nutzungsbedingungen dieser Website aufmerksam durch, bevor Sie die Seiten durchbl\u00e4ttern. Wenn Sie sich auf dieser Website einloggen, akzeptieren Sie diese Bedingungen vorbehaltlos. <\/p>\n\n\n\n<div style=\"height:10px\" aria-hidden=\"true\" class=\"wp-block-spacer\"><\/div>\n\n\n\n<h2 class=\"wp-block-heading\">Verantwortlich f\u00fcr die Website<\/h2>\n\n\n\n<p>Gem\u00e4\u00df Artikel 6 des Gesetzes Nr. 2004-575 vom 21. Juni 2004 \u00fcber das Vertrauen in die digitale Wirtschaft sind die Verantwortlichen f\u00fcr diese Website https:\/\/www.ovive.fr\/ :<\/p>\n\n\n\n<p><strong>Herausgeber der Website<\/strong><\/p>\n\n\n\n<p>OVIVE, mit der SIRENE Nummer 423999085 und dem eingetragenen Sitz in 10, rue Lorival in SECLIN.<\/p>\n\n\n\n<ul class=\"wp-block-list\">\n<li><a href=\"Tel:01%2042%2061%2005%2056\">01 42 61 05 56<\/a><\/li>\n\n\n\n<li><a href=\"https:\/\/ovive.fr\">https:\/\/ovive.fr<\/a><\/li>\n<\/ul>\n\n\n\n<p>Redaktioneller Verantwortlicher: Marie Bierent<\/p>\n\n\n\n<p>OVIVE  USt-IdNr. : DE 296945212<\/p>\n\n\n\n<div style=\"height:10px\" aria-hidden=\"true\" class=\"wp-block-spacer\"><\/div>\n\n\n\n<h2 class=\"wp-block-heading\"><strong>Unterkunft<\/strong><\/h2>\n\n\n\n<p><strong>La Quincaillerie<\/strong>, SIREN-Nummer 842 805 160, mit Sitz in 27 carri\u00e8re Truffaut, 59493 Villeneuve-d&#8217;Ascq.<\/p>\n\n\n\n<ul class=\"wp-block-list\">\n<li><a href=\"tel:0972628305\">09 72 62 83 05<\/a><\/li>\n\n\n\n<li><a href=\"mailto:bonjour@la-quincaillerie.fr\">bonjour@la-quincaillerie.fr<\/a><\/li>\n\n\n\n<li><a href=\"https:\/\/la-quincaillerie.fr\/\">https:\/\/la-quincaillerie.fr\/<\/a><\/li>\n<\/ul>\n\n\n\n<div style=\"height:10px\" aria-hidden=\"true\" class=\"wp-block-spacer\"><\/div>\n\n\n\n<h2 class=\"wp-block-heading\"><strong>Gestaltung der Website<\/strong><\/h2>\n\n\n\n<p><strong>La Quincaillerie<\/strong>, SIREN-Nummer 842 805 160, mit Sitz in 27 carri\u00e8re truffaut, 59493 Villeneuve-d&#8217;Ascq.<\/p>\n\n\n\n<ul class=\"wp-block-list\">\n<li><a href=\"tel:0972628305\">09 72 62 83 05<\/a><\/li>\n\n\n\n<li><a href=\"mailto:bonjour@la-quincaillerie.fr\">bonjour@la-quincaillerie.fr<\/a><\/li>\n\n\n\n<li><a href=\"https:\/\/la-quincaillerie.fr\/\">https:\/\/la-quincaillerie.fr\/<\/a><\/li>\n<\/ul>\n\n\n\n<div style=\"height:10px\" aria-hidden=\"true\" class=\"wp-block-spacer\"><\/div>\n\n\n\n<h2 class=\"wp-block-heading\">Nutzungsbedingungen<\/h2>\n\n\n\n<h3 class=\"wp-block-heading\"><strong>Komfortable Nutzung<\/strong><\/h3>\n\n\n\n<p>Diese Website wird in verschiedenen Websprachen (HTML, HTML5, Javascript, CSS, usw.) angeboten, um eine bessere Benutzerfreundlichkeit und eine ansprechendere Grafik zu gew\u00e4hrleisten.<br>Wir empfehlen Ihnen, moderne Browser wie Safari, Firefox, Google Chrome&#8230; zu verwenden.<\/p>\n\n\n\n<h3 class=\"wp-block-heading\"><strong>Verl\u00e4sslichkeit der Informationen und Verantwortlichkeit<\/strong><\/h3>\n\n\n\n<p>Der Herausgeber nutzt alle ihm zur Verf\u00fcgung stehenden Mittel, um zuverl\u00e4ssige Informationen und eine zuverl\u00e4ssige Aktualisierung seiner Websites zu gew\u00e4hrleisten.<\/p>\n\n\n\n<p>Es k\u00f6nnen jedoch Fehler oder Auslassungen auftreten. Der Internetnutzer sollte daher die Richtigkeit der Informationen beim Herausgeber \u00fcberpr\u00fcfen und alle \u00c4nderungen an der Website melden, die er als n\u00fctzlich erachtet. Der Herausgeber, der Host und der Designer der Website haften in keiner Weise f\u00fcr die Nutzung dieser Informationen und f\u00fcr alle direkten oder indirekten Sch\u00e4den, die daraus entstehen k\u00f6nnen.  <\/p>\n\n\n\n<p>Alle heruntergeladenen Inhalte werden auf Risiko des Nutzers und unter seiner alleinigen Verantwortung heruntergeladen. Der Anbieter haftet nicht f\u00fcr Sch\u00e4den am Computer des Nutzers oder f\u00fcr Datenverluste infolge des Downloads. <\/p>\n\n\n\n<h3 class=\"wp-block-heading\"><strong>Hypertext-Links<\/strong><\/h3>\n\n\n\n<p>Die Webseiten von k\u00f6nnen Links zu anderen Webseiten oder anderen im Internet verf\u00fcgbaren Ressourcen anbieten. Der Herausgeber verf\u00fcgt \u00fcber keinerlei Mittel, um die mit seinen Websites verbundenen Websites zu kontrollieren. <\/p>\n\n\n\n<p>Der Herausgeber ist nicht f\u00fcr die Verf\u00fcgbarkeit solcher Websites und externer Quellen verantwortlich und garantiert diese auch nicht. Er kann nicht f\u00fcr Sch\u00e4den jeglicher Art haftbar gemacht werden, die sich aus dem Inhalt dieser Websites oder externen Quellen ergeben, insbesondere nicht f\u00fcr die Informationen, Produkte oder Dienstleistungen, die dort angeboten werden, oder f\u00fcr die Nutzung dieser Elemente. Der Internetnutzer tr\u00e4gt das volle Risiko f\u00fcr diese Nutzung und muss sich an die Nutzungsbedingungen halten.  <\/p>\n\n\n\n<p>Nutzer, Abonnenten und Besucher der Websites d\u00fcrfen ohne die vorherige ausdr\u00fcckliche Genehmigung des Herausgebers keinen Hyperlink zu dieser Website einrichten.<\/p>\n\n\n\n<p>Falls ein Benutzer oder Besucher einen Hyperlink zu einer der Websites des Herausgebers einrichten m\u00f6chte, muss er eine E-Mail an die Website senden, um seinen Antrag auf Einrichtung eines Hyperlinks zu formulieren.<\/p>\n\n\n\n<p>Der Herausgeber beh\u00e4lt sich das Recht vor, einen Hyperlink zu akzeptieren oder abzulehnen, ohne seine Entscheidung begr\u00fcnden zu m\u00fcssen.<\/p>\n\n\n\n<h3 class=\"wp-block-heading\"><strong>Erbrachte Dienstleistungen<\/strong><\/h3>\n\n\n\n<p>Alle Aktivit\u00e4ten und Informationen des Unternehmens finden Sie auf unserer Website.<\/p>\n\n\n\n<p>Der Herausgeber bem\u00fcht sich, die Informationen auf der Website so genau wie m\u00f6glich zu gestalten. Die Informationen auf der Website sind nicht ersch\u00f6pfend und die Fotos sind nicht vertraglich bindend. <\/p>\n\n\n\n<p>Sie werden vorbehaltlich der \u00c4nderungen gegeben, die seit ihrer Ver\u00f6ffentlichung vorgenommen wurden. Alle Informationen auf dieser Website sind unverbindlich und k\u00f6nnen ohne Vorank\u00fcndigung ge\u00e4ndert werden. <\/p>\n\n\n\n<h3 class=\"wp-block-heading\"><strong>Geistiges Eigentum<\/strong><\/h3>\n\n\n\n<p>Der gesamte Inhalt dieser Website, einschlie\u00dflich, aber nicht beschr\u00e4nkt auf, Grafiken, Bilder, Texte, Videos, Animationen, T\u00f6ne, Logos, Gifs und Icons sowie deren Formatierung sind das ausschlie\u00dfliche Eigentum der Gesellschaft, mit Ausnahme von Marken, Logos oder Inhalten, die anderen Partnerunternehmen oder Autoren geh\u00f6ren.<\/p>\n\n\n\n<p>Jede auch nur teilweise Vervielf\u00e4ltigung, Verbreitung, \u00c4nderung, Anpassung, Weiterleitung oder Ver\u00f6ffentlichung dieser verschiedenen Elemente ist ohne die ausdr\u00fcckliche schriftliche Genehmigung des Herausgebers strengstens untersagt. Eine solche Darstellung oder Vervielf\u00e4ltigung, gleichg\u00fcltig durch welches Verfahren, stellt eine F\u00e4lschung dar, die gem\u00e4\u00df Artikel L.335-2 ff. des Gesetzes \u00fcber geistiges Eigentum bestraft wird. Die Nichtbeachtung dieses Verbots stellt eine F\u00e4lschung dar, f\u00fcr die der F\u00e4lscher zivil- und strafrechtlich haftbar gemacht werden kann. Dar\u00fcber hinaus k\u00f6nnen die Eigent\u00fcmer der kopierten Inhalte rechtliche Schritte gegen Sie einleiten.   <\/p>\n\n\n\n<h3 class=\"wp-block-heading\"><strong>Pers\u00f6nliche Daten<\/strong><\/h3>\n\n\n\n<p>Im Allgemeinen sind Sie nicht verpflichtet, uns Ihre pers\u00f6nlichen Daten mitzuteilen, wenn Sie unsere Website besuchen.<\/p>\n\n\n\n<p>Es gibt jedoch einige Ausnahmen von diesem Prinzip. F\u00fcr bestimmte Dienstleistungen, die auf unserer Website angeboten werden, kann es sein, dass Sie uns bestimmte Daten wie Ihren Namen, Ihre Funktion, den Namen Ihres Unternehmens, Ihre E-Mail-Adresse und Ihre Telefonnummer mitteilen m\u00fcssen. Dies ist der Fall, wenn Sie das Formular ausf\u00fcllen, das Ihnen auf bestimmten Seiten der Website zur Verf\u00fcgung gestellt wird.  <\/p>\n\n\n\n<p>In jedem Fall k\u00f6nnen Sie die Angabe Ihrer pers\u00f6nlichen Daten verweigern, indem Sie das Formular nicht ausf\u00fcllen. In diesem Fall k\u00f6nnen Sie die Dienste der Website nicht nutzen, insbesondere nicht die M\u00f6glichkeit, Informationen \u00fcber unser Unternehmen anzufordern oder z.B. Newsletter zu erhalten. <\/p>\n\n\n\n<p>Dazu geh\u00f6ren: Informationen \u00fcber die Nutzung unserer Website, z.B. die Bereiche, die Sie besuchen, und die Dienste, auf die Sie zugreifen, Ihre IP-Adresse, der Typ Ihres Browsers, die Zugriffszeiten.<\/p>\n\n\n\n<p>Diese Informationen werden ausschlie\u00dflich f\u00fcr interne statistische Zwecke verwendet, um die Qualit\u00e4t der Ihnen angebotenen Dienstleistungen zu verbessern. Die Datenbanken sind durch die Bestimmungen des Gesetzes vom 1. Juli 1998 zur Umsetzung der Richtlinie 96\/9 vom 11. M\u00e4rz 1996 \u00fcber den rechtlichen Schutz von Datenbanken gesch\u00fctzt. <\/p>\n\n\n\n<p>Wir laden Sie ein, unsere Datenschutzrichtlinien zu lesen, die Sie <a href=\"https:\/\/www.ovive.fr\/de\/datenschutzrichtlinie\/\">hier finden<\/a>.<\/p>\n\n\n\n<h3 class=\"wp-block-heading\"><strong>Streitigkeiten<\/strong><\/h3>\n\n\n\n<p>Die vorliegenden Bedingungen der Website unterliegen den franz\u00f6sischen Gesetzen und alle Streitigkeiten, die sich aus der Auslegung oder Ausf\u00fchrung dieser Bedingungen ergeben k\u00f6nnten, unterliegen der ausschlie\u00dflichen Zust\u00e4ndigkeit der Gerichte, in deren Zust\u00e4ndigkeitsbereich der Firmensitz des Unternehmens liegt. Die Referenzsprache f\u00fcr die Beilegung eventueller Streitigkeiten ist Franz\u00f6sisch. <\/p>\n<\/div>\n","protected":false},"excerpt":{"rendered":"<p>Rechtliche Hinweise Bitte lesen Sie die verschiedenen Nutzungsbedingungen dieser Website aufmerksam durch, bevor Sie die Seiten durchbl\u00e4ttern. Wenn Sie sich auf dieser Website einloggen, akzeptieren Sie diese Bedingungen vorbehaltlos. Verantwortlich f\u00fcr die Website Gem\u00e4\u00df Artikel 6 des Gesetzes Nr. 2004-575 vom 21. Juni 2004 \u00fcber das Vertrauen in die digitale Wirtschaft sind die Verantwortlichen f\u00fcr [&hellip;]<\/p>\n","protected":false},"author":1,"featured_media":0,"parent":0,"menu_order":0,"comment_status":"closed","ping_status":"closed","template":"","meta":{"_acf_changed":false,"_seopress_robots_primary_cat":"","_seopress_titles_title":"","_seopress_titles_desc":"","_seopress_robots_index":"yes","footnotes":""},"class_list":["post-3267","page","type-page","status-publish","hentry"],"acf":[],"_links":{"self":[{"href":"https:\/\/www.ovive.fr\/de\/wp-json\/wp\/v2\/pages\/3267","targetHints":{"allow":["GET"]}}],"collection":[{"href":"https:\/\/www.ovive.fr\/de\/wp-json\/wp\/v2\/pages"}],"about":[{"href":"https:\/\/www.ovive.fr\/de\/wp-json\/wp\/v2\/types\/page"}],"author":[{"embeddable":true,"href":"https:\/\/www.ovive.fr\/de\/wp-json\/wp\/v2\/users\/1"}],"replies":[{"embeddable":true,"href":"https:\/\/www.ovive.fr\/de\/wp-json\/wp\/v2\/comments?post=3267"}],"version-history":[{"count":2,"href":"https:\/\/www.ovive.fr\/de\/wp-json\/wp\/v2\/pages\/3267\/revisions"}],"predecessor-version":[{"id":5158,"href":"https:\/\/www.ovive.fr\/de\/wp-json\/wp\/v2\/pages\/3267\/revisions\/5158"}],"wp:attachment":[{"href":"https:\/\/www.ovive.fr\/de\/wp-json\/wp\/v2\/media?parent=3267"}],"curies":[{"name":"wp","href":"https:\/\/api.w.org\/{rel}","templated":true}]}}