{"id":2882,"date":"2024-05-28T17:21:06","date_gmt":"2024-05-28T15:21:06","guid":{"rendered":"https:\/\/www.ovive.fr\/nuestros-compromisos\/"},"modified":"2024-11-12T09:26:16","modified_gmt":"2024-11-12T08:26:16","slug":"nuestros-compromisos","status":"publish","type":"page","link":"https:\/\/www.ovive.fr\/es\/ovive\/nuestros-compromisos\/","title":{"rendered":"Nuestros compromisos"},"content":{"rendered":"\n<div style=\"height:100px\" aria-hidden=\"true\" class=\"wp-block-spacer\"><\/div>\n<div class=\"wp-block-wpseopress-breadcrumbs\"><nav  aria-label=\"migas de pan\"><ol class=\"breadcrumb\"><li class=\"breadcrumb-item active\" aria-current=\"page\"><span>Inicio<\/span><\/li><\/ol><\/nav><\/div>\n<h1 class=\"wp-block-heading has-bleu-nuit-color has-text-color has-link-color has-xx-large-font-size wp-elements-b895518f7d3f815ffcf33c8603b3ca47\">Nuestros compromisos<\/h1>\n\n<h2 class=\"wp-block-heading has-bleu-nuit-color has-text-color has-link-color wp-elements-662af70ef21c42b8b130ac1e62c2a5fd\">Ofrecer un mundo en el que <mark style=\"background-color:rgba(0, 0, 0, 0)\" class=\"has-inline-color has-jaune-color\">la tecnolog\u00eda<\/mark> <mark style=\"background-color:rgba(0, 0, 0, 0)\" class=\"has-inline-color has-jaune-color\">est\u00e9 al servicio de las personas<\/mark>, garantice <mark style=\"background-color:rgba(0, 0, 0, 0)\" class=\"has-inline-color has-jaune-color\">su seguridad<\/mark> y <mark style=\"background-color:rgba(0, 0, 0, 0)\" class=\"has-inline-color has-jaune-color\">respete el medio ambiente<\/mark>.<\/h2>\n\n<div style=\"height:30px\" aria-hidden=\"true\" class=\"wp-block-spacer qce-global__row-space-30\"><\/div>\n\n<div class=\"wp-block-cover alignfull has-custom-content-position is-position-bottom-center qce-banner-full-width\" style=\"min-height:650px;aspect-ratio:unset;\"><span aria-hidden=\"true\" class=\"wp-block-cover__background has-background-dim wp-block-cover__gradient-background has-background-gradient has-custom-gradient-3-gradient-background\"><\/span><img loading=\"lazy\" decoding=\"async\" width=\"1200\" height=\"800\" class=\"wp-block-cover__image-background wp-image-375\" alt=\"\" src=\"https:\/\/www.ovive.fr\/wp-content\/uploads\/2024\/06\/2024-03-Ovive-034.webp\" data-object-fit=\"cover\" srcset=\"https:\/\/www.ovive.fr\/wp-content\/uploads\/2024\/06\/2024-03-Ovive-034.webp 1200w, https:\/\/www.ovive.fr\/wp-content\/uploads\/2024\/06\/2024-03-Ovive-034-300x200.webp 300w, https:\/\/www.ovive.fr\/wp-content\/uploads\/2024\/06\/2024-03-Ovive-034-1024x683.webp 1024w, https:\/\/www.ovive.fr\/wp-content\/uploads\/2024\/06\/2024-03-Ovive-034-768x512.webp 768w\" sizes=\"auto, (max-width: 1200px) 100vw, 1200px\" \/><div class=\"wp-block-cover__inner-container has-global-padding is-layout-constrained wp-block-cover-is-layout-constrained\">\n<h2 class=\"wp-block-heading has-white-color has-text-color has-link-color wp-elements-e096db47363abdf55d36834940c1acf5\"><br\/>Seguridad para todos, nuestra prioridad<\/h2>\n\n\n\n<div class=\"wp-block-group has-global-padding is-content-justification-left is-layout-constrained wp-container-core-group-is-layout-404eed5b wp-block-group-is-layout-constrained\">\n<p class=\"has-white-color has-text-color has-link-color wp-elements-b5e78506e0d34cd1f8d5eaece229bec1\"><br\/>Nuestro principal compromiso es garantizar diariamente la m\u00e1xima seguridad a nuestros equipos, subcontratistas y clientes.\n<br\/><br\/>Nos comprometemos a ser ambiciosos en nuestros objetivos de seguridad y a proporcionar los recursos, las acciones y la implicaci\u00f3n necesarios para lograr nuestra pol\u00edtica de seguridad. Para lograr nuestra ambici\u00f3n, nuestro recurso m\u00e1s valioso son nuestros empleados. La seguridad de todos es nuestra prioridad.  <\/p>\n<\/div>\n<\/div><\/div>\n\n<div style=\"height:30px\" aria-hidden=\"true\" class=\"wp-block-spacer qce-global__row-space-30\"><\/div>\n\n<div class=\"wp-block-cover alignfull has-custom-content-position is-position-bottom-center qce-banner-full-width\" style=\"min-height:650px;aspect-ratio:unset;\"><span aria-hidden=\"true\" class=\"wp-block-cover__background has-background-dim wp-block-cover__gradient-background has-background-gradient has-custom-gradient-3-gradient-background\"><\/span><img loading=\"lazy\" decoding=\"async\" width=\"1900\" height=\"1069\" class=\"wp-block-cover__image-background wp-image-1081\" alt=\"\" src=\"https:\/\/www.ovive.fr\/wp-content\/uploads\/2024\/07\/Rectangle-68_1.webp\" data-object-fit=\"cover\" srcset=\"https:\/\/www.ovive.fr\/wp-content\/uploads\/2024\/07\/Rectangle-68_1.webp 1900w, https:\/\/www.ovive.fr\/wp-content\/uploads\/2024\/07\/Rectangle-68_1-300x169.webp 300w, https:\/\/www.ovive.fr\/wp-content\/uploads\/2024\/07\/Rectangle-68_1-1024x576.webp 1024w, https:\/\/www.ovive.fr\/wp-content\/uploads\/2024\/07\/Rectangle-68_1-768x432.webp 768w, https:\/\/www.ovive.fr\/wp-content\/uploads\/2024\/07\/Rectangle-68_1-1536x864.webp 1536w\" sizes=\"auto, (max-width: 1900px) 100vw, 1900px\" \/><div class=\"wp-block-cover__inner-container has-global-padding is-layout-constrained wp-block-cover-is-layout-constrained\">\n<h2 class=\"wp-block-heading has-white-color has-text-color has-link-color wp-elements-17568bf8b3046aa8ec6b6a337607402c\"><br\/>El medio ambiente, nuestra raz\u00f3n de ser<\/h2>\n\n\n\n<div class=\"wp-block-group has-global-padding is-content-justification-left is-layout-constrained wp-container-core-group-is-layout-404eed5b wp-block-group-is-layout-constrained\">\n<p class=\"has-white-color has-text-color has-link-color wp-elements-a304f50a3e29d850f68db8a36da5b391\"><br\/>Desde hace m\u00e1s de 25 a\u00f1os, Ovive trabaja para preservar el medio ambiente restaurando sus recursos limpios .\n<br\/><br\/>Nuestra misi\u00f3n es preservar los recursos h\u00eddricos. Ante los retos medioambientales y sociales, es necesario reinventar nuestros h\u00e1bitos, por lo que Ovive se compromete a minimizar su impacto de carbono.\n<br\/><br\/>Y como la tarea es grande, nos comprometemos a apoyar proyectos y empresas que tengan impacto en el sector medioambiental.  <\/p>\n<\/div>\n<\/div><\/div>\n\n<div style=\"height:30px\" aria-hidden=\"true\" class=\"wp-block-spacer qce-global__row-space-30\"><\/div>\n\n<div class=\"wp-block-cover alignfull has-custom-content-position is-position-bottom-center qce-banner-full-width\" style=\"min-height:650px;aspect-ratio:unset;\"><span aria-hidden=\"true\" class=\"wp-block-cover__background has-background-dim wp-block-cover__gradient-background has-background-gradient has-custom-gradient-3-gradient-background\"><\/span><img loading=\"lazy\" decoding=\"async\" width=\"1200\" height=\"800\" class=\"wp-block-cover__image-background wp-image-377\" alt=\"\" src=\"https:\/\/www.ovive.fr\/wp-content\/uploads\/2024\/06\/2024-03-Ovive-032.webp\" data-object-fit=\"cover\" srcset=\"https:\/\/www.ovive.fr\/wp-content\/uploads\/2024\/06\/2024-03-Ovive-032.webp 1200w, https:\/\/www.ovive.fr\/wp-content\/uploads\/2024\/06\/2024-03-Ovive-032-300x200.webp 300w, https:\/\/www.ovive.fr\/wp-content\/uploads\/2024\/06\/2024-03-Ovive-032-1024x683.webp 1024w, https:\/\/www.ovive.fr\/wp-content\/uploads\/2024\/06\/2024-03-Ovive-032-768x512.webp 768w\" sizes=\"auto, (max-width: 1200px) 100vw, 1200px\" \/><div class=\"wp-block-cover__inner-container has-global-padding is-layout-constrained wp-block-cover-is-layout-constrained\">\n<h2 class=\"wp-block-heading has-white-color has-text-color has-link-color wp-elements-4ab2c9ee9c6651b12953515eb8383808\"><br\/>Calidad, nuestra hoja de ruta<\/h2>\n\n\n\n<div class=\"wp-block-group has-global-padding is-content-justification-left is-layout-constrained wp-container-core-group-is-layout-404eed5b wp-block-group-is-layout-constrained\">\n<p class=\"has-white-color has-text-color has-link-color wp-elements-e61a1148871eaef5470626ce1228a609\"><br\/>Estamos convencidos de la calidad de nuestras instalaciones gracias a nuestras herramientas, nuestros equipos y nuestras exigencias.\n<br\/><br\/><br\/><br\/>Cada d\u00eda, aplicamos los mejores m\u00e9todos para garantizar el m\u00e1ximo nivel de la instalaci\u00f3n, gracias a un seguimiento continuo y a distancia. Nuestros laboratorios internos nos permiten garantizar constantemente la calidad de nuestros vertidos. Hoy, podemos confiar en nuestro \u00e9xito industrial para elevar constantemente nuestro nivel de excelencia en t\u00e9rminos de calidad. <\/p>\n<\/div>\n<\/div><\/div>\n\n<div style=\"height:30px\" aria-hidden=\"true\" class=\"wp-block-spacer qce-global__row-space-30\"><\/div>\n\n<div class=\"wp-block-cover alignfull has-custom-content-position is-position-bottom-center qce-banner-full-width\" style=\"min-height:650px;aspect-ratio:unset;\"><span aria-hidden=\"true\" class=\"wp-block-cover__background has-background-dim wp-block-cover__gradient-background has-background-gradient has-custom-gradient-1-gradient-background\"><\/span><img loading=\"lazy\" decoding=\"async\" width=\"1500\" height=\"970\" class=\"wp-block-cover__image-background wp-image-378\" alt=\"\" src=\"https:\/\/www.ovive.fr\/wp-content\/uploads\/2024\/06\/SMITOP-station-lagune-NB.webp\" data-object-fit=\"cover\" srcset=\"https:\/\/www.ovive.fr\/wp-content\/uploads\/2024\/06\/SMITOP-station-lagune-NB.webp 1500w, https:\/\/www.ovive.fr\/wp-content\/uploads\/2024\/06\/SMITOP-station-lagune-NB-300x194.webp 300w, https:\/\/www.ovive.fr\/wp-content\/uploads\/2024\/06\/SMITOP-station-lagune-NB-1024x662.webp 1024w, https:\/\/www.ovive.fr\/wp-content\/uploads\/2024\/06\/SMITOP-station-lagune-NB-768x497.webp 768w\" sizes=\"auto, (max-width: 1500px) 100vw, 1500px\" \/><div class=\"wp-block-cover__inner-container has-global-padding is-layout-constrained wp-block-cover-is-layout-constrained\">\n<h2 class=\"wp-block-heading has-text-align-left has-white-color has-text-color has-link-color has-x-large-font-size wp-elements-b1874caab3fe2b0148eb5901642ae67b\"><br\/>a tu lado desde 1999<\/h2>\n\n\n\n<p class=\"has-white-color has-text-color has-link-color wp-elements-85b592fbc16435b9b8a4c462d3d90420\"><br\/>Como actor principal en el tratamiento de aguas industriales y lixiviados, llevamos m\u00e1s de 25 a\u00f1os respondiendo a los retos medioambientales.<\/p>\n\n\n\n<div class=\"wp-block-buttons is-layout-flex wp-block-buttons-is-layout-flex\">\n<div class=\"wp-block-button is-style-outline is-style-outline--1\"><a class=\"wp-block-button__link wp-element-button\" href=\"https:\/\/www.ovive.fr\/entreprise\/qui-sommes-nous\/\">Descubre Ovive<\/a><\/div>\n<\/div>\n<\/div><\/div>\n\n<div style=\"height:80px\" aria-hidden=\"true\" class=\"wp-block-spacer qce-global__row-space-80\"><\/div>\n\n<p class=\"has-bleu-nuit-color has-text-color has-link-color has-x-large-font-size wp-elements-8b5dc18cdc36d778b35bb303cd703a9b\" style=\"text-transform:uppercase\"><br\/>Satisfacemos las necesidades operativas de tu empresa<\/p>\n\n<p>Estamos aqu\u00ed para ayudarte a encontrar la soluci\u00f3n adecuada a tus necesidades.<\/p>\n\n<div class=\"wp-block-buttons is-layout-flex wp-block-buttons-is-layout-flex\">\n<div class=\"wp-block-button open-popup bouton_contact\"><a class=\"wp-block-button__link wp-element-button\">Habla con nosotros<\/a><\/div>\n<\/div>\n\n<div style=\"height:30px\" aria-hidden=\"true\" class=\"wp-block-spacer qce-global__row-space-30\"><\/div>\n\n<div class=\"wp-block-query is-layout-flow wp-block-query-is-layout-flow\"><ul class=\"qce-liste__sous-pages wp-block-post-template is-layout-flow wp-container-core-post-template-is-layout-99abc081 wp-block-post-template-is-layout-flow\"><li class=\"wp-block-post post-2904 metiers type-metiers status-publish hentry\">\n<p style=\"margin-top:10px;margin-bottom:10px; text-transform:uppercase;\" class=\"has-link-color has-text-color has-bleu-nuit-color wp-block-post-title has-large-font-size\">\n    <a href=\"https:\/\/www.ovive.fr\/es\/comercios\/el-agua-como-servicio\/\" target=\"_self\">El agua como servicio<\/a>\n<\/p>\n<\/li><li class=\"wp-block-post post-2914 metiers type-metiers status-publish hentry\">\n<p style=\"margin-top:10px;margin-bottom:10px; text-transform:uppercase;\" class=\"has-link-color has-text-color has-bleu-nuit-color wp-block-post-title has-large-font-size\">\n    <a href=\"https:\/\/www.ovive.fr\/es\/comercios\/estudios-y-pruebas-piloto\/\" target=\"_self\">Estudios y pruebas piloto<\/a>\n<\/p>\n<\/li><li class=\"wp-block-post post-2910 metiers type-metiers status-publish hentry\">\n<p style=\"margin-top:10px;margin-bottom:10px; text-transform:uppercase;\" class=\"has-link-color has-text-color has-bleu-nuit-color wp-block-post-title has-large-font-size\">\n    <a href=\"https:\/\/www.ovive.fr\/es\/comercios\/diseno-y-construccion\/\" target=\"_self\">Dise\u00f1o y construcci\u00f3n<\/a>\n<\/p>\n<\/li><li class=\"wp-block-post post-2908 metiers type-metiers status-publish hentry\">\n<p style=\"margin-top:10px;margin-bottom:10px; text-transform:uppercase;\" class=\"has-link-color has-text-color has-bleu-nuit-color wp-block-post-title has-large-font-size\">\n    <a href=\"https:\/\/www.ovive.fr\/es\/comercios\/funcionamiento-y-mantenimiento\/\" target=\"_self\">Funcionamiento y mantenimiento<\/a>\n<\/p>\n<\/li><li class=\"wp-block-post post-2905 metiers type-metiers status-publish hentry\">\n<p style=\"margin-top:10px;margin-bottom:10px; text-transform:uppercase;\" class=\"has-link-color has-text-color has-bleu-nuit-color wp-block-post-title has-large-font-size\">\n    <a href=\"https:\/\/www.ovive.fr\/es\/comercios\/alquiler-de-una-unidad-movil-de-tratamiento\/\" target=\"_self\">alquiler de una unidad m\u00f3vil de tratamiento<\/a>\n<\/p>\n<\/li><\/ul><\/div>\n","protected":false},"excerpt":{"rendered":"<p>Nuestros compromisos Ofrecer un mundo en el que la tecnolog\u00eda est\u00e9 al servicio de las personas, garantice su seguridad y respete el medio ambiente. Satisfacemos las necesidades operativas de tu empresa Estamos aqu\u00ed para ayudarte a encontrar la soluci\u00f3n adecuada a tus necesidades.<\/p>\n","protected":false},"author":1,"featured_media":2942,"parent":2893,"menu_order":0,"comment_status":"closed","ping_status":"closed","template":"","meta":{"_acf_changed":false,"_seopress_robots_primary_cat":"","_seopress_titles_title":"Nuestros compromisos con la seguridad y el medio ambiente | Ovive","_seopress_titles_desc":"Ovive se compromete a ofrecer soluciones seguras y respetuosas con el medio ambiente para el tratamiento de efluentes industriales.\r\nM\u00e1s informaci\u00f3n sobre nuestros compromisos.","_seopress_robots_index":"","footnotes":""},"class_list":["post-2882","page","type-page","status-publish","has-post-thumbnail","hentry"],"acf":[],"_links":{"self":[{"href":"https:\/\/www.ovive.fr\/es\/wp-json\/wp\/v2\/pages\/2882","targetHints":{"allow":["GET"]}}],"collection":[{"href":"https:\/\/www.ovive.fr\/es\/wp-json\/wp\/v2\/pages"}],"about":[{"href":"https:\/\/www.ovive.fr\/es\/wp-json\/wp\/v2\/types\/page"}],"author":[{"embeddable":true,"href":"https:\/\/www.ovive.fr\/es\/wp-json\/wp\/v2\/users\/1"}],"replies":[{"embeddable":true,"href":"https:\/\/www.ovive.fr\/es\/wp-json\/wp\/v2\/comments?post=2882"}],"version-history":[{"count":1,"href":"https:\/\/www.ovive.fr\/es\/wp-json\/wp\/v2\/pages\/2882\/revisions"}],"predecessor-version":[{"id":2884,"href":"https:\/\/www.ovive.fr\/es\/wp-json\/wp\/v2\/pages\/2882\/revisions\/2884"}],"up":[{"embeddable":true,"href":"https:\/\/www.ovive.fr\/es\/wp-json\/wp\/v2\/pages\/2893"}],"wp:featuredmedia":[{"embeddable":true,"href":"https:\/\/www.ovive.fr\/es\/wp-json\/wp\/v2\/media\/2942"}],"wp:attachment":[{"href":"https:\/\/www.ovive.fr\/es\/wp-json\/wp\/v2\/media?parent=2882"}],"curies":[{"name":"wp","href":"https:\/\/api.w.org\/{rel}","templated":true}]}}