{"id":2885,"date":"2024-05-22T10:03:55","date_gmt":"2024-05-22T08:03:55","guid":{"rendered":"https:\/\/www.ovive.fr\/sectores-de-actividad\/"},"modified":"2024-11-07T10:16:48","modified_gmt":"2024-11-07T09:16:48","slug":"sectores-de-actividad","status":"publish","type":"page","link":"https:\/\/www.ovive.fr\/es\/sectores-de-actividad\/","title":{"rendered":"Sectores de actividad"},"content":{"rendered":"\n<div style=\"height:100px\" aria-hidden=\"true\" class=\"wp-block-spacer\"><\/div>\n<div class=\"wp-block-wpseopress-breadcrumbs\"><nav  aria-label=\"migas de pan\"><ol class=\"breadcrumb\"><li class=\"breadcrumb-item active\" aria-current=\"page\"><span>Inicio<\/span><\/li><\/ol><\/nav><\/div>\n<div class=\"wp-block-columns is-layout-flex wp-container-core-columns-is-layout-28f84493 wp-block-columns-is-layout-flex\">\n<div class=\"wp-block-column is-layout-flow wp-block-column-is-layout-flow\" style=\"flex-basis:1115px\">\n<h1 class=\"wp-block-heading has-bleu-nuit-color has-text-color has-link-color has-x-large-font-size wp-elements-de2ba46009b9547395025803f37e5776\">Nuestros sectores de actividad<\/h1>\n\n\n\n<p>Ovive es l\u00edder en el campo del tratamiento de aguas y efluentes industriales, y ofrece soluciones innovadoras y sostenibles adaptadas a las necesidades espec\u00edficas de cada sector. Operamos en una amplia gama de sectores, como el alimentario, el qu\u00edmico y el farmac\u00e9utico, as\u00ed como el energ\u00e9tico y el medioambiental. <\/p>\n<\/div>\n\n\n\n<div class=\"wp-block-column is-layout-flow wp-block-column-is-layout-flow\"><\/div>\n<\/div>\n\n<div class=\"wp-block-query alignfull is-layout-flow wp-block-query-is-layout-flow\"><ul class=\"wp-block-post-template is-layout-flow wp-block-post-template-is-layout-flow\"><li class=\"wp-block-post post-2931 secteurs-dactivites type-secteurs-dactivites status-publish has-post-thumbnail hentry\">\n<article class=\"qce-block-secteurs-activite\" style=\"background-image:url(https:\/\/www.ovive.fr\/wp-content\/uploads\/2024\/05\/Rectangle-68_7.webp);\">\n    <a href=\"https:\/\/www.ovive.fr\/es\/sectores\/energia\/\">\n        <div class=\"qce-gradient-bg\"><\/div>\n        <div class=\"qce-block-cover__inner-container\">\n            <h2 class=\"\">Energ\u00eda<\/h2>\n            <p class=\"qce-block-secteurs-activite__excerpt\">La industria energ\u00e9tica est\u00e1 experimentando un cambio radical, al igual que la aparici\u00f3n de procesos de valorizaci\u00f3n de residuos (metanizaci\u00f3n, valorizaci\u00f3n t\u00e9rmica, etc.).<\/p>\n            <div class=\"wp-block-button is-style-outline qce-button__jaune\">\n                <div class=\"wp-block-button__link qce-button__jaune-link\">\n                    Descubre                <\/div>\n            <\/div>\n        <\/div>\n    <\/a>\n<\/article>\n<\/li><li class=\"wp-block-post post-2921 secteurs-dactivites type-secteurs-dactivites status-publish has-post-thumbnail hentry\">\n<article class=\"qce-block-secteurs-activite\" style=\"background-image:url(https:\/\/www.ovive.fr\/wp-content\/uploads\/2024\/05\/Rectangle-68_4.webp);\">\n    <a href=\"https:\/\/www.ovive.fr\/es\/sectores\/industria-quimica-y-del-plastico\/\">\n        <div class=\"qce-gradient-bg\"><\/div>\n        <div class=\"qce-block-cover__inner-container\">\n            <h2 class=\"\">Industria qu\u00edmica y del pl\u00e1stico<\/h2>\n            <p class=\"qce-block-secteurs-activite__excerpt\">Los fabricantes de las industrias qu\u00edmica y del pl\u00e1stico est\u00e1n cada vez m\u00e1s comprometidos con el control de su impacto medioambiental.<\/p>\n            <div class=\"wp-block-button is-style-outline qce-button__jaune\">\n                <div class=\"wp-block-button__link qce-button__jaune-link\">\n                    Descubre                <\/div>\n            <\/div>\n        <\/div>\n    <\/a>\n<\/article>\n<\/li><li class=\"wp-block-post post-2935 secteurs-dactivites type-secteurs-dactivites status-publish has-post-thumbnail hentry\">\n<article class=\"qce-block-secteurs-activite\" style=\"background-image:url(https:\/\/www.ovive.fr\/wp-content\/uploads\/2024\/05\/Rectangle-68_6.webp);\">\n    <a href=\"https:\/\/www.ovive.fr\/es\/sectores\/industria-farmaceutica\/\">\n        <div class=\"qce-gradient-bg\"><\/div>\n        <div class=\"qce-block-cover__inner-container\">\n            <h2 class=\"\">Industria farmac\u00e9utica<\/h2>\n            <p class=\"qce-block-secteurs-activite__excerpt\">Para el sector farmac\u00e9utico y la industria del medicamento, los grandes retos medioambientales son muchos: ecodise\u00f1o de los productos, estrechos v\u00ednculos entre salud y medio ambiente, residuos de medicamentos en el agua.<\/p>\n            <div class=\"wp-block-button is-style-outline qce-button__jaune\">\n                <div class=\"wp-block-button__link qce-button__jaune-link\">\n                    Descubre                <\/div>\n            <\/div>\n        <\/div>\n    <\/a>\n<\/article>\n<\/li><li class=\"wp-block-post post-2917 secteurs-dactivites type-secteurs-dactivites status-publish has-post-thumbnail hentry\">\n<article class=\"qce-block-secteurs-activite\" style=\"background-image:url(https:\/\/www.ovive.fr\/wp-content\/uploads\/2024\/05\/Rectangle-68_5.webp);\">\n    <a href=\"https:\/\/www.ovive.fr\/es\/sectores\/industria-textil-y-de-transformacion-del-cuero\/\">\n        <div class=\"qce-gradient-bg\"><\/div>\n        <div class=\"qce-block-cover__inner-container\">\n            <h2 class=\"\">Industria textil y de transformaci\u00f3n del cuero<\/h2>\n            <p class=\"qce-block-secteurs-activite__excerpt\">Medio ambiente en todas las fases del ciclo de vida del producto.<\/p>\n            <div class=\"wp-block-button is-style-outline qce-button__jaune\">\n                <div class=\"wp-block-button__link qce-button__jaune-link\">\n                    Descubre                <\/div>\n            <\/div>\n        <\/div>\n    <\/a>\n<\/article>\n<\/li><li class=\"wp-block-post post-2934 secteurs-dactivites type-secteurs-dactivites status-publish has-post-thumbnail hentry\">\n<article class=\"qce-block-secteurs-activite\" style=\"background-image:url(https:\/\/www.ovive.fr\/wp-content\/uploads\/2024\/05\/Rectangle-68_2.webp);\">\n    <a href=\"https:\/\/www.ovive.fr\/es\/sectores\/industria-cosmetica\/\">\n        <div class=\"qce-gradient-bg\"><\/div>\n        <div class=\"qce-block-cover__inner-container\">\n            <h2 class=\"\">Industria cosm\u00e9tica<\/h2>\n            <p class=\"qce-block-secteurs-activite__excerpt\">Medio ambiente en todas las fases del ciclo de vida del producto.<\/p>\n            <div class=\"wp-block-button is-style-outline qce-button__jaune\">\n                <div class=\"wp-block-button__link qce-button__jaune-link\">\n                    Descubre                <\/div>\n            <\/div>\n        <\/div>\n    <\/a>\n<\/article>\n<\/li><li class=\"wp-block-post post-2933 secteurs-dactivites type-secteurs-dactivites status-publish has-post-thumbnail hentry\">\n<article class=\"qce-block-secteurs-activite\" style=\"background-image:url(https:\/\/www.ovive.fr\/wp-content\/uploads\/2024\/05\/Rectangle-68_3.webp);\">\n    <a href=\"https:\/\/www.ovive.fr\/es\/sectores\/industria-del-papel-y-carton\/\">\n        <div class=\"qce-gradient-bg\"><\/div>\n        <div class=\"qce-block-cover__inner-container\">\n            <h2 class=\"\">Industria del papel y cart\u00f3n<\/h2>\n            <p class=\"qce-block-secteurs-activite__excerpt\">Como gran consumidor de agua, la industria del papel y el cart\u00f3n tiene un importante papel que desempe\u00f1ar en la reducci\u00f3n de su impacto medioambiental.<\/p>\n            <div class=\"wp-block-button is-style-outline qce-button__jaune\">\n                <div class=\"wp-block-button__link qce-button__jaune-link\">\n                    Descubre                <\/div>\n            <\/div>\n        <\/div>\n    <\/a>\n<\/article>\n<\/li><li class=\"wp-block-post post-2930 secteurs-dactivites type-secteurs-dactivites status-publish has-post-thumbnail hentry\">\n<article class=\"qce-block-secteurs-activite\" style=\"background-image:url(https:\/\/www.ovive.fr\/wp-content\/uploads\/2024\/05\/Rectangle-68_1.webp);\">\n    <a href=\"https:\/\/www.ovive.fr\/es\/sectores\/industria-alimentaria\/\">\n        <div class=\"qce-gradient-bg\"><\/div>\n        <div class=\"qce-block-cover__inner-container\">\n            <h2 class=\"\">Industria alimentaria<\/h2>\n            <p class=\"qce-block-secteurs-activite__excerpt\">Para un sector intensivo en agua como la industria alimentaria<\/p>\n            <div class=\"wp-block-button is-style-outline qce-button__jaune\">\n                <div class=\"wp-block-button__link qce-button__jaune-link\">\n                    Descubre                <\/div>\n            <\/div>\n        <\/div>\n    <\/a>\n<\/article>\n<\/li><li class=\"wp-block-post post-2920 secteurs-dactivites type-secteurs-dactivites status-publish has-post-thumbnail hentry\">\n<article class=\"qce-block-secteurs-activite\" style=\"background-image:url(https:\/\/www.ovive.fr\/wp-content\/uploads\/2024\/05\/Rectangle-68.webp);\">\n    <a href=\"https:\/\/www.ovive.fr\/es\/sectores\/profesionales-de-los-residuos\/\">\n        <div class=\"qce-gradient-bg\"><\/div>\n        <div class=\"qce-block-cover__inner-container\">\n            <h2 class=\"\">Profesionales de los residuos<\/h2>\n            <p class=\"qce-block-secteurs-activite__excerpt\">La industria de los residuos tiene un papel crucial que desempe\u00f1ar en la conservaci\u00f3n de nuestros recursos y nuestro entorno natural.<\/p>\n            <div class=\"wp-block-button is-style-outline qce-button__jaune\">\n                <div class=\"wp-block-button__link qce-button__jaune-link\">\n                    Descubre                <\/div>\n            <\/div>\n        <\/div>\n    <\/a>\n<\/article>\n<\/li><\/ul><\/div>\n","protected":false},"excerpt":{"rendered":"<p>Nuestros sectores de actividad Ovive es l\u00edder en el campo del tratamiento de aguas y efluentes industriales, y ofrece soluciones innovadoras y sostenibles adaptadas a las necesidades espec\u00edficas de cada sector. Operamos en una amplia gama de sectores, como el alimentario, el qu\u00edmico y el farmac\u00e9utico, as\u00ed como el energ\u00e9tico y el medioambiental.<\/p>\n","protected":false},"author":1,"featured_media":0,"parent":0,"menu_order":0,"comment_status":"closed","ping_status":"closed","template":"","meta":{"_acf_changed":false,"_seopress_robots_primary_cat":"","_seopress_titles_title":"Nuestro trabajo por sector de actividad | Ovive","_seopress_titles_desc":"Ovive ofrece soluciones de tratamiento de efluentes industriales adaptadas a distintos sectores de actividad. Inf\u00f3rmate sobre nuestros servicios especializados. ","_seopress_robots_index":"","footnotes":""},"class_list":["post-2885","page","type-page","status-publish","hentry"],"acf":[],"_links":{"self":[{"href":"https:\/\/www.ovive.fr\/es\/wp-json\/wp\/v2\/pages\/2885","targetHints":{"allow":["GET"]}}],"collection":[{"href":"https:\/\/www.ovive.fr\/es\/wp-json\/wp\/v2\/pages"}],"about":[{"href":"https:\/\/www.ovive.fr\/es\/wp-json\/wp\/v2\/types\/page"}],"author":[{"embeddable":true,"href":"https:\/\/www.ovive.fr\/es\/wp-json\/wp\/v2\/users\/1"}],"replies":[{"embeddable":true,"href":"https:\/\/www.ovive.fr\/es\/wp-json\/wp\/v2\/comments?post=2885"}],"version-history":[{"count":1,"href":"https:\/\/www.ovive.fr\/es\/wp-json\/wp\/v2\/pages\/2885\/revisions"}],"predecessor-version":[{"id":2886,"href":"https:\/\/www.ovive.fr\/es\/wp-json\/wp\/v2\/pages\/2885\/revisions\/2886"}],"wp:attachment":[{"href":"https:\/\/www.ovive.fr\/es\/wp-json\/wp\/v2\/media?parent=2885"}],"curies":[{"name":"wp","href":"https:\/\/api.w.org\/{rel}","templated":true}]}}