{"id":2887,"date":"2024-06-05T18:51:11","date_gmt":"2024-06-05T16:51:11","guid":{"rendered":"https:\/\/www.ovive.fr\/historia\/"},"modified":"2024-11-12T09:26:56","modified_gmt":"2024-11-12T08:26:56","slug":"historia","status":"publish","type":"page","link":"https:\/\/www.ovive.fr\/es\/ovive\/historia\/","title":{"rendered":"Historia"},"content":{"rendered":"\n<div class=\"wp-block-cover alignfull has-custom-content-position is-position-bottom-center qce-banner-full-width\" style=\"min-height:95vh;aspect-ratio:unset;\"><span aria-hidden=\"true\" class=\"wp-block-cover__background has-background-dim wp-block-cover__gradient-background has-background-gradient has-custom-gradient-1-gradient-background\"><\/span><img loading=\"lazy\" decoding=\"async\" width=\"1500\" height=\"970\" class=\"wp-block-cover__image-background wp-image-378\" alt=\"\" src=\"https:\/\/www.ovive.fr\/wp-content\/uploads\/2024\/06\/SMITOP-station-lagune-NB.webp\" data-object-fit=\"cover\" srcset=\"https:\/\/www.ovive.fr\/wp-content\/uploads\/2024\/06\/SMITOP-station-lagune-NB.webp 1500w, https:\/\/www.ovive.fr\/wp-content\/uploads\/2024\/06\/SMITOP-station-lagune-NB-300x194.webp 300w, https:\/\/www.ovive.fr\/wp-content\/uploads\/2024\/06\/SMITOP-station-lagune-NB-1024x662.webp 1024w, https:\/\/www.ovive.fr\/wp-content\/uploads\/2024\/06\/SMITOP-station-lagune-NB-768x497.webp 768w\" sizes=\"auto, (max-width: 1500px) 100vw, 1500px\" \/><div class=\"wp-block-cover__inner-container has-global-padding is-layout-constrained wp-block-cover-is-layout-constrained\">\n<h1 class=\"wp-block-heading has-text-align-left has-white-color has-text-color has-link-color has-x-large-font-size wp-elements-8202cabced2ddb9d56bd232540a7b54e\"><br\/>Descubre nuestra historia<\/h1>\n\n\n<div class=\"wp-block-wpseopress-breadcrumbs\"><nav  aria-label=\"migas de pan\"><ol class=\"breadcrumb\"><li class=\"breadcrumb-item active\" aria-current=\"page\"><span>Inicio<\/span><\/li><\/ol><\/nav><\/div>\n\n\n<div class=\"wp-block-group has-global-padding is-content-justification-left is-layout-constrained wp-container-core-group-is-layout-748456b0 wp-block-group-is-layout-constrained\">\n<p><br\/>La historia de Ovive es una aventura industrial y humana, hecha de pasi\u00f3n por el esp\u00edritu emprendedor y la innovaci\u00f3n. Acomp\u00e1\u00f1anos en un viaje en el tiempo y descubre c\u00f3mo ha evolucionado Ovive desde 1999.<\/p>\n<\/div>\n\n\n\n<div class=\"wp-block-buttons is-layout-flex wp-block-buttons-is-layout-flex\">\n<div class=\"wp-block-button is-style-outline is-style-outline--1\"><a class=\"wp-block-button__link wp-element-button\" href=\"#timeline-1999\">Rastrear la historia<\/a><\/div>\n<\/div>\n<\/div><\/div>\n\n<div style=\"height:30px\" aria-hidden=\"true\" class=\"wp-block-spacer qce-global__row-space-30\"><\/div>\n\n<div class=\"wp-block-group alignfull qce-timeline is-nowrap is-layout-flex wp-container-core-group-is-layout-25f8314d wp-block-group-is-layout-flex\" style=\"padding-left:var(--wp--preset--spacing--50)\">\n<div class=\"wp-block-group qce-timeline__navigation has-global-padding is-layout-constrained wp-block-group-is-layout-constrained wp-container-2 is-position-sticky\">\n<div class=\"wp-block-buttons is-vertical is-content-justification-center is-layout-flex wp-container-core-buttons-is-layout-b6c1f246 wp-block-buttons-is-layout-flex\">\n<div class=\"wp-block-button\"><a class=\"wp-block-button__link wp-element-button\" href=\"#timeline-1999\" style=\"border-style:none;border-width:0px\">1999<\/a><\/div>\n\n\n\n<div class=\"wp-block-button\"><a class=\"wp-block-button__link wp-element-button\" href=\"#timeline-2001\" style=\"border-style:none;border-width:0px\">2001<\/a><\/div>\n\n\n\n<div class=\"wp-block-button\"><a class=\"wp-block-button__link wp-element-button\" href=\"#timeline-2016\" style=\"border-style:none;border-width:0px\">2016<\/a><\/div>\n\n\n\n<div class=\"wp-block-button\"><a class=\"wp-block-button__link wp-element-button\" href=\"#timeline-2017\" style=\"border-style:none;border-width:0px\">2017<\/a><\/div>\n\n\n\n<div class=\"wp-block-button\"><a class=\"wp-block-button__link wp-element-button\" href=\"#timeline-demain\" style=\"border-style:none;border-width:0px\">Ma\u00f1ana<\/a><\/div>\n<\/div>\n<\/div>\n\n\n\n<div class=\"wp-block-group qce-timeline__wrapper wp-container-content-9cfa9a5a is-layout-flow wp-block-group-is-layout-flow\" style=\"padding-top:0;padding-right:0;padding-bottom:0;padding-left:0\">\n<div class=\"wp-block-group qce-timeline__container wp-container-content-9cfa9a5a is-layout-flow wp-block-group-is-layout-flow\">\n<div class=\"wp-block-columns is-layout-flex wp-container-core-columns-is-layout-7fc3d43a wp-block-columns-is-layout-flex\" id=\"timeline-1999\">\n<div class=\"wp-block-column is-layout-flow wp-block-column-is-layout-flow\">\n<div class=\"wp-block-cover has-custom-content-position is-position-bottom-left\"><span aria-hidden=\"true\" class=\"wp-block-cover__background has-background-dim-0 has-background-dim\" style=\"background-color:#ba7c63\"><\/span><img loading=\"lazy\" decoding=\"async\" width=\"614\" height=\"745\" class=\"wp-block-cover__image-background wp-image-1194\" alt=\"\" src=\"https:\/\/www.ovive.fr\/wp-content\/uploads\/2024\/07\/Rectangle-63-4.webp\" data-object-fit=\"cover\" srcset=\"https:\/\/www.ovive.fr\/wp-content\/uploads\/2024\/07\/Rectangle-63-4.webp 614w, https:\/\/www.ovive.fr\/wp-content\/uploads\/2024\/07\/Rectangle-63-4-247x300.webp 247w\" sizes=\"auto, (max-width: 614px) 100vw, 614px\" \/><div class=\"wp-block-cover__inner-container has-global-padding is-layout-constrained wp-block-cover-is-layout-constrained\">\n<p class=\"has-text-align-left has-white-color has-text-color has-link-color has-x-large-font-size wp-elements-3ae1cf19b08412ec76b34b35d6ca627f\" style=\"text-transform:uppercase\"><br\/>La creaci\u00f3n d&#8217;ovive<\/p>\n\n\n\n<p class=\"has-white-color has-text-color has-link-color wp-elements-090ef8a55555eca8c13ea5739b690926\">Ovive fue fundada en 1999 por Amaury BIERENT, y la primera sucursal se abri\u00f3 en el norte de Francia para apoyar el funcionamiento de las primeras plantas y el procesamiento de los primeros metros c\u00fabicos.<\/p>\n<\/div><\/div>\n<\/div>\n\n\n\n<div class=\"wp-block-column is-layout-flow wp-block-column-is-layout-flow\">\n<div class=\"wp-block-cover has-custom-content-position is-position-bottom-left\"><span aria-hidden=\"true\" class=\"wp-block-cover__background has-background-dim-0 has-background-dim\" style=\"background-color:#ba7c63\"><\/span><img loading=\"lazy\" decoding=\"async\" width=\"614\" height=\"745\" class=\"wp-block-cover__image-background wp-image-1193\" alt=\"\" src=\"https:\/\/www.ovive.fr\/wp-content\/uploads\/2024\/07\/Rectangle-63-1-1.webp\" data-object-fit=\"cover\" srcset=\"https:\/\/www.ovive.fr\/wp-content\/uploads\/2024\/07\/Rectangle-63-1-1.webp 614w, https:\/\/www.ovive.fr\/wp-content\/uploads\/2024\/07\/Rectangle-63-1-1-247x300.webp 247w\" sizes=\"auto, (max-width: 614px) 100vw, 614px\" \/><div class=\"wp-block-cover__inner-container has-global-padding is-layout-constrained wp-block-cover-is-layout-constrained\">\n<p class=\"has-text-align-left has-white-color has-text-color has-link-color has-x-large-font-size wp-elements-940d9276dd84fc917536890e58c1db58\" style=\"text-transform:uppercase\">ovive<br\/>aujourd\u2019hui<\/p>\n\n\n\n<p class=\"has-white-color has-text-color has-link-color wp-elements-d67a1e052cbf19b099245f058162c135\">En la actualidad, Ovive explota m\u00e1s de 150 instalaciones y cada a\u00f1o recupera o devuelve al medio natural m\u00e1s de 2 millones de metros c\u00fabicos de agua tratada.<\/p>\n<\/div><\/div>\n<\/div>\n<\/div>\n\n\n\n<div class=\"wp-block-columns is-layout-flex wp-container-core-columns-is-layout-7fc3d43a wp-block-columns-is-layout-flex\" id=\"timeline-2001\">\n<div class=\"wp-block-column is-layout-flow wp-block-column-is-layout-flow\">\n<div class=\"wp-block-cover is-light has-custom-content-position is-position-bottom-left\"><span aria-hidden=\"true\" class=\"wp-block-cover__background has-background-dim-0 has-background-dim\" style=\"background-color:#ba7c63\"><\/span><img loading=\"lazy\" decoding=\"async\" width=\"614\" height=\"745\" class=\"wp-block-cover__image-background wp-image-1196\" alt=\"\" src=\"https:\/\/www.ovive.fr\/wp-content\/uploads\/2024\/07\/HISTOIRE3.webp\" data-object-fit=\"cover\" srcset=\"https:\/\/www.ovive.fr\/wp-content\/uploads\/2024\/07\/HISTOIRE3.webp 614w, https:\/\/www.ovive.fr\/wp-content\/uploads\/2024\/07\/HISTOIRE3-247x300.webp 247w\" sizes=\"auto, (max-width: 614px) 100vw, 614px\" \/><div class=\"wp-block-cover__inner-container has-global-padding is-layout-constrained wp-block-cover-is-layout-constrained\">\n<p class=\"has-text-align-left has-white-color has-text-color has-link-color has-x-large-font-size wp-elements-392d868f3f91a8ddc5ed57d40cdcc1ed\" style=\"text-transform:uppercase\"><br\/>La 1\u00aa instalaci\u00f3n de producci\u00f3n<\/p>\n\n\n\n<p class=\"has-white-color has-text-color has-link-color wp-elements-e6ce7b0ff7c968d319efaebffd8cee2e\"><br\/><br\/>En 2000, Ovive, operador de profesi\u00f3n, a\u00f1adi\u00f3 otra cuerda a su arco dise\u00f1ando y construyendo su 1\u00aa instalaci\u00f3n \u00abmade in Ovive\u00bb.<\/p>\n<\/div><\/div>\n<\/div>\n\n\n\n<div class=\"wp-block-column is-layout-flow wp-block-column-is-layout-flow\">\n<div class=\"wp-block-cover has-custom-content-position is-position-bottom-left\"><span aria-hidden=\"true\" class=\"wp-block-cover__background has-background-dim-0 has-background-dim\" style=\"background-color:#ba7c63\"><\/span><img loading=\"lazy\" decoding=\"async\" width=\"614\" height=\"745\" class=\"wp-block-cover__image-background wp-image-1195\" alt=\"\" src=\"https:\/\/www.ovive.fr\/wp-content\/uploads\/2024\/07\/histoire-4.webp\" data-object-fit=\"cover\" srcset=\"https:\/\/www.ovive.fr\/wp-content\/uploads\/2024\/07\/histoire-4.webp 614w, https:\/\/www.ovive.fr\/wp-content\/uploads\/2024\/07\/histoire-4-247x300.webp 247w\" sizes=\"auto, (max-width: 614px) 100vw, 614px\" \/><div class=\"wp-block-cover__inner-container has-global-padding is-layout-constrained wp-block-cover-is-layout-constrained\">\n<p class=\"has-text-align-left has-white-color has-text-color has-link-color has-x-large-font-size wp-elements-570defb3da88e875e90d8c7ef7395ea5\" style=\"text-transform:uppercase\"><br\/>Nuestras instalaciones hoy<\/p>\n\n\n\n<p class=\"has-white-color has-text-color has-link-color wp-elements-02c0a589b268d2ed4436035840628d89\">Seguimos esforz\u00e1ndonos por conseguir instalaciones cada vez m\u00e1s eficientes, fiables y seguras.\u00a1Y siempre con nuestra visi\u00f3n y misi\u00f3n como operadores en mente!<\/p>\n<\/div><\/div>\n<\/div>\n<\/div>\n\n\n\n<div class=\"wp-block-columns is-layout-flex wp-container-core-columns-is-layout-7fc3d43a wp-block-columns-is-layout-flex\" id=\"timeline-2016\">\n<div class=\"wp-block-column is-layout-flow wp-block-column-is-layout-flow\">\n<div class=\"wp-block-cover has-custom-content-position is-position-bottom-left\"><span aria-hidden=\"true\" class=\"wp-block-cover__background has-background-dim-0 has-background-dim\" style=\"background-color:#ba7c63\"><\/span><img loading=\"lazy\" decoding=\"async\" width=\"614\" height=\"745\" class=\"wp-block-cover__image-background wp-image-1203\" alt=\"\" src=\"https:\/\/www.ovive.fr\/wp-content\/uploads\/2024\/07\/HISTOIRE-5.webp\" data-object-fit=\"cover\" srcset=\"https:\/\/www.ovive.fr\/wp-content\/uploads\/2024\/07\/HISTOIRE-5.webp 614w, https:\/\/www.ovive.fr\/wp-content\/uploads\/2024\/07\/HISTOIRE-5-247x300.webp 247w\" sizes=\"auto, (max-width: 614px) 100vw, 614px\" \/><div class=\"wp-block-cover__inner-container has-global-padding is-layout-constrained wp-block-cover-is-layout-constrained\">\n<p class=\"has-text-align-left has-white-color has-text-color has-link-color has-x-large-font-size wp-elements-90cc84b88e56a196d1072debe9c42d23\" style=\"text-transform:uppercase\"><br\/>Cobertura en toda Francia<\/p>\n\n\n\n<p class=\"has-white-color has-text-color has-link-color wp-elements-0abd581b35a3c9ad535b8d64bb167261\">10 a\u00f1os despu\u00e9s de su creaci\u00f3n, Ovive est\u00e1 presente en toda Francia, con 11 sucursales situadas cerca de sus clientes.<\/p>\n<\/div><\/div>\n<\/div>\n\n\n\n<div class=\"wp-block-column is-layout-flow wp-block-column-is-layout-flow\">\n<div class=\"wp-block-cover has-custom-content-position is-position-bottom-left\"><span aria-hidden=\"true\" class=\"wp-block-cover__background has-background-dim-0 has-background-dim\" style=\"background-color:#ba7c63\"><\/span><img loading=\"lazy\" decoding=\"async\" width=\"614\" height=\"745\" class=\"wp-block-cover__image-background wp-image-1206\" alt=\"\" src=\"https:\/\/www.ovive.fr\/wp-content\/uploads\/2024\/07\/histoire-9.webp\" data-object-fit=\"cover\" srcset=\"https:\/\/www.ovive.fr\/wp-content\/uploads\/2024\/07\/histoire-9.webp 614w, https:\/\/www.ovive.fr\/wp-content\/uploads\/2024\/07\/histoire-9-247x300.webp 247w\" sizes=\"auto, (max-width: 614px) 100vw, 614px\" \/><div class=\"wp-block-cover__inner-container has-global-padding is-layout-constrained wp-block-cover-is-layout-constrained\">\n<p class=\"has-text-align-left has-white-color has-text-color has-link-color has-x-large-font-size wp-elements-cf95669a875b5adac19a3414ed9f6257\" style=\"text-transform:uppercase\"><br\/>Alcance internacional<\/p>\n\n\n\n<p class=\"has-white-color has-text-color has-link-color wp-elements-3897e51f9bdc9598d37b84d97004d6b6\">Hoy, Ovive se expande m\u00e1s all\u00e1 de nuestras fronteras, con instalaciones en Marruecos, Togo, Serbia, Om\u00e1n y Estados Unidos&#8230;<\/p>\n<\/div><\/div>\n<\/div>\n<\/div>\n\n\n\n<div class=\"wp-block-columns is-layout-flex wp-container-core-columns-is-layout-7fc3d43a wp-block-columns-is-layout-flex\" id=\"timeline-2017\">\n<div class=\"wp-block-column is-layout-flow wp-block-column-is-layout-flow\">\n<div class=\"wp-block-cover has-custom-content-position is-position-bottom-left\"><span aria-hidden=\"true\" class=\"wp-block-cover__background has-background-dim-0 has-background-dim\" style=\"background-color:#ba7c63\"><\/span><img loading=\"lazy\" decoding=\"async\" width=\"614\" height=\"745\" class=\"wp-block-cover__image-background wp-image-1202\" alt=\"\" src=\"https:\/\/www.ovive.fr\/wp-content\/uploads\/2024\/07\/HISTOIRE-8.webp\" data-object-fit=\"cover\" srcset=\"https:\/\/www.ovive.fr\/wp-content\/uploads\/2024\/07\/HISTOIRE-8.webp 614w, https:\/\/www.ovive.fr\/wp-content\/uploads\/2024\/07\/HISTOIRE-8-247x300.webp 247w\" sizes=\"auto, (max-width: 614px) 100vw, 614px\" \/><div class=\"wp-block-cover__inner-container has-global-padding is-layout-constrained wp-block-cover-is-layout-constrained\">\n<p class=\"has-text-align-left has-white-color has-text-color has-link-color has-x-large-font-size wp-elements-c674375b2ba1f0e7446da2a5c5ee478a\" style=\"text-transform:uppercase\"><br\/>Los primeros pasos de la econom\u00eda circular<\/p>\n\n\n\n<p class=\"has-white-color has-text-color has-link-color wp-elements-283c78aebdac960e4c424735de9fd81f\">En 2016 vio la luz el primer proyecto Ovive de reutilizaci\u00f3n de aguas residuales industriales y aguas depuradas, nacido del deseo de un cliente comprometido y del esp\u00edritu pionero de Ovive.<\/p>\n<\/div><\/div>\n<\/div>\n\n\n\n<div class=\"wp-block-column is-layout-flow wp-block-column-is-layout-flow\">\n<div class=\"wp-block-cover has-custom-content-position is-position-bottom-left\"><span aria-hidden=\"true\" class=\"wp-block-cover__background has-background-dim-0 has-background-dim\" style=\"background-color:#ba7c63\"><\/span><img loading=\"lazy\" decoding=\"async\" width=\"614\" height=\"745\" class=\"wp-block-cover__image-background wp-image-1205\" alt=\"\" src=\"https:\/\/www.ovive.fr\/wp-content\/uploads\/2024\/07\/histoire-7.webp\" data-object-fit=\"cover\" srcset=\"https:\/\/www.ovive.fr\/wp-content\/uploads\/2024\/07\/histoire-7.webp 614w, https:\/\/www.ovive.fr\/wp-content\/uploads\/2024\/07\/histoire-7-247x300.webp 247w\" sizes=\"auto, (max-width: 614px) 100vw, 614px\" \/><div class=\"wp-block-cover__inner-container has-global-padding is-layout-constrained wp-block-cover-is-layout-constrained\">\n<p class=\"has-text-align-left has-white-color has-text-color has-link-color has-x-large-font-size wp-elements-26d35263348d625456d3c529bd5081c6\" style=\"text-transform:uppercase\"><br\/><br\/>Las cuestiones clave<\/p>\n\n\n\n<p class=\"has-white-color has-text-color has-link-color wp-elements-0f35e2f0e8d4a6d631c1658201591e08\">Para hacer frente a los nuevos retos que plantea la disponibilidad de recursos h\u00eddricos, Ovive pone su experiencia en el tratamiento de aguas al servicio de las empresas industriales, apoy\u00e1ndolas en todos sus proyectos de reutilizaci\u00f3n de aguas residuales depuradas.<\/p>\n<\/div><\/div>\n<\/div>\n<\/div>\n\n\n\n<div class=\"wp-block-columns is-layout-flex wp-container-core-columns-is-layout-7fc3d43a wp-block-columns-is-layout-flex\" id=\"timeline-demain\">\n<div class=\"wp-block-column is-layout-flow wp-block-column-is-layout-flow\">\n<div class=\"wp-block-cover has-custom-content-position is-position-bottom-left\"><span aria-hidden=\"true\" class=\"wp-block-cover__background has-background-dim-0 has-background-dim has-background-gradient has-custom-gradient-2-gradient-background\"><\/span><img loading=\"lazy\" decoding=\"async\" width=\"614\" height=\"745\" class=\"wp-block-cover__image-background wp-image-1201\" alt=\"\" src=\"https:\/\/www.ovive.fr\/wp-content\/uploads\/2024\/07\/HISTOIRE.webp\" style=\"object-position:48% 49%\" data-object-fit=\"cover\" data-object-position=\"48% 49%\" srcset=\"https:\/\/www.ovive.fr\/wp-content\/uploads\/2024\/07\/HISTOIRE.webp 614w, https:\/\/www.ovive.fr\/wp-content\/uploads\/2024\/07\/HISTOIRE-247x300.webp 247w\" sizes=\"auto, (max-width: 614px) 100vw, 614px\" \/><div class=\"wp-block-cover__inner-container has-global-padding is-layout-constrained wp-block-cover-is-layout-constrained\">\n<p class=\"has-text-align-left has-white-color has-text-color has-link-color has-x-large-font-size wp-elements-14cb794cc0301cf5d0b2892dc2f2746d\" style=\"text-transform:uppercase\">La nueva generaci\u00f3n<\/p>\n\n\n\n<p class=\"has-white-color has-text-color has-link-color wp-elements-6408952b48816f8166550104f1df1b47\">En 2021, Marie BIERENT asumi\u00f3 la direcci\u00f3n de la empresa familiar con vistas a garantizar su futuro a largo plazo.\nLas 2 generaciones aportan su energ\u00eda y su amor por el medio ambiente. <\/p>\n<\/div><\/div>\n<\/div>\n\n\n\n<div class=\"wp-block-column is-layout-flow wp-block-column-is-layout-flow\">\n<div class=\"wp-block-cover has-custom-content-position is-position-bottom-left\"><span aria-hidden=\"true\" class=\"wp-block-cover__background has-background-dim-0 has-background-dim\" style=\"background-color:#ba7c63\"><\/span><img loading=\"lazy\" decoding=\"async\" width=\"614\" height=\"745\" class=\"wp-block-cover__image-background wp-image-1204\" alt=\"\" src=\"https:\/\/www.ovive.fr\/wp-content\/uploads\/2024\/07\/HISTOIRE-6.webp\" data-object-fit=\"cover\" srcset=\"https:\/\/www.ovive.fr\/wp-content\/uploads\/2024\/07\/HISTOIRE-6.webp 614w, https:\/\/www.ovive.fr\/wp-content\/uploads\/2024\/07\/HISTOIRE-6-247x300.webp 247w\" sizes=\"auto, (max-width: 614px) 100vw, 614px\" \/><div class=\"wp-block-cover__inner-container has-global-padding is-layout-constrained wp-block-cover-is-layout-constrained\">\n<p class=\"has-text-align-left has-white-color has-text-color has-link-color has-x-large-font-size wp-elements-68565d31c520cfe625fa5b33d303ab0a\" style=\"text-transform:uppercase\">ma\u00f1ana<\/p>\n\n\n\n<p class=\"has-white-color has-text-color has-link-color wp-elements-b73dac4f237a0f3abc06f7926840d192\"><br\/>La b\u00fasqueda constante de la innovaci\u00f3n y un fuerte enfoque de RSC est\u00e1n en el coraz\u00f3n de nuestro negocio y de nuestros desarrollos. Cada d\u00eda, nuestros equipos de Ovive construyen el Ovive del ma\u00f1ana \u00a1\u00danete a la aventura!<\/p>\n<\/div><\/div>\n<\/div>\n<\/div>\n<\/div>\n<\/div>\n<\/div>\n","protected":false},"excerpt":{"rendered":"","protected":false},"author":1,"featured_media":2958,"parent":2893,"menu_order":0,"comment_status":"closed","ping_status":"closed","template":"","meta":{"_acf_changed":false,"_seopress_robots_primary_cat":"","_seopress_titles_title":"Nuestra historia: descubre nuestra evoluci\u00f3n | Ovive","_seopress_titles_desc":"Explora la historia de Ovive y nuestra evoluci\u00f3n en el tratamiento de efluentes industriales.\r\nDescubre m\u00e1s sobre nuestra historia y nuestros \u00e9xitos.","_seopress_robots_index":"","footnotes":""},"class_list":["post-2887","page","type-page","status-publish","has-post-thumbnail","hentry"],"acf":[],"_links":{"self":[{"href":"https:\/\/www.ovive.fr\/es\/wp-json\/wp\/v2\/pages\/2887","targetHints":{"allow":["GET"]}}],"collection":[{"href":"https:\/\/www.ovive.fr\/es\/wp-json\/wp\/v2\/pages"}],"about":[{"href":"https:\/\/www.ovive.fr\/es\/wp-json\/wp\/v2\/types\/page"}],"author":[{"embeddable":true,"href":"https:\/\/www.ovive.fr\/es\/wp-json\/wp\/v2\/users\/1"}],"replies":[{"embeddable":true,"href":"https:\/\/www.ovive.fr\/es\/wp-json\/wp\/v2\/comments?post=2887"}],"version-history":[{"count":1,"href":"https:\/\/www.ovive.fr\/es\/wp-json\/wp\/v2\/pages\/2887\/revisions"}],"predecessor-version":[{"id":2890,"href":"https:\/\/www.ovive.fr\/es\/wp-json\/wp\/v2\/pages\/2887\/revisions\/2890"}],"up":[{"embeddable":true,"href":"https:\/\/www.ovive.fr\/es\/wp-json\/wp\/v2\/pages\/2893"}],"wp:featuredmedia":[{"embeddable":true,"href":"https:\/\/www.ovive.fr\/es\/wp-json\/wp\/v2\/media\/2958"}],"wp:attachment":[{"href":"https:\/\/www.ovive.fr\/es\/wp-json\/wp\/v2\/media?parent=2887"}],"curies":[{"name":"wp","href":"https:\/\/api.w.org\/{rel}","templated":true}]}}