{"id":2892,"date":"2024-05-24T16:40:24","date_gmt":"2024-05-24T14:40:24","guid":{"rendered":"https:\/\/www.ovive.fr\/soluciones\/"},"modified":"2024-11-07T12:52:58","modified_gmt":"2024-11-07T11:52:58","slug":"soluciones","status":"publish","type":"page","link":"https:\/\/www.ovive.fr\/es\/soluciones\/","title":{"rendered":"Soluciones"},"content":{"rendered":"\n<div style=\"height:100px\" aria-hidden=\"true\" class=\"wp-block-spacer\"><\/div>\n<div class=\"wp-block-wpseopress-breadcrumbs\"><nav  aria-label=\"migas de pan\"><ol class=\"breadcrumb\"><li class=\"breadcrumb-item active\" aria-current=\"page\"><span>Inicio<\/span><\/li><\/ol><\/nav><\/div>\n<div class=\"wp-block-columns is-layout-flex wp-container-core-columns-is-layout-28f84493 wp-block-columns-is-layout-flex\">\n<div class=\"wp-block-column is-layout-flow wp-block-column-is-layout-flow\" style=\"flex-basis:655px\">\n<h1 class=\"wp-block-heading has-bleu-nuit-color has-text-color has-link-color has-x-large-font-size wp-elements-c6f628a5a14cab8a4a5d6a774cf78438\">Nuestras soluciones<\/h1>\n\n\n\n<p>Ovive ofrece soluciones adaptadas a tus necesidades espec\u00edficas.Nuestra amplia gama de profesiones y productos se adapta a cualquier situaci\u00f3n y te ayudar\u00e1 a alcanzar tus objetivos.<\/p>\n<\/div>\n\n\n\n<div class=\"wp-block-column is-layout-flow wp-block-column-is-layout-flow\"><\/div>\n<\/div>\n\n<div class=\"wp-block-media-text has-media-on-the-right is-stacked-on-mobile is-vertically-aligned-bottom\" style=\"grid-template-columns:auto 55%\"><div class=\"wp-block-media-text__content\">\n<h2 class=\"wp-block-heading has-bleu-nuit-color has-text-color has-link-color wp-elements-cf1f9884f493e623e2b60c3224df124f\" style=\"margin-top:0px;margin-bottom:0px\">Tus necesidades<\/h2>\n\n\n\n<p><br\/>Estamos aqu\u00ed para ayudarte a encontrar la soluci\u00f3n adecuada a tus necesidades.<\/p>\n<\/div><figure class=\"wp-block-media-text__media\"><img loading=\"lazy\" decoding=\"async\" width=\"1024\" height=\"767\" src=\"https:\/\/www.ovive.fr\/wp-content\/uploads\/2024\/05\/DJI_0419-copie-1024x767.webp\" alt=\"\" class=\"wp-image-349 size-full\" srcset=\"https:\/\/www.ovive.fr\/wp-content\/uploads\/2024\/05\/DJI_0419-copie-1024x767.webp 1024w, https:\/\/www.ovive.fr\/wp-content\/uploads\/2024\/05\/DJI_0419-copie-300x225.webp 300w, https:\/\/www.ovive.fr\/wp-content\/uploads\/2024\/05\/DJI_0419-copie-768x575.webp 768w, https:\/\/www.ovive.fr\/wp-content\/uploads\/2024\/05\/DJI_0419-copie.webp 1200w\" sizes=\"auto, (max-width: 1024px) 100vw, 1024px\" \/><\/figure><\/div>\n\n<div style=\"height:30px\" aria-hidden=\"true\" class=\"wp-block-spacer qce-global__row-space-30\"><\/div>\n\n<div class=\"wp-block-query is-layout-flow wp-block-query-is-layout-flow\"><ul class=\"columns-1 qce-liste__sous-pages wp-block-post-template is-layout-grid wp-container-core-post-template-is-layout-1c0d5eec wp-block-post-template-is-layout-grid\"><li class=\"wp-block-post post-2986 solutions type-solutions status-publish has-post-thumbnail hentry\">\n<p style=\"margin-top:10px;margin-bottom:10px; text-transform:uppercase;\" class=\"has-link-color has-text-color has-bleu-nuit-color wp-block-post-title has-large-font-size\">\n    <a href=\"https:\/\/www.ovive.fr\/es\/necesita\/tratamiento-de-aguas-industriales\/\" target=\"_self\">Tratamiento de aguas industriales<\/a>\n<\/p>\n<\/li><li class=\"wp-block-post post-2937 solutions type-solutions status-publish has-post-thumbnail hentry\">\n<p style=\"margin-top:10px;margin-bottom:10px; text-transform:uppercase;\" class=\"has-link-color has-text-color has-bleu-nuit-color wp-block-post-title has-large-font-size\">\n    <a href=\"https:\/\/www.ovive.fr\/es\/necesita\/reutilizacion-de-aguas-industriales\/\" target=\"_self\">Reutilizaci\u00f3n de aguas industriales<\/a>\n<\/p>\n<\/li><li class=\"wp-block-post post-2961 solutions type-solutions status-publish has-post-thumbnail hentry\">\n<p style=\"margin-top:10px;margin-bottom:10px; text-transform:uppercase;\" class=\"has-link-color has-text-color has-bleu-nuit-color wp-block-post-title has-large-font-size\">\n    <a href=\"https:\/\/www.ovive.fr\/es\/necesita\/gestion-de-subproductos\/\" target=\"_self\">Gesti\u00f3n de subproductos<\/a>\n<\/p>\n<\/li><li class=\"wp-block-post post-2954 solutions type-solutions status-publish has-post-thumbnail hentry\">\n<p style=\"margin-top:10px;margin-bottom:10px; text-transform:uppercase;\" class=\"has-link-color has-text-color has-bleu-nuit-color wp-block-post-title has-large-font-size\">\n    <a href=\"https:\/\/www.ovive.fr\/es\/necesita\/tratamiento-de-lixiviados\/\" target=\"_self\">Tratamiento de lixiviados<\/a>\n<\/p>\n<\/li><\/ul><\/div>\n\n<div class=\"wp-block-buttons is-layout-flex wp-block-buttons-is-layout-flex\" style=\"margin-top:30px\">\n<div class=\"wp-block-button is-style-outline is-style-outline--1\"><a class=\"wp-block-button__link wp-element-button\" href=\"\/es\/necesita\/procedes\/\">Todos nuestros procesos<\/a><\/div>\n<\/div>\n\n<div style=\"height:80px\" aria-hidden=\"true\" class=\"wp-block-spacer qce-global__row-space-80\"><\/div>\n\n<div class=\"wp-block-media-text is-stacked-on-mobile is-vertically-aligned-bottom\" style=\"padding-top:0px;padding-right:0px;padding-bottom:0px;padding-left:0px;grid-template-columns:55% auto\"><figure class=\"wp-block-media-text__media\"><img loading=\"lazy\" decoding=\"async\" width=\"1024\" height=\"768\" src=\"https:\/\/www.ovive.fr\/wp-content\/uploads\/2024\/05\/container-exterieur1-copie-1024x768.webp\" alt=\"\" class=\"wp-image-351 size-full\" srcset=\"https:\/\/www.ovive.fr\/wp-content\/uploads\/2024\/05\/container-exterieur1-copie-1024x768.webp 1024w, https:\/\/www.ovive.fr\/wp-content\/uploads\/2024\/05\/container-exterieur1-copie-300x225.webp 300w, https:\/\/www.ovive.fr\/wp-content\/uploads\/2024\/05\/container-exterieur1-copie-768x576.webp 768w, https:\/\/www.ovive.fr\/wp-content\/uploads\/2024\/05\/container-exterieur1-copie.webp 1500w\" sizes=\"auto, (max-width: 1024px) 100vw, 1024px\" \/><\/figure><div class=\"wp-block-media-text__content\">\n<h2 class=\"wp-block-heading has-bleu-nuit-color has-text-color has-link-color wp-elements-abce28e39d24c52cfa2640a67e31df48\">Nuestras l\u00edneas de negocio<\/h2>\n\n\n\n<p>Te apoyamos en todas las fases de tu proyecto, desde el dise\u00f1o hasta el funcionamiento cotidiano.<\/p>\n<\/div><\/div>\n\n<div style=\"height:30px\" aria-hidden=\"true\" class=\"wp-block-spacer qce-global__row-space-30\"><\/div>\n\n<div class=\"wp-block-query is-layout-flow wp-block-query-is-layout-flow\"><ul class=\"qce-liste__sous-pages wp-block-post-template is-layout-flow wp-container-core-post-template-is-layout-99abc081 wp-block-post-template-is-layout-flow\"><li class=\"wp-block-post post-2904 metiers type-metiers status-publish hentry\">\n<p style=\"margin-top:10px;margin-bottom:10px; text-transform:uppercase;\" class=\"has-link-color has-text-color has-bleu-nuit-color wp-block-post-title has-large-font-size\">\n    <a href=\"https:\/\/www.ovive.fr\/es\/comercios\/el-agua-como-servicio\/\" target=\"_self\">El agua como servicio<\/a>\n<\/p>\n<\/li><li class=\"wp-block-post post-2914 metiers type-metiers status-publish hentry\">\n<p style=\"margin-top:10px;margin-bottom:10px; text-transform:uppercase;\" class=\"has-link-color has-text-color has-bleu-nuit-color wp-block-post-title has-large-font-size\">\n    <a href=\"https:\/\/www.ovive.fr\/es\/comercios\/estudios-y-pruebas-piloto\/\" target=\"_self\">Estudios y pruebas piloto<\/a>\n<\/p>\n<\/li><li class=\"wp-block-post post-2910 metiers type-metiers status-publish hentry\">\n<p style=\"margin-top:10px;margin-bottom:10px; text-transform:uppercase;\" class=\"has-link-color has-text-color has-bleu-nuit-color wp-block-post-title has-large-font-size\">\n    <a href=\"https:\/\/www.ovive.fr\/es\/comercios\/diseno-y-construccion\/\" target=\"_self\">Dise\u00f1o y construcci\u00f3n<\/a>\n<\/p>\n<\/li><li class=\"wp-block-post post-2908 metiers type-metiers status-publish hentry\">\n<p style=\"margin-top:10px;margin-bottom:10px; text-transform:uppercase;\" class=\"has-link-color has-text-color has-bleu-nuit-color wp-block-post-title has-large-font-size\">\n    <a href=\"https:\/\/www.ovive.fr\/es\/comercios\/funcionamiento-y-mantenimiento\/\" target=\"_self\">Funcionamiento y mantenimiento<\/a>\n<\/p>\n<\/li><li class=\"wp-block-post post-2905 metiers type-metiers status-publish hentry\">\n<p style=\"margin-top:10px;margin-bottom:10px; text-transform:uppercase;\" class=\"has-link-color has-text-color has-bleu-nuit-color wp-block-post-title has-large-font-size\">\n    <a href=\"https:\/\/www.ovive.fr\/es\/comercios\/alquiler-de-una-unidad-movil-de-tratamiento\/\" target=\"_self\">alquiler de una unidad m\u00f3vil de tratamiento<\/a>\n<\/p>\n<\/li><\/ul><\/div>\n\n<div style=\"height:80px\" aria-hidden=\"true\" class=\"wp-block-spacer qce-global__row-space-80\"><\/div>\n\n<div class=\"wp-block-media-text has-media-on-the-right is-stacked-on-mobile is-vertically-aligned-bottom\" style=\"padding-top:0px;padding-right:0px;padding-bottom:0px;padding-left:0px;grid-template-columns:auto 55%\"><div class=\"wp-block-media-text__content\">\n<h2 class=\"wp-block-heading has-bleu-nuit-color has-text-color has-link-color wp-elements-50800df0f720680bd9fca622ef7c678b\">Nuestros productos<\/h2>\n\n\n\n<p><br\/><br\/>En Ovive, te ofrecemos una gama completa de productos para garantizar el buen funcionamiento de tus equipos.<\/p>\n<\/div><figure class=\"wp-block-media-text__media\"><img loading=\"lazy\" decoding=\"async\" width=\"1024\" height=\"768\" src=\"https:\/\/www.ovive.fr\/wp-content\/uploads\/2024\/05\/20231019_114154-copie-1024x768.webp\" alt=\"\" class=\"wp-image-352 size-full\" srcset=\"https:\/\/www.ovive.fr\/wp-content\/uploads\/2024\/05\/20231019_114154-copie-1024x768.webp 1024w, https:\/\/www.ovive.fr\/wp-content\/uploads\/2024\/05\/20231019_114154-copie-300x225.webp 300w, https:\/\/www.ovive.fr\/wp-content\/uploads\/2024\/05\/20231019_114154-copie-768x576.webp 768w, https:\/\/www.ovive.fr\/wp-content\/uploads\/2024\/05\/20231019_114154-copie.webp 1200w\" sizes=\"auto, (max-width: 1024px) 100vw, 1024px\" \/><\/figure><\/div>\n\n<div style=\"height:30px\" aria-hidden=\"true\" class=\"wp-block-spacer qce-global__row-space-30\"><\/div>\n\n<div style=\"height:80px\" aria-hidden=\"true\" class=\"wp-block-spacer qce-global__row-space-80\"><\/div>\n\n<div class=\"wp-block-media-text is-stacked-on-mobile is-vertically-aligned-bottom is-image-fill\" style=\"padding-top:0px;padding-right:0px;padding-bottom:0px;padding-left:0px;grid-template-columns:55% auto\"><figure class=\"wp-block-media-text__media\" style=\"background-image:url(https:\/\/www.ovive.fr\/wp-content\/uploads\/2024\/05\/MARIE-ET-AMAURY-copie-1024x576.webp);background-position:50% 50%\"><img loading=\"lazy\" decoding=\"async\" width=\"1024\" height=\"576\" src=\"https:\/\/www.ovive.fr\/wp-content\/uploads\/2024\/05\/MARIE-ET-AMAURY-copie-1024x576.webp\" alt=\"\" class=\"wp-image-347 size-full\" srcset=\"https:\/\/www.ovive.fr\/wp-content\/uploads\/2024\/05\/MARIE-ET-AMAURY-copie-1024x576.webp 1024w, https:\/\/www.ovive.fr\/wp-content\/uploads\/2024\/05\/MARIE-ET-AMAURY-copie-300x169.webp 300w, https:\/\/www.ovive.fr\/wp-content\/uploads\/2024\/05\/MARIE-ET-AMAURY-copie-768x432.webp 768w, https:\/\/www.ovive.fr\/wp-content\/uploads\/2024\/05\/MARIE-ET-AMAURY-copie.webp 1200w\" sizes=\"auto, (max-width: 1024px) 100vw, 1024px\" \/><\/figure><div class=\"wp-block-media-text__content\">\n<p class=\"has-bleu-nuit-color has-text-color has-link-color has-x-large-font-size wp-elements-ab93e12168b0f26c664b6ef970af92cd\" style=\"text-transform:uppercase\"><br\/> <br\/>ovive, una historia familiar<\/p>\n\n\n\n<p><br\/>La historia de Ovive es una aventura industrial y humana, hecha de una pasi\u00f3n por el esp\u00edritu emprendedor y la innovaci\u00f3n que le permite afrontar los retos de la preservaci\u00f3n de nuestros recursos con ambici\u00f3n y dinamismo. Descubre las innovaciones y los grandes acontecimientos que han forjado la identidad de Ovive.<\/p>\n\n\n\n<div class=\"wp-block-buttons is-horizontal is-nowrap is-layout-flex wp-container-core-buttons-is-layout-2487dcaa wp-block-buttons-is-layout-flex\">\n<div class=\"wp-block-button is-style-outline is-style-outline--2\"><a class=\"wp-block-button__link wp-element-button\" href=\"https:\/\/www.ovive.fr\/entreprise\/qui-sommes-nous\/\">\u00bfQui\u00e9nes somos?<\/a><\/div>\n\n\n\n<div class=\"wp-block-button is-style-fill\"><a class=\"wp-block-button__link wp-element-button\" href=\"https:\/\/www.ovive.fr\/entreprise\/agences\/\">Nuestras sucursales<\/a><\/div>\n<\/div>\n<\/div><\/div>\n","protected":false},"excerpt":{"rendered":"<p>Nuestras soluciones Ovive ofrece soluciones adaptadas a tus necesidades espec\u00edficas.Nuestra amplia gama de profesiones y productos se adapta a cualquier situaci\u00f3n y te ayudar\u00e1 a alcanzar tus objetivos. Tus necesidades Estamos aqu\u00ed para ayudarte a encontrar la soluci\u00f3n adecuada a tus necesidades. Nuestras l\u00edneas de negocio Te apoyamos en todas las fases de tu proyecto, [&hellip;]<\/p>\n","protected":false},"author":1,"featured_media":0,"parent":0,"menu_order":0,"comment_status":"closed","ping_status":"closed","template":"","meta":{"_acf_changed":false,"_seopress_robots_primary_cat":"","_seopress_titles_title":"","_seopress_titles_desc":"","_seopress_robots_index":"","footnotes":""},"class_list":["post-2892","page","type-page","status-publish","hentry"],"acf":[],"_links":{"self":[{"href":"https:\/\/www.ovive.fr\/es\/wp-json\/wp\/v2\/pages\/2892","targetHints":{"allow":["GET"]}}],"collection":[{"href":"https:\/\/www.ovive.fr\/es\/wp-json\/wp\/v2\/pages"}],"about":[{"href":"https:\/\/www.ovive.fr\/es\/wp-json\/wp\/v2\/types\/page"}],"author":[{"embeddable":true,"href":"https:\/\/www.ovive.fr\/es\/wp-json\/wp\/v2\/users\/1"}],"replies":[{"embeddable":true,"href":"https:\/\/www.ovive.fr\/es\/wp-json\/wp\/v2\/comments?post=2892"}],"version-history":[{"count":2,"href":"https:\/\/www.ovive.fr\/es\/wp-json\/wp\/v2\/pages\/2892\/revisions"}],"predecessor-version":[{"id":3212,"href":"https:\/\/www.ovive.fr\/es\/wp-json\/wp\/v2\/pages\/2892\/revisions\/3212"}],"wp:attachment":[{"href":"https:\/\/www.ovive.fr\/es\/wp-json\/wp\/v2\/media?parent=2892"}],"curies":[{"name":"wp","href":"https:\/\/api.w.org\/{rel}","templated":true}]}}