{"id":3252,"date":"2024-05-21T10:42:45","date_gmt":"2024-05-21T08:42:45","guid":{"rendered":"https:\/\/www.ovive.fr\/politica-de-privacidad\/"},"modified":"2024-11-07T16:23:46","modified_gmt":"2024-11-07T15:23:46","slug":"politica-de-privacidad","status":"publish","type":"page","link":"https:\/\/www.ovive.fr\/es\/politica-de-privacidad\/","title":{"rendered":"Pol\u00edtica de privacidad"},"content":{"rendered":"\n<div class=\"wp-block-group has-global-padding is-layout-constrained wp-container-core-group-is-layout-57888d4d wp-block-group-is-layout-constrained\" style=\"padding-top:var(--wp--preset--spacing--80);padding-right:1em;padding-bottom:var(--wp--preset--spacing--80);padding-left:1em\">\n<h1 class=\"wp-block-heading\">Pol\u00edtica de privacidad<\/h1>\n\n\n\n<p class=\"has-marron-color has-text-color has-link-color wp-elements-2a009fed4b0ed93b11a0d5b1510c37e8\">La privacidad de los visitantes de nuestro sitio web es muy importante para nosotros, y nos comprometemos a protegerla.<br\/>Esta pol\u00edtica detalla lo que hacemos con tu informaci\u00f3n personal. Nuestro RPD es Louis Boulagnon, con quien puedes ponerte en contacto por correo electr\u00f3nico en bonjour@la-quincaillerie.fr. <\/p>\n\n\n\n<h2 class=\"wp-block-heading\">Definiciones<\/h2>\n\n\n\n<ul class=\"wp-block-list\">\n<li>El editor: <mark>OVIVE<\/mark>, cuyo n\u00famero SIREN es<strong><mark> <\/mark><\/strong><mark>423999085<\/mark>, y su domicilio social se encuentra en 10 RUE DE LORIVAL 59113 SECLIN.<\/li>\n\n\n\n<li>La URL del sitio es https:\/\/www.ovive.fr\/<\/li>\n\n\n\n<li>El Sitio: Todos los sitios, p\u00e1ginas web y servicios en l\u00ednea ofrecidos por el Editor.<\/li>\n\n\n\n<li>El Usuario: La persona que utiliza el Sitio y sus servicios.<\/li>\n<\/ul>\n\n\n\n<h2 class=\"wp-block-heading\">Tipo de datos recogidos<\/h2>\n\n\n\n<p><strong>Al utilizar los Sitios, el Editor puede recopilar las siguientes categor\u00edas de datos sobre sus Usuarios:<\/strong><\/p>\n\n\n\n<ul class=\"wp-block-list\">\n<li>Datos de estado civil, identidad e identificaci\u00f3n&#8230;<\/li>\n\n\n\n<li>Datos relativos a la vida personal (estilo de vida, situaci\u00f3n familiar, etc., excluyendo datos sensibles o peligrosos)<\/li>\n\n\n\n<li>Datos relativos a la vida profesional (CV, educaci\u00f3n, formaci\u00f3n profesional, premios, etc.)<\/li>\n\n\n\n<li>Informaci\u00f3n econ\u00f3mica y financiera (ingresos, situaci\u00f3n financiera, situaci\u00f3n fiscal, etc.)<\/li>\n\n\n\n<li>Datos de conexi\u00f3n (direcciones IP, registros de eventos, navegador utilizado, etc.)<\/li>\n\n\n\n<li>Datos de localizaci\u00f3n (movimientos, GPS, datos GSM, etc.)<\/li>\n\n\n\n<li>Los datos resultantes del uso de cookies a los que hayas dado tu consentimiento. Para obtener m\u00e1s informaci\u00f3n, consulta nuestra pol\u00edtica de cookies (\u00abinsertar enlace a la pol\u00edtica de cookies\u00bb).<\/li>\n<\/ul>\n\n\n\n<h2 class=\"wp-block-heading\">Utilizaci\u00f3n<\/h2>\n\n\n\n<p><br\/>La informaci\u00f3n personal que nos proporciones a trav\u00e9s de nuestro Sitio se utilizar\u00e1 para los fines descritos en esta pol\u00edtica o en las p\u00e1ginas correspondientes del Sitio. Podemos utilizar tu informaci\u00f3n personal para:<\/p>\n\n\n\n<ul class=\"wp-block-list\">\n<li>Administrar nuestro sitio web y nuestra empresa;<\/li>\n\n\n\n<li>Personalizar nuestro sitio web para ti;<\/li>\n\n\n\n<li>Para permitirte utilizar los servicios ofrecidos en nuestro sitio web;<\/li>\n\n\n\n<li>Para entregarte y proporcionarte productos o servicios adquiridos en nuestro sitio;<\/li>\n\n\n\n<li>Enviarte extractos, facturas y recordatorios de pago, y cobrar tus pagos;<\/li>\n\n\n\n<li>Para enviarte comunicaciones comerciales no comerciales;<\/li>\n\n\n\n<li>Enviarte notificaciones por correo electr\u00f3nico que hayas solicitado expresamente;<\/li>\n\n\n\n<li>Enviarte nuestro bolet\u00edn por correo electr\u00f3nico, si lo has solicitado (puedes informarnos en cualquier momento de que ya no deseas recibir nuestro bolet\u00edn);<\/li>\n\n\n\n<li>Para enviarte comunicaciones de marketing relacionadas con nuestra empresa o con terceras empresas cuidadosamente seleccionadas que consideremos que pueden ser de tu inter\u00e9s, en forma de publicaci\u00f3n o, si lo has aceptado expresamente, por correo electr\u00f3nico o tecnolog\u00eda similar (puedes informarnos en cualquier momento de que ya no deseas recibir comunicaciones de marketing);<\/li>\n\n\n\n<li>Para proporcionar informaci\u00f3n estad\u00edstica sobre nuestros usuarios a terceros (sin que dichos terceros puedan identificar a usuarios individuales a partir de esta informaci\u00f3n);<\/li>\n\n\n\n<li>Tramitar las solicitudes y\/o reclamaciones relativas a tu sitio web realizadas por ti o que te conciernan;<\/li>\n\n\n\n<li>Para mantener la seguridad de nuestro sitio web y evitar el fraude;<\/li>\n<\/ul>\n\n\n\n<p>Si env\u00edas informaci\u00f3n personal a nuestro sitio web con fines de publicaci\u00f3n, la publicaremos y podremos utilizar dicha informaci\u00f3n de acuerdo con los permisos que nos concedas.<\/p>\n\n\n\n<p>Tu configuraci\u00f3n de confidencialidad puede utilizarse para limitar la publicaci\u00f3n de tu informaci\u00f3n en nuestro sitio web y puede ajustarse en tu configuraci\u00f3n de confidencialidad en el sitio web.<\/p>\n\n\n\n<h2 class=\"wp-block-heading\">Divulgaci\u00f3n de datos personales a terceros<\/h2>\n\n\n\n<h3 class=\"wp-block-heading\">Comunicaci\u00f3n a terceros para la solicitud comercial de productos y servicios equivalentes<\/h3>\n\n\n\n<p>Sin tu consentimiento expl\u00edcito y espec\u00edfico, no proporcionaremos tu informaci\u00f3n personal a terceros para su marketing o para el marketing de otros terceros.<\/p>\n\n\n\n<h3 class=\"wp-block-heading\">Comunicaci\u00f3n a terceros asociados<\/h3>\n\n\n\n<p>Podemos poner ciertos datos personales a disposici\u00f3n de socios estrat\u00e9gicos que trabajan con nosotros para proporcionar productos y servicios o para ayudarnos a comercializar nuestros productos a los clientes.<\/p>\n\n\n\n<p><br\/>Puedes acceder a la lista de nuestros subcontratistas, socios y\/o proveedores de servicios solicit\u00e1ndola a la siguiente direcci\u00f3n: bonjour@la-quincaillerie.fr<\/p>\n\n\n\n<h3 class=\"wp-block-heading\">Comunicaci\u00f3n a terceros de forma agregada y anonimizada<\/h3>\n\n\n\n<p>Tus datos personales pueden utilizarse para enriquecer nuestras bases de datos. Podr\u00e1n ser cedidos a terceros tras ser anonimizados y exclusivamente con fines estad\u00edsticos. <\/p>\n\n\n\n<h3 class=\"wp-block-heading\">Comunicaci\u00f3n a las autoridades sobre la base de obligaciones legales<\/h3>\n\n\n\n<p>En virtud de obligaciones legales, tus datos personales pueden ser divulgados en aplicaci\u00f3n de una ley, un reglamento o en virtud de una decisi\u00f3n de una autoridad reguladora o judicial competente. En general, nos comprometemos a cumplir todas las normas legales que puedan impedir, limitar o regular la difusi\u00f3n de informaci\u00f3n o datos y, en particular, a cumplir la Ley n\u00ba 78-17 de 6 de enero de 1978 relativa a la inform\u00e1tica, los archivos y las libertades. <\/p>\n\n\n\n<h3 class=\"wp-block-heading\">Agregaci\u00f3n de datos no personales<\/h3>\n\n\n\n<p>Podemos publicar, divulgar y utilizar Informaci\u00f3n Agregada (informaci\u00f3n sobre todos nuestros Usuarios o grupos o categor\u00edas espec\u00edficas de Usuarios que combinamos de modo que ya no se pueda identificar o hacer referencia a un Usuario individual) e Informaci\u00f3n No Personal para an\u00e1lisis de la industria y del mercado, elaboraci\u00f3n de perfiles demogr\u00e1ficos, fines promocionales y publicitarios y otros fines empresariales.<br\/><\/p>\n\n\n\n<h3 class=\"wp-block-heading\">Compromiso con las condiciones virales<\/h3>\n\n\n\n<p>Si tus datos personales se transmiten a un tercero, \u00e9ste est\u00e1 obligado a aplicar las mismas condiciones de confidencialidad que el Sitio.<\/p>\n\n\n\n<h2 class=\"wp-block-heading\"><strong>Notificaci\u00f3n previa de la transferencia de datos personales a terceros en caso de fusi\u00f3n o absorci\u00f3n<\/strong><\/h2>\n\n\n\n<p>En caso de que participemos en una fusi\u00f3n, adquisici\u00f3n o cualquier otra forma de transferencia de activos, nos comprometemos a garantizar la confidencialidad de tus datos personales y a informarte antes de que sean transferidos o sometidos a nuevas normas de confidencialidad.<\/p>\n\n\n\n<h2 class=\"wp-block-heading\">Transferencias internacionales de datos<\/h2>\n\n\n\n<p>La informaci\u00f3n que recogemos puede ser almacenada, procesada y transferida en cualquier pa\u00eds en el que operemos, para permitirnos utilizar la informaci\u00f3n de acuerdo con esta pol\u00edtica.<\/p>\n\n\n\n<p>La informaci\u00f3n que recogemos puede ser transferida a los siguientes pa\u00edses, que no tienen leyes de protecci\u00f3n de datos equivalentes a las vigentes en el Espacio Econ\u00f3mico Europeo: Estados Unidos de Am\u00e9rica, Rusia, Jap\u00f3n, China e India.<\/p>\n\n\n\n<p>La informaci\u00f3n personal que publiques en nuestro sitio web o que env\u00edes para su publicaci\u00f3n puede estar disponible, a trav\u00e9s de Internet, en todo el mundo. No podemos impedir el uso, bueno o malo, de esta informaci\u00f3n por parte de terceros. <\/p>\n\n\n\n<p>Aceptas expresamente la transferencia de informaci\u00f3n personal descrita en esta secci\u00f3n.<\/p>\n\n\n\n<h2 class=\"wp-block-heading\">Geolocalizaci\u00f3n<\/h2>\n\n\n\n<p>Recogemos y procesamos tus datos de geolocalizaci\u00f3n para proporcionarte nuestros servicios. Podemos utilizar datos personales para determinar tu posici\u00f3n geogr\u00e1fica en tiempo real. De acuerdo con tu derecho de oposici\u00f3n en virtud de la Ley francesa de Protecci\u00f3n de Datos n\u00ba 78-17 de 6 de enero de 1978, puedes desactivar las funciones de geolocalizaci\u00f3n en cualquier momento.  <\/p>\n\n\n\n<h2 class=\"wp-block-heading\">Recogida de datos del terminal<\/h2>\n\n\n\n<p><strong>Recogida de datos de perfiles y datos t\u00e9cnicos para la prestaci\u00f3n del servicio<\/strong> Algunos de los datos t\u00e9cnicos de tu dispositivo son recogidos autom\u00e1ticamente por el Sitio. Esta informaci\u00f3n incluye, en particular, tu direcci\u00f3n IP, proveedor de acceso a Internet, configuraci\u00f3n de hardware, configuraci\u00f3n de software, tipo de navegador e idioma, etc. La recogida de estos datos es necesaria para la prestaci\u00f3n de servicios.   <br\/><strong>Recogida de datos t\u00e9cnicos con fines<\/strong> publicitarios, comerciales y estad\u00edsticos Los datos t\u00e9cnicos de tu dispositivo son recogidos y registrados autom\u00e1ticamente por el Sitio con fines publicitarios, comerciales y estad\u00edsticos. Esta informaci\u00f3n nos ayuda a personalizar y mejorar continuamente tu experiencia en nuestro Sitio. No recogemos ni almacenamos ning\u00fan dato personal (apellidos, nombre, direcci\u00f3n, etc.) que pueda estar asociado a los datos t\u00e9cnicos.  <\/p>\n\n\n\n<h2 class=\"wp-block-heading\">Plazo de conservaci\u00f3n de los datos personales, anonimizaci\u00f3n y supresi\u00f3n<\/h2>\n\n\n\n<h3 class=\"wp-block-heading\">Conservaci\u00f3n de los datos mientras dure la relaci\u00f3n contractual<\/h3>\n\n\n\n<p>Los datos personales que tratamos para cualquier fin no se conservan m\u00e1s tiempo del necesario para ese fin o esos fines. De conformidad con el art\u00edculo 6-5\u00b0 de la ley n\u00ba 78-17 de 6 de enero de 1978 relativa a la inform\u00e1tica, a los ficheros y a las libertades, los datos de car\u00e1cter personal que son objeto de tratamiento no se conservan m\u00e1s all\u00e1 del tiempo necesario para cumplir las obligaciones definidas en el momento de la celebraci\u00f3n del contrato o de la duraci\u00f3n predefinida de la relaci\u00f3n contractual. <\/p>\n\n\n\n<h3 class=\"wp-block-heading\">Conservaci\u00f3n de datos anonimizados m\u00e1s all\u00e1 de la relaci\u00f3n contractual<\/h3>\n\n\n\n<p>Conservamos los datos personales durante el tiempo estrictamente necesario para los fines descritos en esta Pol\u00edtica de Privacidad (el periodo m\u00e1ximo es de 36 meses).<strong><mark style=\"background-color:rgba(0, 0, 0, 0);color:#ff0000\" class=\"has-inline-color\">  <\/mark><\/strong>). Au-del\u00e0 de cette dur\u00e9e, elles seront anonymis\u00e9es et conserv\u00e9es \u00e0 des fins exclusivement statistiques et ne donneront lieu \u00e0 aucune exploitation, de quelque nature que ce soit. <\/p>\n\n\n\n<ul class=\"wp-block-list\">\n<li>Derecho de acceso y rectificaci\u00f3n de tus datos :  <\/li>\n<\/ul>\n\n\n\n<p>Tienes derecho a obtener confirmaci\u00f3n del responsable del tratamiento sobre si se est\u00e1n tratando o no Datos Personales que te conciernen y, en caso afirmativo, derecho a acceder a ellos y\/o a que se rectifiquen. (V\u00e9anse los art\u00edculos 15 y 16 del RGPD). <\/p>\n\n\n\n<ul class=\"wp-block-list\">\n<li>Derecho a la supresi\u00f3n de tus datos.  <\/li>\n<\/ul>\n\n\n\n<p>De conformidad con el art\u00edculo 17 del RGPD, tienes derecho a solicitarnos que eliminemos tus Datos Personales lo antes posible; por determinados motivos\/ en determinadas condiciones que puedes consultar en dicho art\u00edculo\/ en los casos previstos en el mismo.  <\/p>\n\n\n\n<ul class=\"wp-block-list\">\n<li>Derecho a limitar el tratamiento de datos.  <\/li>\n<\/ul>\n\n\n\n<p>Tienes derecho a pedirnos que limitemos el tratamiento de tus Datos Personales en los casos previstos en el art\u00edculo 18 del RGPD.<\/p>\n\n\n\n<ul class=\"wp-block-list\">\n<li>Derecho de oposici\u00f3n al tratamiento de datos.  <\/li>\n<\/ul>\n\n\n\n<p>De conformidad con el art\u00edculo 21 del RGPD, tienes derecho a oponerte al tratamiento de los Datos Personales que te conciernan cuando dicho tratamiento sea necesario para la satisfacci\u00f3n de intereses leg\u00edtimos perseguidos por el responsable del tratamiento o por un tercero, salvo que prevalezcan los intereses o los derechos y libertades fundamentales del interesado que requieran la protecci\u00f3n de los Datos Personales, en particular cuando el interesado sea un ni\u00f1o.<\/p>\n\n\n\n<ul class=\"wp-block-list\">\n<li>Derecho a la portabilidad de tus datos.  <\/li>\n<\/ul>\n\n\n\n<p>Tienes derecho a la portabilidad de tus Datos Personales, lo que te da la posibilidad de recibir los Datos Personales que nos hayas facilitado, en un formato estructurado, de uso com\u00fan y lectura mec\u00e1nica, as\u00ed como la posibilidad de transmitir estos datos a otro responsable del tratamiento. El ejercicio de este derecho estar\u00e1 sujeto a las condiciones establecidas en el art\u00edculo 20 del RGPD. <\/p>\n\n\n\n<ul class=\"wp-block-list\">\n<li>Derecho a retirar tu consentimiento.  <\/li>\n<\/ul>\n\n\n\n<p>De conformidad con el art\u00edculo 7 del RGPD, cuando el tratamiento se base en el consentimiento, tienes derecho a retirar tu consentimiento en cualquier momento. Esto pondr\u00e1 fin al tratamiento de tus datos. <\/p>\n\n\n\n<ul class=\"wp-block-list\">\n<li>Derecho a definir directivas post mortem.  <\/li>\n<\/ul>\n\n\n\n<p>Tienes la posibilidad de definir directrices relativas a la conservaci\u00f3n, supresi\u00f3n y comunicaci\u00f3n de tus Datos Personales tras tu fallecimiento con un tercero de confianza, certificado y responsable de garantizar que se respete la voluntad del fallecido de acuerdo con los requisitos del marco legal aplicable (Art\u00edculo 85 de la Ley n\u00ba 78-17 de 6 de enero de 1978 relativa a la inform\u00e1tica, los archivos y las libertades).<br\/><br\/><strong>Puedes ejercer tus derechos de la siguiente manera: <\/strong>Enviando tu solicitud a la siguiente direcci\u00f3n de correo electr\u00f3nico: bonjour@la-quincaillerie.fr, por correo postal acompa\u00f1ada de una copia de un documento de identidad a Ovive, 10 RUE DE LORIVAL 59113 SECLIN, o cumplimentando el formulario que figura a continuaci\u00f3n (si procede).<br\/><br\/>Tambi\u00e9n puedes presentar una reclamaci\u00f3n ante la CNIL.<\/p>\n\n\n\n<h4 class=\"wp-block-heading\">Extracci\u00f3n y eliminaci\u00f3n de datos  <\/h4>\n\n\n<div class=\"gdpr-data-request-block\">\t\t<form action=\"https:\/\/www.ovive.fr\/wp-admin\/admin-ajax.php\" method=\"post\" id=\"gdrf-form\">\n\t\t\t<input type=\"hidden\" name=\"action\" value=\"gdrf_data_request\" \/>\n\t\t\t<input type=\"hidden\" name=\"gdrf_data_human_key\" id=\"gdrf_data_human_key\" value=\"10009\" \/>\n\t\t\t<input type=\"hidden\" name=\"gdrf_data_nonce\" id=\"gdrf_data_nonce\" value=\"476c007bf7\" \/>\n\n\t\t\t\t\t<div class=\"gdrf-field gdrf-field-action\" role=\"radiogroup\" aria-labelledby=\"gdrf-radio-label\">\n\t\t\t\t<p id=\"gdrf-radio-label\">\n\t\t\t\t\tSelecciona tu petici\u00f3n:\t\t\t\t<\/p>\n\n\t\t\t\t<input id=\"gdrf-data-type-export\" class=\"gdrf-data-type-input\" type=\"radio\" name=\"gdrf_data_type\" value=\"export_personal_data\" \/>\n\t\t\t\t<label for=\"gdrf-data-type-export\" class=\"gdrf-data-type-label\">\n\t\t\t\t\tExportar los datos personales\t\t\t\t<\/label>\n\t\t\t\t<br \/>\n\t\t\t\t<input id=\"gdrf-data-type-remove\" class=\"gdrf-data-type-input\" type=\"radio\" name=\"gdrf_data_type\" value=\"remove_personal_data\" \/>\n\t\t\t\t<label for=\"gdrf-data-type-remove\" class=\"gdrf-data-type-label\">\n\t\t\t\t\tEliminar los datos personales\t\t\t\t<\/label>\n\t\t\t<\/div>\n\t\t\n\t\t\t<p class=\"gdrf-field gdrf-field-email\">\n\t\t\t\t<label for=\"gdrf_data_email\">\n\t\t\t\t\tTu direcci\u00f3n de correo electr\u00f3nico (obligatoria)\t\t\t\t<\/label>\n\t\t\t\t<input type=\"email\" id=\"gdrf_data_email\" name=\"gdrf_data_email\" required \/>\n\t\t\t<\/p>\n\n\t\t\t<p class=\"gdrf-field gdrf-field-human\">\n\t\t\t\t<label for=\"gdrf_data_human\">\n\t\t\t\t\tVerificaci\u00f3n humana (obligatoria):\t\t\t\t\t1\u00a0+\u00a09\u00a0=\u00a0?\t\t\t\t<\/label>\n\t\t\t\t<input type=\"text\" id=\"gdrf_data_human\" name=\"gdrf_data_human\" required \/>\n\t\t\t<\/p>\n\n\t\t\t<p class=\"gdrf-field gdrf-field-submit\">\n\t\t\t\t<input id=\"gdrf-submit-button\" type=\"submit\" class=\"wp-element-button\" value=\"Enviar la solicitud\" \/>\n\t\t\t<\/p>\n\t\t<\/form>\n\t\t<\/div>\n\n\n<h2 class=\"wp-block-heading\">Seguridad<\/h2>\n\n\n\n<h3 class=\"wp-block-heading\">Informar al Usuario en caso de violaci\u00f3n de la seguridad<\/h3>\n\n\n\n<p>Nos comprometemos a aplicar todas las medidas t\u00e9cnicas y organizativas apropiadas para garantizar un nivel de seguridad adecuado a los riesgos de acceso accidental, no autorizado o ilegal, divulgaci\u00f3n, alteraci\u00f3n, p\u00e9rdida o destrucci\u00f3n de tus datos personales. En caso de que tengamos conocimiento de un acceso il\u00edcito a tus datos personales almacenados en nuestros servidores o en los de nuestros proveedores de servicios, o de un acceso no autorizado que d\u00e9 lugar a los riesgos identificados anteriormente, nos comprometemos a : <\/p>\n\n\n\n<ul class=\"wp-block-list\">\n<li>Notificarte el incidente lo antes posible;<\/li>\n\n\n\n<li>Examina las causas del incidente e inf\u00f3rmate;<\/li>\n\n\n\n<li>Tomar las medidas necesarias, dentro de unos l\u00edmites razonables, para mitigar los efectos negativos y los da\u00f1os que puedan derivarse de dicho incidente.<\/li>\n<\/ul>\n\n\n\n<h3 class=\"wp-block-heading\">Limitaci\u00f3n de responsabilidad<\/h3>\n\n\n\n<p><br\/>Los compromisos expuestos en el punto anterior relativos a la notificaci\u00f3n en caso de violaci\u00f3n de la seguridad no pueden asimilarse en ning\u00fan caso a un reconocimiento de culpa o responsabilidad por la ocurrencia del incidente en cuesti\u00f3n. Adem\u00e1s, nuestro Sitio contiene enlaces de hipertexto que conducen a sitios web de terceros y a informaci\u00f3n relativa a ellos. No tenemos ning\u00fan control sobre estos sitios y no somos responsables de sus pol\u00edticas o pr\u00e1cticas de privacidad. <\/p>\n\n\n\n<h2 class=\"wp-block-heading\">Cambios en la pol\u00edtica de privacidad<\/h2>\n\n\n\n<p>Nos comprometemos a informarte en caso de modificaci\u00f3n sustancial de esta Pol\u00edtica de Confidencialidad, y a no reducir sustancialmente el nivel de confidencialidad de tus datos sin informarte y obtener tu consentimiento.<\/p>\n\n\n\n<p>Podemos actualizar esta pol\u00edtica de vez en cuando publicando una nueva versi\u00f3n en nuestro sitio web. Nos comprometemos a informarte de cualquier cambio sustancial en esta Pol\u00edtica de Privacidad, y a no reducir sustancialmente el nivel de confidencialidad de tus datos sin informarte y obtener tu consentimiento. <\/p>\n\n\n\n<p>Debes consultar esta p\u00e1gina con regularidad para asegurarte de que conoces cualquier cambio en esta pol\u00edtica.<\/p>\n\n\n\n<h2 class=\"wp-block-heading\">Legislaci\u00f3n aplicable y procedimientos de recurso<\/h2>\n\n\n\n<p>Esta Pol\u00edtica de Privacidad y tu uso del Sitio se regir\u00e1n e interpretar\u00e1n de acuerdo con las leyes de Francia, y en particular la Ley n\u00ba 78-17 de 6 de enero de 1978 relativa al tratamiento de datos, a los ficheros de datos y a las libertades individuales. La elecci\u00f3n de la legislaci\u00f3n aplicable no afecta a tus derechos como consumidor en virtud de la legislaci\u00f3n aplicable en tu lugar de residencia. Si eres un consumidor, t\u00fa y nosotros acordamos someternos a la jurisdicci\u00f3n no exclusiva de los tribunales franceses, lo que significa que puedes iniciar una acci\u00f3n relacionada con esta Pol\u00edtica de Privacidad en Francia o en el pa\u00eds de la UE en el que residas. Si eres un profesional, cualquier acci\u00f3n contra nosotros deber\u00e1 interponerse ante un tribunal franc\u00e9s.   <\/p>\n\n\n\n<p>En caso de litigio, las partes buscar\u00e1n una soluci\u00f3n amistosa antes de emprender cualquier acci\u00f3n legal. Si estos intentos fracasan, cualquier litigio relativo a la validez, interpretaci\u00f3n y\/o ejecuci\u00f3n de la Pol\u00edtica de Confidencialidad deber\u00e1 presentarse ante los tribunales franceses, incluso en caso de pluralidad de demandados o de terceras partes. <\/p>\n<\/div>\n","protected":false},"excerpt":{"rendered":"<p>Pol\u00edtica de privacidad La privacidad de los visitantes de nuestro sitio web es muy importante para nosotros, y nos comprometemos a protegerla.Esta pol\u00edtica detalla lo que hacemos con tu informaci\u00f3n personal. Nuestro RPD es Louis Boulagnon, con quien puedes ponerte en contacto por correo electr\u00f3nico en bonjour@la-quincaillerie.fr. Definiciones Tipo de datos recogidos Al utilizar los [&hellip;]<\/p>\n","protected":false},"author":1,"featured_media":0,"parent":0,"menu_order":0,"comment_status":"closed","ping_status":"closed","template":"","meta":{"_acf_changed":false,"_seopress_robots_primary_cat":"","_seopress_titles_title":"","_seopress_titles_desc":"","_seopress_robots_index":"yes","footnotes":""},"class_list":["post-3252","page","type-page","status-publish","hentry"],"acf":[],"_links":{"self":[{"href":"https:\/\/www.ovive.fr\/es\/wp-json\/wp\/v2\/pages\/3252","targetHints":{"allow":["GET"]}}],"collection":[{"href":"https:\/\/www.ovive.fr\/es\/wp-json\/wp\/v2\/pages"}],"about":[{"href":"https:\/\/www.ovive.fr\/es\/wp-json\/wp\/v2\/types\/page"}],"author":[{"embeddable":true,"href":"https:\/\/www.ovive.fr\/es\/wp-json\/wp\/v2\/users\/1"}],"replies":[{"embeddable":true,"href":"https:\/\/www.ovive.fr\/es\/wp-json\/wp\/v2\/comments?post=3252"}],"version-history":[{"count":1,"href":"https:\/\/www.ovive.fr\/es\/wp-json\/wp\/v2\/pages\/3252\/revisions"}],"predecessor-version":[{"id":3254,"href":"https:\/\/www.ovive.fr\/es\/wp-json\/wp\/v2\/pages\/3252\/revisions\/3254"}],"wp:attachment":[{"href":"https:\/\/www.ovive.fr\/es\/wp-json\/wp\/v2\/media?parent=3252"}],"curies":[{"name":"wp","href":"https:\/\/api.w.org\/{rel}","templated":true}]}}