{"id":3265,"date":"2024-06-24T11:22:04","date_gmt":"2024-06-24T09:22:04","guid":{"rendered":"https:\/\/www.ovive.fr\/informacion-legal\/"},"modified":"2024-11-07T16:23:46","modified_gmt":"2024-11-07T15:23:46","slug":"informacion-legal","status":"publish","type":"page","link":"https:\/\/www.ovive.fr\/es\/informacion-legal\/","title":{"rendered":"Informaci\u00f3n legal"},"content":{"rendered":"\n<div style=\"height:100px\" aria-hidden=\"true\" class=\"wp-block-spacer\"><\/div>\n\n<div class=\"wp-block-group has-global-padding is-layout-constrained wp-container-core-group-is-layout-346627ba wp-block-group-is-layout-constrained\">\n<h1 class=\"wp-block-heading\">Informaci\u00f3n legal<\/h1>\n\n\n<div class=\"wp-block-wpseopress-breadcrumbs\"><nav  aria-label=\"migas de pan\"><ol class=\"breadcrumb\"><li class=\"breadcrumb-item active\" aria-current=\"page\"><span>Inicio<\/span><\/li><\/ol><\/nav><\/div>\n\n\n<p>Lee atentamente estas condiciones de uso antes de utilizar este sitio. Al conectarte a este sitio, aceptas, sin reservas, estas condiciones. <\/p>\n\n\n\n<div style=\"height:10px\" aria-hidden=\"true\" class=\"wp-block-spacer\"><\/div>\n\n\n\n<h2 class=\"wp-block-heading\">Responsables del sitio web<\/h2>\n\n\n\n<p>De conformidad con el art\u00edculo 6 de la Ley n\u00ba 2004-575 de 21 de junio de 2004 sobre la confianza en la econom\u00eda digital, los responsables de este sitio web https:\/\/www.ovive.fr\/ son :<\/p>\n\n\n\n<p><strong>Editor del sitio<\/strong><\/p>\n\n\n\n<p>OVIVE, cuyo n\u00famero SIREN es 423999085, y cuyo domicilio social se encuentra en 10, rue Lorival en SECLIN.<\/p>\n\n\n\n<ul class=\"wp-block-list\">\n<li><a href=\"%2042%%2005%tel:01 2061 2056\">01 42 61 05 56<\/a><\/li>\n\n\n\n<li><a href=\"https:\/\/ovive.fr\">https:\/\/ovive.fr<\/a><\/li>\n<\/ul>\n\n\n\n<p>Directora editorial: Marie Bierent<\/p>\n\n\n\n<div style=\"height:10px\" aria-hidden=\"true\" class=\"wp-block-spacer\"><\/div>\n\n\n\n<h2 class=\"wp-block-heading\"><strong>Alojamiento<\/strong><\/h2>\n\n\n\n<p><strong>La Quincaillerie<\/strong>, cuyo n\u00famero SIREN es 842 805 160, y cuyo domicilio social est\u00e1 en 27 carri\u00e8re Truffaut, 59493 Villeneuve-d&#8217;Ascq.<\/p>\n\n\n\n<ul class=\"wp-block-list\">\n<li><a href=\"tel:0972628305\">09 72 62 83 05<\/a><\/li>\n\n\n\n<li><a href=\"mailto:bonjour@la-quincaillerie.fr\">bonjour@la-quincaillerie.fr<\/a><\/li>\n\n\n\n<li><a href=\"https:\/\/la-quincaillerie.fr\/\">https:\/\/la-quincaillerie.fr\/<\/a><\/li>\n<\/ul>\n\n\n\n<div style=\"height:10px\" aria-hidden=\"true\" class=\"wp-block-spacer\"><\/div>\n\n\n\n<h2 class=\"wp-block-heading\"><strong>Dise\u00f1o web<\/strong><\/h2>\n\n\n\n<p><strong>La Quincaillerie<\/strong>, cuyo n\u00famero SIREN es 842 805 160, y cuyo domicilio social est\u00e1 en 27 carri\u00e8re truffaut, 59493 Villeneuve-d&#8217;Ascq.<\/p>\n\n\n\n<ul class=\"wp-block-list\">\n<li><a href=\"tel:0972628305\">09 72 62 83 05<\/a><\/li>\n\n\n\n<li><a href=\"mailto:bonjour@la-quincaillerie.fr\">bonjour@la-quincaillerie.fr<\/a><\/li>\n\n\n\n<li><a href=\"https:\/\/la-quincaillerie.fr\/\">https:\/\/la-quincaillerie.fr\/<\/a><\/li>\n<\/ul>\n\n\n\n<div style=\"height:10px\" aria-hidden=\"true\" class=\"wp-block-spacer\"><\/div>\n\n\n\n<h2 class=\"wp-block-heading\">Condiciones de uso<\/h2>\n\n\n\n<h3 class=\"wp-block-heading\"><strong>Facilidad de uso<\/strong><\/h3>\n\n\n\n<p><br\/>Este sitio est\u00e1 disponible en varios lenguajes web (HTML, HTML5, Javascript, CSS, etc.) para una mayor facilidad de uso y unos gr\u00e1ficos m\u00e1s atractivos. Te recomendamos que utilices navegadores modernos como Safari, Firefox, Google Chrome, etc.<\/p>\n\n\n\n<h3 class=\"wp-block-heading\"><strong>Fiabilidad de la informaci\u00f3n y responsabilidad<\/strong><\/h3>\n\n\n\n<p>El Editor hace todo lo posible por proporcionar informaci\u00f3n fiable y actualizar sus sitios web de forma fiable.<\/p>\n\n\n\n<p>Sin embargo, pueden producirse errores u omisiones. Por ello, los internautas deben comprobar con el Editor que la informaci\u00f3n es correcta, y notificar cualquier cambio que consideren \u00fatil. El Editor, el Anfitri\u00f3n y el Dise\u00f1ador del Sitio no son en modo alguno responsables del uso que se haga de esta informaci\u00f3n, ni de los perjuicios directos o indirectos que puedan derivarse.  <\/p>\n\n\n\n<p>Cualquier contenido descargado se hace por cuenta y riesgo del usuario y bajo su exclusiva responsabilidad. En consecuencia, no se aceptar\u00e1 ninguna responsabilidad por cualquier da\u00f1o al ordenador del usuario o p\u00e9rdida de datos resultante de la descarga. <\/p>\n\n\n\n<h3 class=\"wp-block-heading\"><strong>Enlaces de hipertexto<\/strong><\/h3>\n\n\n\n<p>Los sitios web de pueden ofrecer enlaces a otros sitios web u otros recursos disponibles en Internet. El Editor no tiene ning\u00fan medio de controlar los sitios conectados a sus sitios web. <\/p>\n\n\n\n<p>La Editorial no se responsabiliza de la disponibilidad de dichos sitios y fuentes externas, ni la garantiza. No se hace responsable de ning\u00fan da\u00f1o derivado del contenido de estos sitios o fuentes externas y, en particular, de la informaci\u00f3n, productos o servicios que ofrecen, ni del uso que pueda hacerse de estos elementos. Los riesgos asociados a esta utilizaci\u00f3n incumben plenamente al internauta, que debe respetar sus condiciones de uso.  <\/p>\n\n\n\n<p>Los usuarios, suscriptores y visitantes de los sitios web no pueden establecer un hiperv\u00ednculo a este sitio sin la autorizaci\u00f3n previa y expresa del Editor.<\/p>\n\n\n\n<p>Si un usuario o visitante desea establecer un hiperv\u00ednculo a uno de los sitios web de L&#8217;\u00c9diteur, debe enviar un correo electr\u00f3nico al sitio para solicitar que se establezca un hiperv\u00ednculo.<\/p>\n\n\n\n<p>El Editor se reserva el derecho de aceptar o rechazar un hiperenlace sin tener que justificar su decisi\u00f3n.<\/p>\n\n\n\n<h3 class=\"wp-block-heading\"><strong>Servicios prestados<\/strong><\/h3>\n\n\n\n<p>Todas las actividades e informaci\u00f3n de la empresa se presentan en nuestro sitio web.<\/p>\n\n\n\n<p>El Editor se esfuerza por ofrecer en el sitio una informaci\u00f3n lo m\u00e1s exacta posible. La informaci\u00f3n del sitio no es exhaustiva y las fotos no son contractuales. <\/p>\n\n\n\n<p>Se facilitan sin perjuicio de los cambios que puedan haberse producido desde su puesta en l\u00ednea. Adem\u00e1s, toda la informaci\u00f3n contenida en el sitio se facilita a t\u00edtulo meramente orientativo y est\u00e1 sujeta a cambios o evoluciones sin previo aviso. <\/p>\n\n\n\n<h3 class=\"wp-block-heading\"><strong>Propiedad intelectual<\/strong><\/h3>\n\n\n\n<p>Todos los contenidos de este sitio, incluidos, entre otros, gr\u00e1ficos, im\u00e1genes, textos, v\u00eddeos, animaciones, sonidos, logotipos, gifs e iconos, as\u00ed como su disposici\u00f3n, son propiedad exclusiva de la empresa, a excepci\u00f3n de las marcas, logotipos o contenidos pertenecientes a otros socios o autores.<\/p>\n\n\n\n<p>Cualquier reproducci\u00f3n, distribuci\u00f3n, modificaci\u00f3n, adaptaci\u00f3n, retransmisi\u00f3n o publicaci\u00f3n, incluso parcial, de estos distintos elementos est\u00e1 estrictamente prohibida sin el consentimiento expreso y por escrito del Editor. Dicha representaci\u00f3n o reproducci\u00f3n, por cualquier medio, constituye una infracci\u00f3n sancionada por los art\u00edculos L.335-2 y siguientes del C\u00f3digo franc\u00e9s de la Propiedad Intelectual. El incumplimiento de esta prohibici\u00f3n constituye una infracci\u00f3n que puede dar lugar a responsabilidad civil y penal por parte del infractor. Adem\u00e1s, los propietarios del Contenido copiado pueden emprender acciones legales contra ti.   <\/p>\n\n\n\n<h3 class=\"wp-block-heading\"><strong>Datos personales<\/strong><\/h3>\n\n\n\n<p>En general, no est\u00e1s obligado a facilitarnos tus datos personales cuando visitas nuestro sitio web.<\/p>\n\n\n\n<p>Sin embargo, existen ciertas excepciones a este principio. Para determinados servicios ofrecidos por nuestro sitio, se te puede pedir que nos facilites ciertos datos como: tu nombre, tu cargo, el nombre de tu empresa, tu direcci\u00f3n de correo electr\u00f3nico y tu n\u00famero de tel\u00e9fono. Este es el caso cuando rellenas el formulario que figura en determinadas p\u00e1ginas del sitio.  <\/p>\n\n\n\n<p>En todos los casos, puedes negarte a facilitar tus datos personales no cumplimentando el formulario. En este caso, no podr\u00e1s utilizar los servicios del sitio, en particular para solicitar informaci\u00f3n sobre nuestra empresa o recibir boletines informativos, por ejemplo. <\/p>\n\n\n\n<p>Por \u00faltimo, podemos recoger autom\u00e1ticamente cierta informaci\u00f3n sobre ti cuando simplemente navegas por nuestro sitio web, en particular: informaci\u00f3n sobre el uso de nuestro sitio, como las \u00e1reas que visitas y los servicios a los que accedes, tu direcci\u00f3n IP, el tipo de navegador que utilizas y tus horas de acceso.<\/p>\n\n\n\n<p>Dicha informaci\u00f3n se utiliza exclusivamente con fines estad\u00edsticos internos, para mejorar la calidad de los servicios que se te ofrecen. Las bases de datos est\u00e1n protegidas por las disposiciones de la ley de 1 de julio de 1998 que transpone la directiva 96\/9 de 11 de marzo de 1996 sobre la protecci\u00f3n jur\u00eddica de las bases de datos. <\/p>\n\n\n\n<p>Te invitamos a leer nuestra pol\u00edtica de privacidad, que <a href=\"https:\/\/www.ovive.fr\/es\/politica-de-privacidad\/\">est\u00e1 disponible aqu\u00ed<\/a>.<\/p>\n\n\n\n<h3 class=\"wp-block-heading\"><strong>Litigios<\/strong><\/h3>\n\n\n\n<p>Las presentes condiciones del sitio se rigen por la legislaci\u00f3n francesa y cualquier litigio o controversia que pueda derivarse de su interpretaci\u00f3n o ejecuci\u00f3n se someter\u00e1 a la jurisdicci\u00f3n exclusiva de los tribunales competentes en el domicilio social de la empresa. La lengua de referencia para la resoluci\u00f3n de cualquier litigio ser\u00e1 el franc\u00e9s. <\/p>\n<\/div>\n","protected":false},"excerpt":{"rendered":"<p>Informaci\u00f3n legal Lee atentamente estas condiciones de uso antes de utilizar este sitio. Al conectarte a este sitio, aceptas, sin reservas, estas condiciones. Responsables del sitio web De conformidad con el art\u00edculo 6 de la Ley n\u00ba 2004-575 de 21 de junio de 2004 sobre la confianza en la econom\u00eda digital, los responsables de este [&hellip;]<\/p>\n","protected":false},"author":1,"featured_media":0,"parent":0,"menu_order":0,"comment_status":"closed","ping_status":"closed","template":"","meta":{"_acf_changed":false,"_seopress_robots_primary_cat":"","_seopress_titles_title":"","_seopress_titles_desc":"","_seopress_robots_index":"yes","footnotes":""},"class_list":["post-3265","page","type-page","status-publish","hentry"],"acf":[],"_links":{"self":[{"href":"https:\/\/www.ovive.fr\/es\/wp-json\/wp\/v2\/pages\/3265","targetHints":{"allow":["GET"]}}],"collection":[{"href":"https:\/\/www.ovive.fr\/es\/wp-json\/wp\/v2\/pages"}],"about":[{"href":"https:\/\/www.ovive.fr\/es\/wp-json\/wp\/v2\/types\/page"}],"author":[{"embeddable":true,"href":"https:\/\/www.ovive.fr\/es\/wp-json\/wp\/v2\/users\/1"}],"replies":[{"embeddable":true,"href":"https:\/\/www.ovive.fr\/es\/wp-json\/wp\/v2\/comments?post=3265"}],"version-history":[{"count":1,"href":"https:\/\/www.ovive.fr\/es\/wp-json\/wp\/v2\/pages\/3265\/revisions"}],"predecessor-version":[{"id":3266,"href":"https:\/\/www.ovive.fr\/es\/wp-json\/wp\/v2\/pages\/3265\/revisions\/3266"}],"wp:attachment":[{"href":"https:\/\/www.ovive.fr\/es\/wp-json\/wp\/v2\/media?parent=3265"}],"curies":[{"name":"wp","href":"https:\/\/api.w.org\/{rel}","templated":true}]}}